{"id":1128,"date":"2020-04-16T10:09:47","date_gmt":"2020-04-16T07:09:47","guid":{"rendered":"https:\/\/ecomengrad.eu\/ee\/?page_id=1128"},"modified":"2020-05-08T10:10:49","modified_gmt":"2020-05-08T07:10:49","slug":"tegevusluba","status":"publish","type":"page","link":"https:\/\/ecomengrad.eu\/ee\/tegevusluba\/","title":{"rendered":"Tegevusluba"},"content":{"rendered":"\n<p>Loakohustusega t\u00e4ienduskoolituse l\u00e4biviimiseks antud tegevusloa andmed<\/p>\n\n\n\n<p>Haridus- ja Teadusministeeriumi kantsleri k\u00e4skkiri 27.09.2019 nr  1.1-3\/19\/229  \u201eTegevuslubade andmine tasemeeksamiks ettevalmistamisele suunatud eesti keele t\u00e4ienduskoolituse l\u00e4biviimiseks&#8221; alusel tegevusluba keeleoskustasemetel A2, B1  tasemeeksamiks ettevalmistamisele suunatud eesti keele t\u00e4ienduskoolituse l\u00e4biviimiseks<\/p>\n\n\n\n<p> Haridus- ja Teadusministeeriumi kantsleri k\u00e4skkiri 05.05.2020  nr 1.1-3\/20\/111  \u201eTegevuslubade andmine tasemeeksamiks ettevalmistamisele suunatud eesti keele t\u00e4ienduskoolituse l\u00e4biviimiseks&#8221; alusel tegevusluba keeleoskustasemetel  B2  tasemeeksamiks ettevalmistamisele suunatud eesti keele t\u00e4ienduskoolituse l\u00e4biviimiseks   <\/p>\n","protected":false},"excerpt":{"rendered":"<p>Loakohustusega t\u00e4ienduskoolituse l\u00e4biviimiseks antud tegevusloa andmed Haridus- ja Teadusministeeriumi kantsleri k\u00e4skkiri 27.09.2019 nr 1.1-3\/19\/229 \u201eTegevuslubade andmine tasemeeksamiks ettevalmistamisele suunatud eesti keele t\u00e4ienduskoolituse l\u00e4biviimiseks&#8221; alusel tegevusluba keeleoskustasemetel A2, B1 tasemeeksamiks ettevalmistamisele suunatud eesti keele t\u00e4ienduskoolituse l\u00e4biviimiseks Haridus- ja Teadusministeeriumi kantsleri k\u00e4skkiri 05.05.2020 nr 1.1-3\/20\/111 \u201eTegevuslubade andmine tasemeeksamiks ettevalmistamisele suunatud eesti keele t\u00e4ienduskoolituse l\u00e4biviimiseks&#8221; alusel tegevusluba keeleoskustasemetel B2 tasemeeksamiks ettevalmistamisele [&hellip;]<\/p>\n","protected":false},"author":1,"featured_media":0,"parent":0,"menu_order":0,"comment_status":"closed","ping_status":"closed","template":"","meta":{"footnotes":""},"class_list":["post-1128","page","type-page","status-publish","hentry"],"_links":{"self":[{"href":"https:\/\/ecomengrad.eu\/ee\/wp-json\/wp\/v2\/pages\/1128","targetHints":{"allow":["GET"]}}],"collection":[{"href":"https:\/\/ecomengrad.eu\/ee\/wp-json\/wp\/v2\/pages"}],"about":[{"href":"https:\/\/ecomengrad.eu\/ee\/wp-json\/wp\/v2\/types\/page"}],"author":[{"embeddable":true,"href":"https:\/\/ecomengrad.eu\/ee\/wp-json\/wp\/v2\/users\/1"}],"replies":[{"embeddable":true,"href":"https:\/\/ecomengrad.eu\/ee\/wp-json\/wp\/v2\/comments?post=1128"}],"version-history":[{"count":6,"href":"https:\/\/ecomengrad.eu\/ee\/wp-json\/wp\/v2\/pages\/1128\/revisions"}],"predecessor-version":[{"id":1287,"href":"https:\/\/ecomengrad.eu\/ee\/wp-json\/wp\/v2\/pages\/1128\/revisions\/1287"}],"wp:attachment":[{"href":"https:\/\/ecomengrad.eu\/ee\/wp-json\/wp\/v2\/media?parent=1128"}],"curies":[{"name":"wp","href":"https:\/\/api.w.org\/{rel}","templated":true}]}}