{"id":1260,"date":"2020-05-06T12:24:54","date_gmt":"2020-05-06T09:24:54","guid":{"rendered":"https:\/\/ecomengrad.eu\/ee\/?page_id=1260"},"modified":"2020-05-11T12:14:50","modified_gmt":"2020-05-11T09:14:50","slug":"eesti-keele-b2-taseme-tasemeeksamiks-ettevalmistamisele-suunatud-taienduskoolitus-skype-individuaalope","status":"publish","type":"page","link":"https:\/\/ecomengrad.eu\/ee\/eesti-keele-b2-taseme-tasemeeksamiks-ettevalmistamisele-suunatud-taienduskoolitus-skype-individuaalope\/","title":{"rendered":"Eesti keele B2-taseme tasemeeksamiks ettevalmistamisele suunatud t\u00e4ienduskoolitus (skype individuaal\u00f5pe)"},"content":{"rendered":"\n<p>\u00dcldteemad:<\/p>\n\n\n\n<ul class=\"wp-block-list\"><li>Endast ja teistest r\u00e4\u00e4kimine<\/li><li>Haridus <\/li><li>Elukutse, amet ja t\u00f6\u00f6<\/li><li>Igap\u00e4evaelu, kodu ja kodukoht<\/li><li>Enesetunne ja tervis <\/li><li>Vaba aeg  ja meelelahutus<\/li><li>Sisseostud, hinnad<\/li><li>S\u00f6\u00f6k ja jook  <\/li><\/ul>\n\n\n\n<p><a href=\"https:\/\/ecomengrad.eu\/ee\/eesti-keele-b2-taseme-tasemeeksamiks-ettevalmistamisele-suunatud-taienduskoolitus\/\">\u00d5ppekava B2 on siin<\/a><\/p>\n\n\n\n<p><strong>Kursuse t\u00f6\u00f6maht:\u00a0<\/strong>80\u00a0ak.tundi (aud. t\u00f6\u00f6-45 ak.t. ja is. t\u00f6\u00f6 \u2013 35 ak.t.)<\/p>\n\n\n\n<p><strong>\u00d5petaja<\/strong>: Sirle Kupts<\/p>\n\n\n\n<p><strong>skype individuaal\u00f5pe<\/strong>&nbsp;33 EUR\/ ak. t (km-ga)<\/p>\n\n\n\n<p>Eesti keel B2 toimub reaalajas. Koolitusel osalemiseks on vajalik arvuti v\u00f5i nutitelefon ja korralik Interneti\u00fchendus.<\/p>\n\n\n\n<p>Auditoorsetes tundides kohtuvad \u00f5petaja ja \u00f5ppijad virtuaalses klassis, kus suheldakse \u00f5petaja juhendamisel ja omavahel, kuulatakse tekste, loetakse, vaadatakse videoid nagu ikka keeletundides. Videosuhtluseks kasutatakse keskkondi Skype, Zoom.<\/p>\n","protected":false},"excerpt":{"rendered":"<p>\u00dcldteemad: Endast ja teistest r\u00e4\u00e4kimine Haridus Elukutse, amet ja t\u00f6\u00f6 Igap\u00e4evaelu, kodu ja kodukoht Enesetunne ja tervis Vaba aeg ja meelelahutus Sisseostud, hinnad S\u00f6\u00f6k ja jook \u00d5ppekava B2 on siin Kursuse t\u00f6\u00f6maht:\u00a080\u00a0ak.tundi (aud. t\u00f6\u00f6-45 ak.t. ja is. t\u00f6\u00f6 \u2013 35 ak.t.) \u00d5petaja: Sirle Kupts skype individuaal\u00f5pe&nbsp;33 EUR\/ ak. t (km-ga) Eesti keel B2 toimub reaalajas. Koolitusel osalemiseks on [&hellip;]<\/p>\n","protected":false},"author":1,"featured_media":0,"parent":0,"menu_order":0,"comment_status":"closed","ping_status":"closed","template":"","meta":{"footnotes":""},"class_list":["post-1260","page","type-page","status-publish","hentry"],"_links":{"self":[{"href":"https:\/\/ecomengrad.eu\/ee\/wp-json\/wp\/v2\/pages\/1260","targetHints":{"allow":["GET"]}}],"collection":[{"href":"https:\/\/ecomengrad.eu\/ee\/wp-json\/wp\/v2\/pages"}],"about":[{"href":"https:\/\/ecomengrad.eu\/ee\/wp-json\/wp\/v2\/types\/page"}],"author":[{"embeddable":true,"href":"https:\/\/ecomengrad.eu\/ee\/wp-json\/wp\/v2\/users\/1"}],"replies":[{"embeddable":true,"href":"https:\/\/ecomengrad.eu\/ee\/wp-json\/wp\/v2\/comments?post=1260"}],"version-history":[{"count":11,"href":"https:\/\/ecomengrad.eu\/ee\/wp-json\/wp\/v2\/pages\/1260\/revisions"}],"predecessor-version":[{"id":1294,"href":"https:\/\/ecomengrad.eu\/ee\/wp-json\/wp\/v2\/pages\/1260\/revisions\/1294"}],"wp:attachment":[{"href":"https:\/\/ecomengrad.eu\/ee\/wp-json\/wp\/v2\/media?parent=1260"}],"curies":[{"name":"wp","href":"https:\/\/api.w.org\/{rel}","templated":true}]}}