{"id":1401,"date":"2020-06-03T23:30:30","date_gmt":"2020-06-03T20:30:30","guid":{"rendered":"https:\/\/ecomengrad.eu\/ee\/?page_id=1401"},"modified":"2020-06-04T00:04:12","modified_gmt":"2020-06-03T21:04:12","slug":"eesti-keele-a2-taseme-eksamiks-ettevalmistamisele-suunatud-taienduskoolitus-skype-individuaalope-4","status":"publish","type":"page","link":"https:\/\/ecomengrad.eu\/ee\/eesti-keele-a2-taseme-eksamiks-ettevalmistamisele-suunatud-taienduskoolitus-skype-individuaalope-4\/","title":{"rendered":"Eesti keele A2-taseme eksamiks ettevalmistamisele suunatud t\u00e4ienduskoolitus (skype individuaal\u00f5pe)"},"content":{"rendered":"\n<p>\u00dcldteemad:<\/p>\n\n\n\n<ul class=\"wp-block-list\"><li>Endast ja teistest r\u00e4\u00e4kimine<\/li><li>Haridus ja koolielu<\/li><li>Elukutse, amet ja t\u00f6\u00f6<\/li><li>Teenindus ja teenindusasutused<\/li><li>Igap\u00e4evaelu, kodu ja kodukoht<\/li><li>Enesetunne, tervis ja heaolu<\/li><li> Keskkond, kohad, loodus, ilm <\/li><li>Reisimine, transport, vaatamisv\u00e4\u00e4rsused<\/li><\/ul>\n\n\n\n<p><a href=\"https:\/\/ecomengrad.eu\/ee\/eesti-keele-a2-taseme-eksamiks-ettevalmistamisele-suunatud-taiendkoolitus-e-oppena\/\">\u00d5ppekava A2 on siin<\/a><\/p>\n\n\n\n<p><strong>Kursuse t\u00f6\u00f6maht:&nbsp;<\/strong>70&nbsp;ak.tundi (aud. t\u00f6\u00f6-50 ak.t. ja is. t\u00f6\u00f6 \u2013 20 ak.t.)<\/p>\n\n\n\n<p><strong>\u00d5petaja<\/strong>: Julia Krjatalova<\/p>\n\n\n\n<p><strong>skype individuaal\u00f5pe<\/strong>&nbsp;33 EUR\/ ak. t (km-ga)<\/p>\n\n\n\n<p>Eesti keel A2 toimub reaalajas. Koolitusel osalemiseks on vajalik arvuti v\u00f5i nutitelefon ja korralik Interneti\u00fchendus.<\/p>\n\n\n\n<p>Auditoorsetes tundides kohtuvad \u00f5petaja ja \u00f5ppijad virtuaalses klassis, kus suheldakse \u00f5petaja juhendamisel ja omavahel, kuulatakse tekste, loetakse, vaadatakse videoid nagu ikka keeletundides. Videosuhtluseks kasutatakse keskkondi Skype, Zoom.<\/p>\n","protected":false},"excerpt":{"rendered":"<p>\u00dcldteemad: Endast ja teistest r\u00e4\u00e4kimine Haridus ja koolielu Elukutse, amet ja t\u00f6\u00f6 Teenindus ja teenindusasutused Igap\u00e4evaelu, kodu ja kodukoht Enesetunne, tervis ja heaolu Keskkond, kohad, loodus, ilm Reisimine, transport, vaatamisv\u00e4\u00e4rsused \u00d5ppekava A2 on siin Kursuse t\u00f6\u00f6maht:&nbsp;70&nbsp;ak.tundi (aud. t\u00f6\u00f6-50 ak.t. ja is. t\u00f6\u00f6 \u2013 20 ak.t.) \u00d5petaja: Julia Krjatalova skype individuaal\u00f5pe&nbsp;33 EUR\/ ak. t (km-ga) Eesti keel A2 toimub [&hellip;]<\/p>\n","protected":false},"author":1,"featured_media":0,"parent":0,"menu_order":0,"comment_status":"closed","ping_status":"closed","template":"","meta":{"footnotes":""},"class_list":["post-1401","page","type-page","status-publish","hentry"],"_links":{"self":[{"href":"https:\/\/ecomengrad.eu\/ee\/wp-json\/wp\/v2\/pages\/1401","targetHints":{"allow":["GET"]}}],"collection":[{"href":"https:\/\/ecomengrad.eu\/ee\/wp-json\/wp\/v2\/pages"}],"about":[{"href":"https:\/\/ecomengrad.eu\/ee\/wp-json\/wp\/v2\/types\/page"}],"author":[{"embeddable":true,"href":"https:\/\/ecomengrad.eu\/ee\/wp-json\/wp\/v2\/users\/1"}],"replies":[{"embeddable":true,"href":"https:\/\/ecomengrad.eu\/ee\/wp-json\/wp\/v2\/comments?post=1401"}],"version-history":[{"count":4,"href":"https:\/\/ecomengrad.eu\/ee\/wp-json\/wp\/v2\/pages\/1401\/revisions"}],"predecessor-version":[{"id":1411,"href":"https:\/\/ecomengrad.eu\/ee\/wp-json\/wp\/v2\/pages\/1401\/revisions\/1411"}],"wp:attachment":[{"href":"https:\/\/ecomengrad.eu\/ee\/wp-json\/wp\/v2\/media?parent=1401"}],"curies":[{"name":"wp","href":"https:\/\/api.w.org\/{rel}","templated":true}]}}