{"id":1628,"date":"2020-07-17T13:30:10","date_gmt":"2020-07-17T10:30:10","guid":{"rendered":"https:\/\/ecomengrad.eu\/?page_id=1628"},"modified":"2023-04-16T20:00:28","modified_gmt":"2023-04-16T17:00:28","slug":"arvutikursus-edasijoudnutele","status":"publish","type":"page","link":"https:\/\/ecomengrad.eu\/ee\/arvutikursus-edasijoudnutele\/","title":{"rendered":"Arvutikursus edasij\u00f5udnutele"},"content":{"rendered":"\n<p><strong>\u00d5ppekeskus:<\/strong> <\/p>\n\n\n\n<p>&nbsp;Ecomengrad O\u00dc<\/p>\n\n\n\n<p><strong>Koolituse nimetus:<\/strong><\/p>\n\n\n\n<p> Arvutikursus edasij\u00f5udnutele<\/p>\n\n\n\n<p><strong>\u00d5ppekeel<\/strong>:<\/p>\n\n\n\n<p> vene keel<\/p>\n\n\n\n<p><strong>\u00d5ppekavar\u00fchm:<\/strong> <\/p>\n\n\n\n<p>Arvutikasutus<\/p>\n\n\n\n<p><strong>\u00d5ppe kogumaht: <\/strong><\/p>\n\n\n\n<p>90 kontakttundi<\/p>\n\n\n\n<p><strong>Sihtgrupp ja \u00f5ppe alustamise tingimused:<\/strong><\/p>\n\n\n\n<p>Inimesed, kes on arvutiga juba tutvunud ja soovivad saada uusi teadmisi.<\/p>\n\n\n\n<p><strong>\u00d5piv\u00e4ljundid:<\/strong><\/p>\n\n\n\n<p>P\u00e4rast edasij\u00f5udnute kursuse l\u00e4bimist on kuulaja suuteline:<\/p>\n\n\n\n<p>Excel<\/p>\n\n\n\n<p>&#8211; kasutama elektrooniliste tabelite moodustamisel kogu sisseehitatud funktsioonide (matemaatiliste, statistiliste, loogiliste, tekstiliste) mahtu;<\/p>\n\n\n\n<p>&#8211; koostama andmemassiivide p\u00f5hjal professionaalseid graafikuid (diagramme ja histogramme);<\/p>\n\n\n\n<p>&#8211; looma ja kasutama lingitud andmetabeleid;<\/p>\n\n\n\n<p>&#8211; kasutama Exceli funktsionaalsust suurte massiivide andmete (logistika, statistika) anal\u00fc\u00fcsiks.<\/p>\n\n\n\n<p>Word<\/p>\n\n\n\n<p>&#8211; vormindama kvaliteetselt v\u00e4ljastatavat dokumenti, kasutades loendeid, numeratsiooni, linke ja pealkirja koostamist;<\/p>\n\n\n\n<p>&#8211; kasutama tekstis tabeleid, sealhulgas Exceli abiga loodud, graafikuid ja graafilisi objekte;<\/p>\n\n\n\n<p>&#8211; rakendama dokumendis interneti-otsingumootorit ja paigutama leitud tulemusele fragmente v\u00f5i linke;<\/p>\n\n\n\n<p>&#8211; v\u00f5imaldama \u00fcldise juurdep\u00e4\u00e4su oma dokumendile;<\/p>\n\n\n\n<p>&#8211; vabalt kasutama standardseid v\u00f5i v\u00f5rgus leitud ja Wordiga \u00fchendatud malle.<\/p>\n\n\n\n<p><strong>\u00d5ppe sisu:<\/strong><\/p>\n\n\n\n<p><br><strong>Exceli sisseehitatud funktsioonide kasutamine<\/strong><\/p>\n\n\n\n<ul class=\"wp-block-list\"><li>Eri t\u00fc\u00fcpi lingid<\/li><li>Lehtede ja t\u00f6\u00f6vihikute linkimine<\/li><li>Eri t\u00fc\u00fcpi sisseehitatud funktsioonide kasutamine<\/li><\/ul>\n\n\n\n<p><strong>Tingimusvorming<\/strong><\/p>\n\n\n\n<ul class=\"wp-block-list\"><li>Sisseehitatud reeglite kasutamine: histogramm, v\u00e4rviskaalad, ikoonikomplektid<\/li><li>Vormindusreeglite loomine valemite abil<\/li><\/ul>\n\n\n\n<p><strong>Meeskonnat\u00f6\u00f6 erip\u00e4rad<\/strong><\/p>\n\n\n\n<ul class=\"wp-block-list\"><li>Exceli lahtrite, lehtede ja t\u00f6\u00f6vihikute kaitse<\/li><li>Sisestatud v\u00e4\u00e4rtuste valideerimine<\/li><\/ul>\n\n\n\n<p><strong>T\u00f6\u00f6 suurte tabelimassiividega<\/strong><\/p>\n\n\n\n<ul class=\"wp-block-list\"><li>Tabelite loomine ja pidamine<\/li><li>Duplikaatide kustutamine<\/li><li>Andmete sorteerimine<\/li><li>Andmete filtreerimine<\/li><li>Vahetulemuste esitamine<\/li><li>Andmete konsolideerimine<\/li><\/ul>\n\n\n\n<p><strong>Andmete anal\u00fc\u00fcs liigendtabelite abil<\/strong><\/p>\n\n\n\n<ul class=\"wp-block-list\"><li>Liigendtabelite loomine<\/li><li>Liigendtabelite teisendamine<\/li><li>Andmete filtreerimine: filtrid, sektorid, ajaskaala<\/li><li>Liigendtabeli v\u00e4ljade seadmine<\/li><li>Arvutatud v\u00e4ljade lisamine liigendtabelisse<\/li><li>Liigendtabeli vormindamine<\/li><li>Liigendtabeli maketi vaikimisi seadmine<\/li><li>V\u00e4ljade grupeerimine liigendtabelites<\/li><li>Liigenddiagrammid, diagrammide detailiseerimine<\/li><li>Liigendtabelite ja -diagrammide v\u00e4rskendamine<\/li><\/ul>\n\n\n\n<p><strong>Dokumentide vormindamise p\u00f5himeetodid&nbsp;<\/strong><\/p>\n\n\n\n<ul class=\"wp-block-list\"><li>Fontide ja l\u00f5ikude vormindamine eri allikatest kogutud dokumentide \u00fchtse vormingu loomiseks<\/li><li>Fondi- ja l\u00f5iguparameetrid<\/li><li>Vormindusviisid<\/li><li>Loendid: nummerdatud, t\u00e4histatud, mitmetasandilised<\/li><li>Teksti joondus l\u00f5igus horisontaalselt vahelehtede abil<\/li><li>Teksti vormistamine veergudesse<\/li><\/ul>\n\n\n\n<p><strong>T\u00f6\u00f6 tabelitega ja graafiliste objektidega&nbsp;<\/strong><\/p>\n\n\n\n<ul class=\"wp-block-list\"><li>T\u00f6\u00f6 tabelitega<\/li><li>Diagrammide konstrueerimine andmete v\u00f5rdlemiseks<\/li><li>Exceli diagrammide ja tabelite sisestamine Wordi dokumenti lingi s\u00e4ilitamisega Exceli andmetega v\u00f5i ilma<\/li><li>Graafiliste skeemide SmartArt loomine<\/li><li>Matemaatiliste valemite lisamine<\/li><\/ul>\n\n\n\n<p><strong>T\u00f6\u00f6 suurte dokumentidega&nbsp;<\/strong><\/p>\n\n\n\n<ul class=\"wp-block-list\"><li>Dokumendi stiilipaigutuse loomine kiirstiilide abil<\/li><li>Toimingud stiilidega<\/li><li>Tabelitele nimetuste, illustratsioonide, skeemide jm sisestamine<\/li><li>All-\/l\u00f5pum\u00e4rkuste ja ristlinkide loomine dokumendi elementidele<\/li><li>Loendite koostamine: tabelid, illustratsioonid, skeemid, kirjandus<\/li><li>Pealkirja sisestamine<\/li><li>Tiitellehe lisamine<\/li><li>T\u00f6\u00f6 dokumendi jaotistega<\/li><li>Kiirplokkide kasutamine eri andmete sisestamiseks:<\/li><\/ul>\n\n\n\n<p><strong>Postitusloendid. Meeskonnat\u00f6\u00f6 dokumendiga. Elektroonilised vormid. Mallid&nbsp;<\/strong><\/p>\n\n\n\n<ul class=\"wp-block-list\"><li>\u00dchendamine (postitusloendid)<ul><li>\u00dchendamisdokumentide loomine: kirjad, \u00fcmbrikud, e-posti s\u00f5numid, sildid.<\/li><\/ul><ul><li>Wordi reeglite ja v\u00e4ljade kasutamine \u00fchendamisdokumentides<\/li><\/ul><\/li><li>Dokumendi l\u00e4bivaatamine redaktsioonire\u017eiimis<\/li><li>Vormid<\/li><li>Redigeerimis- ja vormindamisv\u00f5imaluste piiramine<\/li><li>Dokumentide mallid<\/li><\/ul>\n\n\n\n<p><strong>\u00d5ppemeetodid:<\/strong><\/p>\n\n\n\n<p>Loeng, praktilised harjutused, iseseisev t\u00f6\u00f6<\/p>\n\n\n\n<p><strong>\u00d5ppekeskkond:<\/strong><\/p>\n\n\n\n<p>Kursused viiakse l\u00e4bi aadressil Mere pst 3 Sillam\u00e4e.<\/p>\n\n\n\n<p>\u00d5ppet\u00f6\u00f6s kasutatakse kaasaegset klassi, mis on varustatud 10 arvutiga. Koolitusruum vastab t\u00f6\u00f6tervishoiu ja t\u00f6\u00f6ohutuse seaduses s\u00e4testatud t\u00f6\u00f6tervishoiu ja -ohutuse n\u00f5uetele.<\/p>\n\n\n\n<p><strong>\u00d5ppematerjalide loend:<\/strong><\/p>\n\n\n\n<p>Koolitaja poolt koostatud \u00f5ppematerjalid<strong><\/strong><\/p>\n\n\n\n<p><strong>N\u00f5uded \u00f5pingute l\u00f5petamiseks, sh hindamismeetodid ja hindamiskriteeriumid<\/strong>:<\/p>\n\n\n\n<p>V\u00e4hemalt 80% \u00f5ppekava l\u00e4bimine ja arvestusliku t\u00f6\u00f6 sooritamine.<strong><\/strong><\/p>\n\n\n\n<p><strong>Kursuse l\u00e4bimisel v\u00e4ljastatav dokument<\/strong>:<\/p>\n\n\n\n<p>\u00d5ppijale v\u00e4ljastatakse \u00f5ppe l\u00f5petamise n\u00f5uete t\u00e4itmisel tunnistus.<\/p>\n\n\n\n<p>T\u00f5end, kui \u00f5pitulemusi ei saavutatud, kuid \u00f5ppija v\u00f5ttis osa \u00f5ppet\u00f6\u00f6st. T\u00f5end v\u00e4ljastatakse vastavalt osaletud kontakttundide arvule.<\/p>\n\n\n\n<p><strong>Koolitaja kompetentsust tagava kvalifikatsiooni v\u00f5i \u00f5pi- v\u00f5i t\u00f6\u00f6kogemuse kirjeldus<\/strong>:<\/p>\n\n\n\n<p><strong><strong>Sajan Aldzanov<\/strong> \u2013<\/strong>K\u00f5rgharidus (Tomski pol\u00fctehniline Instituut, eriala: automaatika ja elektroonika), on olemas t\u00e4iskasvanute koolitamise kogemus.<\/p>\n\n\n\n<p>grupp 4-8 inimest \u2013 18 euro (ak.t), 2-3 inimest- 23 euro (ak.t)<\/p>\n","protected":false},"excerpt":{"rendered":"<p>\u00d5ppekeskus: &nbsp;Ecomengrad O\u00dc Koolituse nimetus: Arvutikursus edasij\u00f5udnutele \u00d5ppekeel: vene keel \u00d5ppekavar\u00fchm: Arvutikasutus \u00d5ppe kogumaht: 90 kontakttundi Sihtgrupp ja \u00f5ppe alustamise tingimused: Inimesed, kes on arvutiga juba tutvunud ja soovivad saada uusi teadmisi. \u00d5piv\u00e4ljundid: P\u00e4rast edasij\u00f5udnute kursuse l\u00e4bimist on kuulaja suuteline: Excel &#8211; kasutama elektrooniliste tabelite moodustamisel kogu sisseehitatud funktsioonide (matemaatiliste, statistiliste, loogiliste, tekstiliste) mahtu; &#8211; koostama andmemassiivide p\u00f5hjal [&hellip;]<\/p>\n","protected":false},"author":1,"featured_media":0,"parent":0,"menu_order":0,"comment_status":"closed","ping_status":"closed","template":"","meta":{"footnotes":""},"class_list":["post-1628","page","type-page","status-publish","hentry"],"_links":{"self":[{"href":"https:\/\/ecomengrad.eu\/ee\/wp-json\/wp\/v2\/pages\/1628","targetHints":{"allow":["GET"]}}],"collection":[{"href":"https:\/\/ecomengrad.eu\/ee\/wp-json\/wp\/v2\/pages"}],"about":[{"href":"https:\/\/ecomengrad.eu\/ee\/wp-json\/wp\/v2\/types\/page"}],"author":[{"embeddable":true,"href":"https:\/\/ecomengrad.eu\/ee\/wp-json\/wp\/v2\/users\/1"}],"replies":[{"embeddable":true,"href":"https:\/\/ecomengrad.eu\/ee\/wp-json\/wp\/v2\/comments?post=1628"}],"version-history":[{"count":24,"href":"https:\/\/ecomengrad.eu\/ee\/wp-json\/wp\/v2\/pages\/1628\/revisions"}],"predecessor-version":[{"id":4091,"href":"https:\/\/ecomengrad.eu\/ee\/wp-json\/wp\/v2\/pages\/1628\/revisions\/4091"}],"wp:attachment":[{"href":"https:\/\/ecomengrad.eu\/ee\/wp-json\/wp\/v2\/media?parent=1628"}],"curies":[{"name":"wp","href":"https:\/\/api.w.org\/{rel}","templated":true}]}}