{"id":1643,"date":"2020-07-27T10:58:53","date_gmt":"2020-07-27T07:58:53","guid":{"rendered":"https:\/\/ecomengrad.eu\/ee\/?page_id=1643"},"modified":"2023-04-16T19:58:23","modified_gmt":"2023-04-16T16:58:23","slug":"chernovik","status":"publish","type":"page","link":"https:\/\/ecomengrad.eu\/ee\/chernovik\/","title":{"rendered":"Eesti keel algajatele (A1), skype individuaal\u00f5pe"},"content":{"rendered":"\n<p><strong>\u00dcldteemad<\/strong>:<br>\u2022 Endast r\u00e4\u00e4kimine (nimi, aadress, telefon, s\u00fcnnikoht ja -aeg, rahvus, vanus)<br>\u2022 V\u00e4limus ja iseloom (enda ja teise inimese v\u00e4limuse kirjeldus, iseloomujooned)<br>\u2022 Kodu (korteri ruumid, sisustus, majapidamist\u00f6\u00f6d)<br>\u2022 Igap\u00e4evaelu (igap\u00e4evased toimingud, kellaaeg)<br>\u2022 Perekond (pereliikmed, sugulased)<br>\u2022 Elukutse, amet ja t\u00f6\u00f6koht (t\u00f6\u00f6koha kirjeldus, t\u00f6\u00f6\u00fclesanded, t\u00f6\u00f6p\u00e4ev)<br>\u2022 Vaba aeg, harrastused ja meelelahutus (huvid, vaba aja veetmine)<br>\u2022 S\u00f6\u00f6k ja jook (igap\u00e4evased toitumisharjumused, s\u00f6\u00f6gi- ja joogikohtade asukoht, s\u00f6\u00f6gi ja joogi tellimine)<br>\u2022 Teenindus (teenindusasutuse asukoht, teenindusasutustes olevad sildid\/kuulutused)<br><\/p>\n\n\n\n<p>\u00d5ppekava A1 on<a href=\"https:\/\/ecomengrad.eu\/ee\/a1-taseme-eesti-keele-taiendkoolitus\/\"> siin <\/a><\/p>\n\n\n\n<p><strong>Kursuse t\u00f6\u00f6maht:&nbsp;<\/strong>95&nbsp;ak.tundi  (73 ak.t. on auditoorne t\u00f6\u00f6+22 ak.t. on iseseisev t\u00f6\u00f6.<\/p>\n\n\n\n<p><strong>\u00d5petaja<\/strong>: Sirle Kupts<\/p>\n\n\n\n<p>Koolituse periood: 30.07.2020 \u2014 30.10.2020<\/p>\n\n\n\n<p><strong>indiduaal\u00f5pe&nbsp;<\/strong>33 EUR\/ ak. t (km-ga)<\/p>\n","protected":false},"excerpt":{"rendered":"<p>\u00dcldteemad:\u2022 Endast r\u00e4\u00e4kimine (nimi, aadress, telefon, s\u00fcnnikoht ja -aeg, rahvus, vanus)\u2022 V\u00e4limus ja iseloom (enda ja teise inimese v\u00e4limuse kirjeldus, iseloomujooned)\u2022 Kodu (korteri ruumid, sisustus, majapidamist\u00f6\u00f6d)\u2022 Igap\u00e4evaelu (igap\u00e4evased toimingud, kellaaeg)\u2022 Perekond (pereliikmed, sugulased)\u2022 Elukutse, amet ja t\u00f6\u00f6koht (t\u00f6\u00f6koha kirjeldus, t\u00f6\u00f6\u00fclesanded, t\u00f6\u00f6p\u00e4ev)\u2022 Vaba aeg, harrastused ja meelelahutus (huvid, vaba aja veetmine)\u2022 S\u00f6\u00f6k ja jook (igap\u00e4evased toitumisharjumused, s\u00f6\u00f6gi- ja joogikohtade [&hellip;]<\/p>\n","protected":false},"author":1,"featured_media":0,"parent":0,"menu_order":0,"comment_status":"closed","ping_status":"closed","template":"","meta":{"footnotes":""},"class_list":["post-1643","page","type-page","status-publish","hentry"],"_links":{"self":[{"href":"https:\/\/ecomengrad.eu\/ee\/wp-json\/wp\/v2\/pages\/1643","targetHints":{"allow":["GET"]}}],"collection":[{"href":"https:\/\/ecomengrad.eu\/ee\/wp-json\/wp\/v2\/pages"}],"about":[{"href":"https:\/\/ecomengrad.eu\/ee\/wp-json\/wp\/v2\/types\/page"}],"author":[{"embeddable":true,"href":"https:\/\/ecomengrad.eu\/ee\/wp-json\/wp\/v2\/users\/1"}],"replies":[{"embeddable":true,"href":"https:\/\/ecomengrad.eu\/ee\/wp-json\/wp\/v2\/comments?post=1643"}],"version-history":[{"count":5,"href":"https:\/\/ecomengrad.eu\/ee\/wp-json\/wp\/v2\/pages\/1643\/revisions"}],"predecessor-version":[{"id":1684,"href":"https:\/\/ecomengrad.eu\/ee\/wp-json\/wp\/v2\/pages\/1643\/revisions\/1684"}],"wp:attachment":[{"href":"https:\/\/ecomengrad.eu\/ee\/wp-json\/wp\/v2\/media?parent=1643"}],"curies":[{"name":"wp","href":"https:\/\/api.w.org\/{rel}","templated":true}]}}