{"id":1749,"date":"2020-08-31T01:00:21","date_gmt":"2020-08-30T22:00:21","guid":{"rendered":"https:\/\/ecomengrad.eu\/?page_id=1749"},"modified":"2023-12-11T15:53:25","modified_gmt":"2023-12-11T12:53:25","slug":"anglijskij-yazyk-dlya-nachinayushhih-a1","status":"publish","type":"page","link":"https:\/\/ecomengrad.eu\/ee\/anglijskij-yazyk-dlya-nachinayushhih-a1\/","title":{"rendered":"Inglise keel algajatele (\u04101)"},"content":{"rendered":"\n<p><strong>\u00d5ppekava nimetus<\/strong>:<\/p>\n\n\n\n<p>Inglise keel \u04101<\/p>\n\n\n\n<p><strong>\u00d5ppekeel<\/strong>:<\/p>\n\n\n\n<p>vene keel<\/p>\n\n\n\n<p><strong>\u00d5ppekavar\u00fchm<\/strong>:<\/p>\n\n\n\n<p>&nbsp;keele\u00f5pe<\/p>\n\n\n\n<p><strong>Eesm\u00e4rgid ja \u00f5piv\u00e4ljundid<\/strong>:<\/p>\n\n\n\n<p>Koolituse l\u00f5puks on \u00f5ppija omandanud lihtsaimate ingliskeelsete lausete r\u00e4\u00e4kimise, kirjutamise, lugemise ja m\u00f5istmise oskuse.<\/p>\n\n\n\n<p><strong>\u00d5piv\u00e4ljundid<\/strong>:<\/p>\n\n\n\n<p>Kursuse l\u00f5puks \u00f5ppija:<\/p>\n\n\n\n<p>\u2013 saab suulises ja kirjalikus k\u00f5nes aru l\u00fchikestest lihtsatest lausetest, tuttavatest s\u00f5nadest ja fraasidest;<br>\u2013 oskab vastata lihtsatele k\u00fcsimustele;<br>\u2013 kasutab lihtsaimaid fraase iseenda ja \u00fcmbruse kirjeldamiseks;<br>\u2013 loeb ja m\u00f5istab l\u00fchikesi lihtsaid tekste;<br>\u2013 kirjutab l\u00fchikesi lihtsaid kirju ja teateid, t\u00e4idab lihtsaimaid ankeete.<\/p>\n\n\n\n<p><strong>Sihtr\u00fchm ja&nbsp;vastuv\u00f5tu tingimused<\/strong>:<\/p>\n\n\n\n<p>Isikud, kes soovivad \u00f5ppida inglise keelt ja kellel puuduvad inglise keele algteadmised.<\/p>\n\n\n\n<p><strong>\u00d5ppe kogumaht<\/strong>:<\/p>\n\n\n\n<p>120 ak.tundi, millest on 100 ak.tundi-auditoorne t\u00f6\u00f6+20 ak.tundi- iseseisev t\u00f6\u00f6.<\/p>\n\n\n\n<p><strong>\u00d5ppe sisu<\/strong>:<\/p>\n\n\n\n<div class=\"wp-block-group\"><div class=\"wp-block-group__inner-container is-layout-flow wp-block-group-is-layout-flow\">\n<ul class=\"wp-block-list\">\n<li>T\u00e4hestik, isikulised ases\u00f5nad;<\/li>\n\n\n\n<li>Minu perekond, minu kodu, minu \u00fcmbrus;<\/li>\n\n\n\n<li>&nbsp;Nimis\u00f5nade mitmus&nbsp; ja omastav k\u00e4\u00e4ne;<\/li>\n\n\n\n<li>P\u00f5hi- ja j\u00e4rgarvs\u00f5nad, aeg, hinnad;<\/li>\n\n\n\n<li>&nbsp;Riigid ja keeled;<\/li>\n\n\n\n<li>&nbsp;T\u00f6\u00f6 ja vaba aeg;<\/li>\n\n\n\n<li>Tegus\u00f5nad olevikus ja minevikus. Ebareeglip\u00e4rased tegus\u00f5nad;<\/li>\n\n\n\n<li>K\u00f5ige sagedasemad kohta, aega ja tegevuse viisi m\u00e4rkivad eess\u00f5nad;<\/li>\n\n\n\n<li>Igap\u00e4evane inglise keel ja viisakusv\u00e4ljendid;<\/li>\n\n\n\n<li>&nbsp;Lihtsa kirja ja teksti koostamine, plangi t\u00e4itmine.<\/li>\n<\/ul>\n<\/div><\/div>\n\n\n\n<p><strong>\u00d5ppekeskkond ja \u00f5ppevahendid<\/strong>:<\/p>\n\n\n\n<p>Kursused viiakse l\u00e4bi aadressil Mere pst 3 Sillam\u00e4e.<\/p>\n\n\n\n<p>Koolitusruumid, \u00f5ppetehnika ja -vahendid vastavad t\u00f6\u00f6tervishoiu ja t\u00f6\u00f6ohutuse seaduses s\u00e4testatud n\u00f5uetele. K\u00f5ikides kasutatavates \u00f5pperuumides on traadita interneti kasutamise v\u00f5imalus.<\/p>\n\n\n\n<p>\u00d5ppeklassid on varustatud t\u00e4nap\u00e4evaste koolitusvahenditega (mugavad \u00f5ppelauad ja toolid, tahvlid, s\u00fclearvutid, video- ja audiotehnika jm).<\/p>\n\n\n\n<p>\u00d5ppevahendid: \u00d5pik ja t\u00f6\u00f6vihik<\/p>\n\n\n\n<p>\u00d5peprotsess:&nbsp;Auditoorne t\u00f6\u00f6 p\u00e4eval\/\u00f5htul klassiruumis ja iseseisev t\u00f6\u00f6, mille \u00f5ppija peab sooritama auditoorse t\u00f6\u00f6 vahel. \u00d5ppet\u00f6\u00f6 toimub vene keele baasil.<\/p>\n\n\n\n<p><strong>\u00d5ppemeetodid<\/strong>:<\/p>\n\n\n\n<p>Auditoorne \u00f5pe 100 ak t: kuulamis\u00fclesanded, lugemine, kirjutamine ja t\u00f5lkimine, suuline k\u00f5ne, dialoogid, rollim\u00e4ngud, videote vaatamine ja anal\u00fc\u00fcs jms<\/p>\n\n\n\n<p>Iseseisev t\u00f6\u00f6 20 ak t: s\u00f5nade \u00f5ppimine, t\u00f6\u00f6vihiku harjutuste t\u00e4itmine, tekstide koostamine jms<\/p>\n\n\n\n<p><strong>\u00d5ppematerjalide loend<\/strong>:<\/p>\n\n\n\n<div class=\"wp-block-group\"><div class=\"wp-block-group__inner-container is-layout-flow wp-block-group-is-layout-flow\">\n<ul class=\"wp-block-list\">\n<li>&nbsp;Jenny Dooley New Enterprise A1 Students book<\/li>\n\n\n\n<li>Audio-&nbsp;ja videomaterjalid<\/li>\n<\/ul>\n\n\n\n<p><strong>Koolituse l\u00f5petamise tingimused&nbsp;ja v\u00e4ljastatavad dokumendid<\/strong>:<\/p>\n\n\n\n<p>L\u00f5petamise eelduseks on osalemine v\u00e4hemalt 75% auditoorsetes tundides. Lisaks tuleb positiivse tulemuse saamiseks sooritada l\u00f5putest ja suuline vestlus, st vastavalt hindamiskriteeriumidele.<\/p>\n\n\n\n<figure class=\"wp-block-table\"><table><tbody><tr><td>Hindamismetood<\/td><td>Hindamiskriteeriumid<\/td><\/tr><tr><td>Kirjalik test (h\u00f5lmab k\u00e4sitletud teemasid)<\/td><td>\u00d5ppija leiab vajaliku info igap\u00e4evastel teemadel tekstide lugemisest ja kuulamisest. Samuti tuleb \u00f5ppija toime grammatika ja s\u00f5navara kontrollimise \u00fclesannetega.<\/td><\/tr><tr><td>Suuline vestlus<\/td><td>\u00d5ppija r\u00e4\u00e4gib lihtsate lausetega kursusel l\u00e4biv\u00f5etud teemadel. Samuti oskab \u00f5ppija vastata lihtsatele k\u00fcsimustele ja iseseisvalt k\u00fcsimusi esitada.<\/td><\/tr><\/tbody><\/table><\/figure>\n\n\n\n<p><strong>V\u00e4ljastatavad dokumendid<\/strong>:<\/p>\n\n\n\n<p>TUNNISTUS, kui test on eksaminaatori hinnangul sooritatud v\u00e4hemalt 60% ulatuses.<\/p>\n\n\n\n<p>T\u00d5END. Kui \u00f5ppija eksamitulemus on alla 60%&nbsp; ja ta on osalenud v\u00e4hem kui 75% auditoorses \u00f5ppet\u00f6\u00f6s, v\u00e4ljastatakse talle koolituse l\u00e4bimise kohta t\u00f5end.<\/p>\n\n\n\n<p><strong>Koolitaja kompetentsust tagava kvalifikatsiooni v\u00f5i t\u00f6\u00f6kogemuse kirjeldus<\/strong>:<\/p>\n\n\n\n<p>Anna Koroljova \u2013 k\u00f5rgem pedagoogiline haridus, l\u00f5petanud Krasnojarski pedagoogilise instituudi, t\u00e4iskasvanute koolitamise kogemus \u00fcle 15 aasta.<\/p>\n\n\n\n<p><strong>Maksumus<\/strong>:<\/p>\n\n\n\n<p>2 inimest \u2013 18 euro\/tund<\/p>\n\n\n\n<p>3-4 inimest \u2013 15 euro\/tund<\/p>\n\n\n\n<p>5 ja rohkem inimest -12.5 euro\/tund<\/p>\n\n\n\n<p><em>Hinna sees k\u00f5ik maksud ja \u00f5ppematerjalide maksumus.<\/em><\/p>\n<\/div><\/div>\n","protected":false},"excerpt":{"rendered":"<p>\u00d5ppekava nimetus: Inglise keel \u04101 \u00d5ppekeel: vene keel \u00d5ppekavar\u00fchm: &nbsp;keele\u00f5pe Eesm\u00e4rgid ja \u00f5piv\u00e4ljundid: Koolituse l\u00f5puks on \u00f5ppija omandanud lihtsaimate ingliskeelsete lausete r\u00e4\u00e4kimise, kirjutamise, lugemise ja m\u00f5istmise oskuse. \u00d5piv\u00e4ljundid: Kursuse l\u00f5puks \u00f5ppija: \u2013 saab suulises ja kirjalikus k\u00f5nes aru l\u00fchikestest lihtsatest lausetest, tuttavatest s\u00f5nadest ja fraasidest;\u2013 oskab vastata lihtsatele k\u00fcsimustele;\u2013 kasutab lihtsaimaid fraase iseenda ja \u00fcmbruse kirjeldamiseks;\u2013 loeb ja [&hellip;]<\/p>\n","protected":false},"author":1,"featured_media":0,"parent":0,"menu_order":0,"comment_status":"closed","ping_status":"closed","template":"","meta":{"footnotes":""},"class_list":["post-1749","page","type-page","status-publish","hentry"],"_links":{"self":[{"href":"https:\/\/ecomengrad.eu\/ee\/wp-json\/wp\/v2\/pages\/1749","targetHints":{"allow":["GET"]}}],"collection":[{"href":"https:\/\/ecomengrad.eu\/ee\/wp-json\/wp\/v2\/pages"}],"about":[{"href":"https:\/\/ecomengrad.eu\/ee\/wp-json\/wp\/v2\/types\/page"}],"author":[{"embeddable":true,"href":"https:\/\/ecomengrad.eu\/ee\/wp-json\/wp\/v2\/users\/1"}],"replies":[{"embeddable":true,"href":"https:\/\/ecomengrad.eu\/ee\/wp-json\/wp\/v2\/comments?post=1749"}],"version-history":[{"count":51,"href":"https:\/\/ecomengrad.eu\/ee\/wp-json\/wp\/v2\/pages\/1749\/revisions"}],"predecessor-version":[{"id":5972,"href":"https:\/\/ecomengrad.eu\/ee\/wp-json\/wp\/v2\/pages\/1749\/revisions\/5972"}],"wp:attachment":[{"href":"https:\/\/ecomengrad.eu\/ee\/wp-json\/wp\/v2\/media?parent=1749"}],"curies":[{"name":"wp","href":"https:\/\/api.w.org\/{rel}","templated":true}]}}