{"id":18,"date":"2018-04-24T14:32:48","date_gmt":"2018-04-24T11:32:48","guid":{"rendered":"https:\/\/yellowbus.ee\/?page_id=18"},"modified":"2026-01-09T14:45:16","modified_gmt":"2026-01-09T11:45:16","slug":"ulddokumendid","status":"publish","type":"page","link":"https:\/\/ecomengrad.eu\/ee\/ulddokumendid\/","title":{"rendered":"\u00dclddokumendid"},"content":{"rendered":"<ul>\n<li style=\"list-style-type: none;\">\n<ul>\n<li style=\"list-style-type: none;\">\n<ul>\n<li><a href=\"https:\/\/ecomengrad.eu\/ee\/oppekorralduse-alused\/\">\u00d5ppekorralduse alused<\/a><\/li>\n<li><a href=\"https:\/\/ecomengrad.eu\/ee\/taienduskoolituse-oppetasust-vabastamise-ja-oppetasu-tagastamise-tingimused-ja-kord\/\">T\u00e4ienduskoolituse \u00f5ppetasust vabastamise ja \u00f5ppetasu tagastamise tingimused ja kord<\/a><\/li>\n<li><a href=\"https:\/\/ecomengrad.eu\/ee\/koolituste-kvaliteedi-tagamise-alused\/\">Koolituste kvaliteedi tagamise alused<\/a><\/li>\n<li><a href=\"https:\/\/ecomengrad.eu\/ee\/koolitajate-ja-praktikajuhendajate-valiku-ning-kompetentside-hindamise-kord\/\">Koolitajate ja praktikajuhendajate valiku ning kompetentside hindamise kord<\/a><\/li>\n<li><a href=\"https:\/\/ecomengrad.eu\/isikuandmete-kaitse\/\">Isikuandmete kaitse<\/a><\/li>\n<li><a href=\"https:\/\/ecomengrad.eu\/ee\/vastuvottu-tingimused\/\">Vastuv\u00f5tutingimused<\/a><\/li>\n<li><a href=\"https:\/\/ecomengrad.eu\/pohikiri\/\">P\u00f5hikiri<\/a><\/li>\n<li><a href=\"https:\/\/ecomengrad.eu\/ee\/tegevusluba\">Tegevusluba<\/a><\/li>\n<li id=\"menu-item-9545\" class=\"menu-item menu-item-type-post_type menu-item-object-page menu-item-9545\">Majandustegevusteate number: 260713<\/li>\n<\/ul>\n<\/li>\n<\/ul>\n<\/li>\n<\/ul>\n","protected":false},"excerpt":{"rendered":"<p>\u00d5ppekorralduse alused T\u00e4ienduskoolituse \u00f5ppetasust vabastamise ja \u00f5ppetasu tagastamise tingimused ja kord Koolituste kvaliteedi tagamise alused Koolitajate ja praktikajuhendajate valiku ning kompetentside hindamise kord Isikuandmete kaitse Vastuv\u00f5tutingimused P\u00f5hikiri Tegevusluba Majandustegevusteate number: 260713<\/p>\n","protected":false},"author":1,"featured_media":0,"parent":0,"menu_order":0,"comment_status":"closed","ping_status":"closed","template":"","meta":{"footnotes":""},"class_list":["post-18","page","type-page","status-publish","hentry"],"_links":{"self":[{"href":"https:\/\/ecomengrad.eu\/ee\/wp-json\/wp\/v2\/pages\/18","targetHints":{"allow":["GET"]}}],"collection":[{"href":"https:\/\/ecomengrad.eu\/ee\/wp-json\/wp\/v2\/pages"}],"about":[{"href":"https:\/\/ecomengrad.eu\/ee\/wp-json\/wp\/v2\/types\/page"}],"author":[{"embeddable":true,"href":"https:\/\/ecomengrad.eu\/ee\/wp-json\/wp\/v2\/users\/1"}],"replies":[{"embeddable":true,"href":"https:\/\/ecomengrad.eu\/ee\/wp-json\/wp\/v2\/comments?post=18"}],"version-history":[{"count":30,"href":"https:\/\/ecomengrad.eu\/ee\/wp-json\/wp\/v2\/pages\/18\/revisions"}],"predecessor-version":[{"id":8031,"href":"https:\/\/ecomengrad.eu\/ee\/wp-json\/wp\/v2\/pages\/18\/revisions\/8031"}],"wp:attachment":[{"href":"https:\/\/ecomengrad.eu\/ee\/wp-json\/wp\/v2\/media?parent=18"}],"curies":[{"name":"wp","href":"https:\/\/api.w.org\/{rel}","templated":true}]}}