{"id":1928,"date":"2020-09-16T18:38:23","date_gmt":"2020-09-16T15:38:23","guid":{"rendered":"https:\/\/ecomengrad.eu\/?page_id=1928"},"modified":"2026-03-12T17:24:06","modified_gmt":"2026-03-12T14:24:06","slug":"rukovoditel-deyatelnosti","status":"publish","type":"page","link":"https:\/\/ecomengrad.eu\/ee\/rukovoditel-deyatelnosti\/","title":{"rendered":"Tegevusjuhendaja koolitus"},"content":{"rendered":"\n<p><strong>\u00d5ppeasutuse nimi:<\/strong><\/p>\n\n\n\n<p>ECOMENGRAD O\u00dc<\/p>\n\n\n\n<p><strong>\u00d5ppekava nimetus:<\/strong><\/p>\n\n\n\n<p>Tegevusjuhendaja koolitus<\/p>\n\n\n\n<p><strong>\u00d5ppekeel<\/strong>:<\/p>\n\n\n\n<p>vene keel<\/p>\n\n\n\n<p><strong>\u00d5ppekavar\u00fchm:<\/strong><\/p>\n\n\n\n<p>Sotsiaalt\u00f6\u00f6 ja n\u00f5ustamine<\/p>\n\n\n\n<p>\u00d5ppekava koostamise alus: <\/p>\n\n\n\n<p>\u00d5ppekava j\u00e4rgib Sotsiaalkaitseministri 26.04.2022 m\u00e4\u00e4rust nr 38 &#8220;Tegevusjuhendaja ettevalmistusn\u00f5uded ja n\u00f5uded koolitusele<\/p>\n\n\n\n<p><strong>\u00d5piv\u00e4ljundid<\/strong>:<\/p>\n\n\n\n<p><strong>Kursuse l\u00f5pus \u00f5pilane:<\/strong><\/p>\n\n\n\n<p>\u2022 m\u00f5istab erihoolekandes\u00fcsteemi olemust;<br>\u2022 rakendab erihoolekandeteenuseid l\u00e4htuvalt kliendi arengust ja<br>tegevusv\u00f5ime tasemest;<br>\u2022 valdab kliendit\u00f6\u00f6 enamlevinud meetodeid;<br>\u2022 kasutab spetsiifilisi meetodeid kliendit\u00f6\u00f6s;<br>\u2022 oskab koostada ps\u00fc\u00fchilise erivajadusega inimestele<br>tegevusplaani;<br>\u2022 hindab kannatanu seisundit ja annab esmast abi.<\/p>\n\n\n\n<p><strong>Sihtgrupp:<\/strong><\/p>\n\n\n\n<p>Inimesed, kes soovivad t\u00f6\u00f6tada erisotsiaalkindlustuse valdkonnas, erihoolekande- ja rehabilitatsiooniteenust osutavate asutuste t\u00f6\u00f6tajad.<\/p>\n\n\n\n<p>On vaja v\u00e4hemalt keskharidust ja soovi t\u00f6\u00f6tada ps\u00fc\u00fchikah\u00e4iretega inimestega.<\/p>\n\n\n\n<p><strong>\u00d5ppe alustamise tingimused:<\/strong><\/p>\n\n\n\n<p>on vajalik v\u00e4hemalt keskharidus ja soovi t\u00f6\u00f6tada ps\u00fc\u00fchikah\u00e4iretega inimestega.<\/p>\n\n\n\n<p><strong>Koolituse &nbsp;eesm\u00e4rk:<\/strong><\/p>\n\n\n\n<p>Kursusel osalenu suunab ja toetab ps\u00fc\u00fchiliste erivajadustega inimesi nende igap\u00e4evases asjaajamises, t\u00f6\u00f6- ja huvitegevuses, et tagada maksimaalne iseseisvus ja elukvaliteet.<\/p>\n\n\n\n<p><strong>\u00d5ppe kogumaht:<\/strong><\/p>\n\n\n\n<p>260 ak.tundi <\/p>\n\n\n\n<p>Koolituse kavas on 180&nbsp;tundi \u00f5pet, millele lisandub 80&nbsp;tundi praktilist v\u00e4lja\u00f5pet ja iseseisvat t\u00f6\u00f6d, sealhulgas 16&nbsp;tundi l\u00f5put\u00f6\u00f6d.<\/p>\n\n\n\n<p><strong>\u00d5ppe sisu:<\/strong><\/p>\n\n\n\n<p><strong><em>\u00dcldalused \u2013 ps\u00fc\u00fchilise erivajadusega inimene ja hoolekandeteenused<\/em><\/strong> <\/p>\n\n\n\n<p>\u00d5pe: 40 tundi<\/p>\n\n\n\n<ul class=\"wp-block-list\">\n<li>Ps\u00fc\u00fchilise erivajadusega inimeste hoolekanne Eestis<\/li>\n\n\n\n<li>Erihoolekandeteenuste sihtr\u00fchmad ja erip\u00e4ra<\/li>\n\n\n\n<li>Ps\u00fc\u00fchilise erivajadusega inimeste juhendamine<\/li>\n\n\n\n<li>Raskesti m\u00f5istetav k\u00e4itumine<\/li>\n\n\n\n<li>Meeskonna- ja v\u00f5rgustikut\u00f6\u00f6 erihoolekandes<\/li>\n<\/ul>\n\n\n\n<p><em><strong>P\u00f5hiained \u2013 erihoolekandeteenuseid kasutavad sihtr\u00fchmad<\/strong><\/em> <\/p>\n\n\n\n<p>\u00d5pe: 54 tundi<br>Praktiline t\u00f6\u00f6: 28 tundi<\/p>\n\n\n\n<ul class=\"wp-block-list\">\n<li>Ps\u00fc\u00fchikah\u00e4ired, sh intellektipuue<\/li>\n\n\n\n<li>\u00c4\u00e4rmuslik abi- ja toetusvajadus<\/li>\n\n\n\n<li>Suhtlemise alused ja erip\u00e4rad suhtlemisel ps\u00fc\u00fchikah\u00e4irega inimestega<\/li>\n\n\n\n<li>Tegevusv\u00f5ime, eesm\u00e4rgistatud tegevus<\/li>\n<\/ul>\n\n\n\n<p><strong>P\u00f5hioskused \u2013 kliendit\u00f6\u00f6 alused<\/strong><\/p>\n\n\n\n<p>\u00d5pe: 46 tundi<br>Praktiline t\u00f6\u00f6: 30 tundi<\/p>\n\n\n\n<ul class=\"wp-block-list\">\n<li>Tegevusjuhendaja t\u00f6\u00f6valdkond ja rollid<\/li>\n\n\n\n<li>Tegevuse anal\u00fc\u00fcs ja kohandamine<\/li>\n\n\n\n<li>Tegevusv\u00f5ime hindamine<\/li>\n\n\n\n<li>Kliendit\u00f6\u00f6 meetodid<\/li>\n\n\n\n<li>Peamised t\u00f6\u00f6v\u00f5tted igap\u00e4evases hoolduses<\/li>\n\n\n\n<li>Tegevusplaani koostamine<\/li>\n\n\n\n<li>Terviseseisundi j\u00e4lgimine ja ravimi\u00f5petuse alused, sealhulgas <strong>esmaabiandja v\u00e4lja\u00f5pe<\/strong> 16 ak tundi<\/li>\n<\/ul>\n\n\n\n<p><strong><em>Spetsiifilised oskused kliendit\u00f6\u00f6s<\/em><\/strong><\/p>\n\n\n\n<p>\u00d5pe: 40 tundi<br>Praktiline t\u00f6\u00f6: 6 tundi<\/p>\n\n\n\n<ul class=\"wp-block-list\">\n<li>R\u00fchmat\u00f6\u00f6 kliendit\u00f6\u00f6s<\/li>\n\n\n\n<li>Raskestim\u00f5istetava k\u00e4itumise juhtimine<\/li>\n\n\n\n<li>Seksuaalsus ja seksuaalkasvatus<\/li>\n\n\n\n<li>Teraapilised ja arendavad tegevused kliendit\u00f6\u00f6s<\/li>\n<\/ul>\n\n\n\n<p><strong>Iseseisev t\u00f6\u00f6<\/strong> \u2013 tegevusplaani koostamine teenust saavale isikule<br>(16 tundi iseseisvat t\u00f6\u00f6d)<\/p>\n\n\n\n<p><strong>\u00d5ppemeetodid:<\/strong><\/p>\n\n\n\n<p>Loengud, iseseisev t\u00f6\u00f6, grupit\u00f6\u00f6, praktika.<\/p>\n\n\n\n<p><strong>Isesiesev t\u00f6\u00f6 (l\u00f5put\u00f6\u00f6):<\/strong><\/p>\n\n\n\n<p>Tegevusplaani koostamine teenust saavale isikule<\/p>\n\n\n\n<p><strong>\u00d5ppekeskkond:<\/strong><\/p>\n\n\n\n<p>Kursused viiakse l\u00e4bi aadressil Mere pst 3 Sillam\u00e4e. Praktiline v\u00e4lja\u00f5pe toimub vastavas asutuses.<\/p>\n\n\n\n<p>\u00d5ppet\u00f6\u00f6ks on sisustatud avarad, valgusk\u00fcllased ja tehniliselt varustatud ruumid.<\/p>\n\n\n\n<p>\u00d5ppeklassid on varustatud t\u00e4nap\u00e4evaste koolitusvahenditega (mugavad \u00f5ppelauad ja toolid, tahvlid, s\u00fclearvutid, video- ja audiotehnika jm). K\u00f5ikides kasutatavates \u00f5pperuumides on traadita interneti kasutamise v\u00f5imalus.<\/p>\n\n\n\n<p>Koolitusruumid, \u00f5ppetehnika ja -vahendid vastavad t\u00f6\u00f6tervishoiu ja t\u00f6\u00f6ohutuse seaduses s\u00e4testatud n\u00f5uetele. Koolitusruum ning sisustus sobivad koolituse l\u00e4biviimiseks.<\/p>\n\n\n\n<p>&nbsp;Koolituse teooria osa v\u00f5ib toimuda ka videokonverentsi keskkonnas Zoom.<\/p>\n\n\n\n<p><strong>\u00d5ppematerjalid:<\/strong><\/p>\n\n\n\n<p><strong><em>\u00d5pikud<\/em><\/strong><strong><em>:<\/em><\/strong><\/p>\n\n\n\n<ol style=\"list-style-type:1\" class=\"wp-block-list\">\n<li>Dirk den Hollander, Jean Pierre Wilken &nbsp;&#8220;\u041a\u0430\u043a \u043a\u043b\u0438\u0435\u043d\u0442\u044b \u0441\u0442\u0430\u043d\u043e\u0432\u044f\u0442\u0441\u044f \u0433\u0440\u0430\u0436\u0434\u0430\u043d\u0430\u043c\u0438&#8221;<\/li>\n<\/ol>\n\n\n\n<p><strong><em>Elektroonilised ressursid:<\/em><\/strong><\/p>\n\n\n\n<figure class=\"wp-block-embed\"><div class=\"wp-block-embed__wrapper\">\nhttp:\/\/www.eswa.ee\/index.php?picfile=1319\n<\/div><\/figure>\n\n\n\n<p><a href=\"http:\/\/www.sm.ee\">www.sm.ee<\/a><\/p>\n\n\n\n<p><a href=\"http:\/\/www.eesti.ee\">www.eesti.ee<\/a><\/p>\n\n\n\n<p><em>Invainfo<\/em>&nbsp;portaalis:&nbsp;<a href=\"http:\/\/www.rehabilitatsioon.invainfo.ee\">www.rehabilitatsioon.invainfo.ee<\/a><\/p>\n\n\n\n<p><em>Tegevusjuhendaja k<\/em><em>\u00e4siraamat<\/em><em>:<\/em><em><\/em><\/p>\n\n\n\n<figure class=\"wp-block-embed\"><div class=\"wp-block-embed__wrapper\">\nhttps:\/\/intra.tai.ee\/images\/prints\/documents\/130156046355_Tegevusjuhendaja_kasiraamat_est.pdf\n<\/div><\/figure>\n\n\n\n<p><strong><em>Normatiivsed \u00f5igusaktid<\/em><\/strong><strong><em>:<\/em><\/strong><\/p>\n\n\n\n<p>Perekonnaseadus<\/p>\n\n\n\n<p><em>Eesti Vabariigi p\u00f5hiseadus<\/em><em><\/em><\/p>\n\n\n\n<p>Erihoolekandeteenuse osutaja kogutavate ja s\u00e4ilitatavate dokumentide loetelu kehtestamine<\/p>\n\n\n\n<p><em>Ps\u00fchhiaatrilise abi seadus<\/em><em><\/em><\/p>\n\n\n\n<p><em>Puuetega inimeste sotsiaaltoetuste seadus<\/em><em><\/em><\/p>\n\n\n\n<p><em>Sotsiaalhoolekande seadus<\/em><em><\/em><\/p>\n\n\n\n<p><strong>T\u00e4iendkoolituse l\u00f5petamise tingimused ja v\u00e4ljastatavad dokumendid:<\/strong><\/p>\n\n\n\n<p>\u00d5pingute l\u00f5petamise eelduseks on osalemine v\u00e4hemalt 80% tundidest,<\/p>\n\n\n\n<p>esmaabi v\u00e4lja\u00f5ppe l\u00e4bimine ning tegevusplaani koostamine ja suuline<\/p>\n\n\n\n<p>kaitsmine.<\/p>\n\n\n\n<p>Esmaabi tunnistuse saamiseks on vaja v\u00e4hemalt 80% kontakttundidest l\u00e4bida.<\/p>\n\n\n\n<p>\u00d5ppijale v\u00e4ljastatakse \u00f5ppe l\u00f5petamise n\u00f5uete t\u00e4itmisel Ecomengradi tunnistus.<\/p>\n\n\n\n<p>T\u00f5end, kui \u00f5pitulemusi ei saavutatud, kuid \u00f5ppija v\u00f5ttis osa \u00f5ppet\u00f6\u00f6st. T\u00f5end v\u00e4ljastatakse vastavalt osaletud kontakttundide arvule.<\/p>\n\n\n\n<p><strong>Hindamismeetod:<\/strong><\/p>\n\n\n\n<p>Tegevusplaani kaitsmine.<\/p>\n\n\n\n<p><strong>Koolituse l\u00e4biviimiseks vajalik kvalifikatsiooni, \u00f5pi- v\u00f5i t\u00f6\u00f6kogemus:<\/strong><\/p>\n\n\n\n<p><strong>Haridus<\/strong><\/p>\n\n\n\n<ul class=\"wp-block-list\">\n<li>K\u00f5rgharidus \u2013 Moskva Linna Pedagoogika\u00fclikool (MGPU), Pedagoogika ja haridusps\u00fchholoogia instituut.<br>Eriala: pedagoogiline haridus (2016\u20132021).<\/li>\n<\/ul>\n\n\n\n<p><strong>T\u00e4iend\u00f5pe<\/strong><\/p>\n\n\n\n<ul class=\"wp-block-list\">\n<li>Tallinna Tervise Arengu Instituut \u2013 \u201eVaimse puudega, autismi ja vaimse alaarenguga klientide tegevuste juhendamine\u201c. Euroopa Sotsiaalfondi programm (2015\u20132016).<\/li>\n\n\n\n<li>Tegevusjuhendaja t\u00e4ienduskoolitus (Arengu Instituut).<\/li>\n\n\n\n<li>L\u00f5petatud andragoogika koolitus \u2013 160 tundi (15.12.2025).<\/li>\n<\/ul>\n\n\n\n<p><strong>T\u00f6\u00f6kogemus<\/strong><\/p>\n\n\n\n<ul class=\"wp-block-list\">\n<li>Suur t\u00f6\u00f6kogemus tegevusjuhendajana. T\u00f6\u00f6tanud hoolekandeasutuses <strong>S\u00fcgis<\/strong>.<\/li>\n\n\n\n<li>T\u00e4iskasvanute koolitamise kogemus \u00fcle 5 aasta.<\/li>\n\n\n\n<li>Praegu t\u00f6\u00f6tab \u00f5ena ettev\u00f5ttes <strong>Rada Kodu\u00f5endus O\u00dc<\/strong>.<\/li>\n<\/ul>\n\n\n\n<p><strong>Julia Grigorjeva<\/strong> &#8211; Koolitaja, kes on l\u00e4bitud Tallinna Tervisehoiu K\u00f5rkooli \u00f5e eriala p\u00f5hi\u00f5pet ja intensiiv\u00f5enduse eriala koolitust. Koolitaja t\u00f6\u00f6tab kiirabis. EPR Esmaabi \u00f5petaja koolitus, tunnistuse nr. KB_EA2021-20. T\u00e4iskasvanute koolitamise kogemus \u00fcle 5 aasta.<\/p>\n\n\n\n<p><\/p>\n","protected":false},"excerpt":{"rendered":"<p>\u00d5ppeasutuse nimi: ECOMENGRAD O\u00dc \u00d5ppekava nimetus: Tegevusjuhendaja koolitus \u00d5ppekeel: vene keel \u00d5ppekavar\u00fchm: Sotsiaalt\u00f6\u00f6 ja n\u00f5ustamine \u00d5ppekava koostamise alus: \u00d5ppekava j\u00e4rgib Sotsiaalkaitseministri 26.04.2022 m\u00e4\u00e4rust nr 38 &#8220;Tegevusjuhendaja ettevalmistusn\u00f5uded ja n\u00f5uded koolitusele \u00d5piv\u00e4ljundid: Kursuse l\u00f5pus \u00f5pilane: \u2022 m\u00f5istab erihoolekandes\u00fcsteemi olemust;\u2022 rakendab erihoolekandeteenuseid l\u00e4htuvalt kliendi arengust jategevusv\u00f5ime tasemest;\u2022 valdab kliendit\u00f6\u00f6 enamlevinud meetodeid;\u2022 kasutab spetsiifilisi meetodeid kliendit\u00f6\u00f6s;\u2022 oskab koostada ps\u00fc\u00fchilise erivajadusega inimesteletegevusplaani;\u2022 [&hellip;]<\/p>\n","protected":false},"author":1,"featured_media":0,"parent":0,"menu_order":0,"comment_status":"closed","ping_status":"closed","template":"","meta":{"footnotes":""},"class_list":["post-1928","page","type-page","status-publish","hentry"],"_links":{"self":[{"href":"https:\/\/ecomengrad.eu\/ee\/wp-json\/wp\/v2\/pages\/1928","targetHints":{"allow":["GET"]}}],"collection":[{"href":"https:\/\/ecomengrad.eu\/ee\/wp-json\/wp\/v2\/pages"}],"about":[{"href":"https:\/\/ecomengrad.eu\/ee\/wp-json\/wp\/v2\/types\/page"}],"author":[{"embeddable":true,"href":"https:\/\/ecomengrad.eu\/ee\/wp-json\/wp\/v2\/users\/1"}],"replies":[{"embeddable":true,"href":"https:\/\/ecomengrad.eu\/ee\/wp-json\/wp\/v2\/comments?post=1928"}],"version-history":[{"count":44,"href":"https:\/\/ecomengrad.eu\/ee\/wp-json\/wp\/v2\/pages\/1928\/revisions"}],"predecessor-version":[{"id":8276,"href":"https:\/\/ecomengrad.eu\/ee\/wp-json\/wp\/v2\/pages\/1928\/revisions\/8276"}],"wp:attachment":[{"href":"https:\/\/ecomengrad.eu\/ee\/wp-json\/wp\/v2\/media?parent=1928"}],"curies":[{"name":"wp","href":"https:\/\/api.w.org\/{rel}","templated":true}]}}