{"id":20,"date":"2018-04-24T14:32:53","date_gmt":"2018-04-24T11:32:53","guid":{"rendered":"https:\/\/yellowbus.ee\/?page_id=20"},"modified":"2020-03-04T13:10:44","modified_gmt":"2020-03-04T10:10:44","slug":"koolitused","status":"publish","type":"page","link":"https:\/\/ecomengrad.eu\/ee\/koolitused\/","title":{"rendered":"Koolitused"},"content":{"rendered":"\n<p><\/p>\n\n\n<ul>\n<li>\n<h6 class=\"uk-margin-large-top uk-margin-remove-bottom uk-text-center uk-article-title\"><a href=\"https:\/\/ecomengrad.eu\/%ef%bb%bfeesti-keele-oppekava-b1-tasemele-moodulites\/\"><strong>Eesti keele B1-taseme eksamiks ettevalmistamisele suunatud t\u00e4ienduskoolitus<\/strong><\/a><\/h6>\n<\/li>\n<li>\n<h6><strong><a href=\"https:\/\/ecomengrad.eu\/eesti-keel-maastikuehitaja-inglise-keel-landscape-contractor-vene-keel-landshaftnyj-stpoitel\/\">Maastikuehitaja<\/a><\/strong><\/h6>\n<\/li>\n<li>\n<h6 class=\"uk-margin-large-top uk-margin-remove-bottom uk-text-center uk-article-title\"><a href=\"https:\/\/ecomengrad.eu\/eesti-keele-oppekava-a2-tasemele-2\/\"><strong>Eesti keele A2-taseme eksamiks ettevalmistamisele suunatud t\u00e4ienduskoolitus<\/strong><\/a><\/h6>\n<\/li>\n<li>\n<h6 class=\"uk-margin-large-top uk-margin-remove-bottom uk-text-center uk-article-title\"><strong><a href=\"https:\/\/ecomengrad.eu\/eesti-keel-a1\/\">A1-taseme eesti keele t\u00e4iendkoolitus<\/a><\/strong><\/h6>\n<\/li>\n<li>\n<h6><strong><a href=\"https:\/\/ecomengrad.eu\/eesti-keele-a2-taseme-eksamiks-ettevalmistamisele-suunatud-taiendkoolitus-individuaaloppe-a2\/\">Eesti keele A2-taseme eksamiks ettevalmistamisele suunatud t\u00e4iendkoolitus\/ Individuaal\u00f5ppe A2<\/a>\u00a0<\/strong><\/h6>\n<\/li>\n<\/ul>","protected":false},"excerpt":{"rendered":"<p>Eesti keele B1-taseme eksamiks ettevalmistamisele suunatud t\u00e4ienduskoolitus Maastikuehitaja Eesti keele A2-taseme eksamiks ettevalmistamisele suunatud t\u00e4ienduskoolitus A1-taseme eesti keele t\u00e4iendkoolitus Eesti keele A2-taseme eksamiks ettevalmistamisele suunatud t\u00e4iendkoolitus\/ Individuaal\u00f5ppe A2\u00a0<\/p>\n","protected":false},"author":1,"featured_media":0,"parent":0,"menu_order":0,"comment_status":"closed","ping_status":"closed","template":"","meta":{"footnotes":""},"class_list":["post-20","page","type-page","status-publish","hentry"],"_links":{"self":[{"href":"https:\/\/ecomengrad.eu\/ee\/wp-json\/wp\/v2\/pages\/20","targetHints":{"allow":["GET"]}}],"collection":[{"href":"https:\/\/ecomengrad.eu\/ee\/wp-json\/wp\/v2\/pages"}],"about":[{"href":"https:\/\/ecomengrad.eu\/ee\/wp-json\/wp\/v2\/types\/page"}],"author":[{"embeddable":true,"href":"https:\/\/ecomengrad.eu\/ee\/wp-json\/wp\/v2\/users\/1"}],"replies":[{"embeddable":true,"href":"https:\/\/ecomengrad.eu\/ee\/wp-json\/wp\/v2\/comments?post=20"}],"version-history":[{"count":14,"href":"https:\/\/ecomengrad.eu\/ee\/wp-json\/wp\/v2\/pages\/20\/revisions"}],"predecessor-version":[{"id":916,"href":"https:\/\/ecomengrad.eu\/ee\/wp-json\/wp\/v2\/pages\/20\/revisions\/916"}],"wp:attachment":[{"href":"https:\/\/ecomengrad.eu\/ee\/wp-json\/wp\/v2\/media?parent=20"}],"curies":[{"name":"wp","href":"https:\/\/api.w.org\/{rel}","templated":true}]}}