{"id":2455,"date":"2020-11-13T18:32:54","date_gmt":"2020-11-13T15:32:54","guid":{"rendered":"https:\/\/ecomengrad.eu\/ee\/?page_id=2455"},"modified":"2021-03-15T18:25:28","modified_gmt":"2021-03-15T15:25:28","slug":"eesti-keele-a2-taseme-eksamiks-ettevalmistamisele-suunatud-taiendkoolitus-individuaalope-2","status":"publish","type":"page","link":"https:\/\/ecomengrad.eu\/ee\/eesti-keele-a2-taseme-eksamiks-ettevalmistamisele-suunatud-taiendkoolitus-individuaalope-2\/","title":{"rendered":"Eesti keele A2-taseme eksamiks ettevalmistamisele suunatud t\u00e4iendkoolitus (skype individuaal\u00f5pe)"},"content":{"rendered":"\n<p><\/p>\n\n\n\n<p><a href=\"https:\/\/ecomengrad.eu\/ee\/eesti-keele-a2-taseme-eksamiks-ettevalmistamisele-suunatud-taiendkoolitus-e-oppena\/\">\u00d5ppekava A2 on siin<\/a><\/p>\n\n\n\n<p><strong>skype individuaal\u00f5pe<\/strong>\u00a033 EUR\/ ak. t (km-ga)<\/p>\n\n\n\n<p>Eesti keel A2 e-koolitus toimub reaalajas. Koolitusel osalemiseks on vajalik arvuti v\u00f5i nutitelefon ja korralik Interneti\u00fchendus.<\/p>\n\n\n\n<p>Auditoorsetes tundides kohtuvad \u00f5petaja ja \u00f5ppijad virtuaalses klassis, kus suheldakse \u00f5petaja juhendamisel ja omavahel, kuulatakse tekste, loetakse, nagu ikka keeletundides. Videosuhtluseks kasutatakse keskkondi Skype, Zoom.<\/p>\n","protected":false},"excerpt":{"rendered":"<p>\u00d5ppekava A2 on siin skype individuaal\u00f5pe\u00a033 EUR\/ ak. t (km-ga) Eesti keel A2 e-koolitus toimub reaalajas. Koolitusel osalemiseks on vajalik arvuti v\u00f5i nutitelefon ja korralik Interneti\u00fchendus. Auditoorsetes tundides kohtuvad \u00f5petaja ja \u00f5ppijad virtuaalses klassis, kus suheldakse \u00f5petaja juhendamisel ja omavahel, kuulatakse tekste, loetakse, nagu ikka keeletundides. Videosuhtluseks kasutatakse keskkondi Skype, Zoom.<\/p>\n","protected":false},"author":1,"featured_media":0,"parent":0,"menu_order":0,"comment_status":"closed","ping_status":"closed","template":"","meta":{"footnotes":""},"class_list":["post-2455","page","type-page","status-publish","hentry"],"_links":{"self":[{"href":"https:\/\/ecomengrad.eu\/ee\/wp-json\/wp\/v2\/pages\/2455","targetHints":{"allow":["GET"]}}],"collection":[{"href":"https:\/\/ecomengrad.eu\/ee\/wp-json\/wp\/v2\/pages"}],"about":[{"href":"https:\/\/ecomengrad.eu\/ee\/wp-json\/wp\/v2\/types\/page"}],"author":[{"embeddable":true,"href":"https:\/\/ecomengrad.eu\/ee\/wp-json\/wp\/v2\/users\/1"}],"replies":[{"embeddable":true,"href":"https:\/\/ecomengrad.eu\/ee\/wp-json\/wp\/v2\/comments?post=2455"}],"version-history":[{"count":9,"href":"https:\/\/ecomengrad.eu\/ee\/wp-json\/wp\/v2\/pages\/2455\/revisions"}],"predecessor-version":[{"id":2902,"href":"https:\/\/ecomengrad.eu\/ee\/wp-json\/wp\/v2\/pages\/2455\/revisions\/2902"}],"wp:attachment":[{"href":"https:\/\/ecomengrad.eu\/ee\/wp-json\/wp\/v2\/media?parent=2455"}],"curies":[{"name":"wp","href":"https:\/\/api.w.org\/{rel}","templated":true}]}}