{"id":27,"date":"2018-04-24T14:33:11","date_gmt":"2018-04-24T11:33:11","guid":{"rendered":"https:\/\/yellowbus.ee\/?page_id=27"},"modified":"2023-06-30T15:47:51","modified_gmt":"2023-06-30T12:47:51","slug":"kontaktid","status":"publish","type":"page","link":"https:\/\/ecomengrad.eu\/ee\/kontaktid\/","title":{"rendered":"Kontaktid"},"content":{"rendered":"<h3><strong>ECOMENGRAD O\u00dc<\/strong><\/h3>\n<p><strong>Registrikood:<\/strong> 14348020<br \/>\n<strong>KMRK:<\/strong> EE102065503<br \/>\n<strong>\u0410\u0434\u0440\u0435\u0441:<\/strong> Ida-Viru maakond, Sillam\u00e4e linn, Mere pst 3, 40231<\/p>\n<h5><strong>KURSUSTELE REGISTREERUMINE JA \u00dcLDK\u00dcSIMUSED<\/strong><\/h5>\n<pre><strong>Anna Kiritsuk<\/strong>\nKoolitusjuht\n<strong>Tel.:<\/strong> +372.56871465\n<strong>E-post:<\/strong> <a href=\"mailto:info@ecomengrad.eu\" target=\"_blank\" rel=\"noopener noreferrer\">info@ecomengrad.eu<\/a><\/pre>\n\n<div class=\"wpcf7 no-js\" id=\"wpcf7-f217-o1\" lang=\"ru-RU\" dir=\"ltr\" data-wpcf7-id=\"217\">\n<div class=\"screen-reader-response\"><p role=\"status\" aria-live=\"polite\" aria-atomic=\"true\"><\/p> <ul><\/ul><\/div>\n<form action=\"\/ee\/wp-json\/wp\/v2\/pages\/27#wpcf7-f217-o1\" method=\"post\" class=\"wpcf7-form init\" aria-label=\"\u041a\u043e\u043d\u0442\u0430\u043a\u0442\u043d\u0430\u044f \u0444\u043e\u0440\u043c\u0430\" novalidate=\"novalidate\" data-status=\"init\">\n<fieldset class=\"hidden-fields-container\"><input type=\"hidden\" name=\"_wpcf7\" value=\"217\" \/><input type=\"hidden\" name=\"_wpcf7_version\" value=\"6.1.1\" \/><input type=\"hidden\" name=\"_wpcf7_locale\" value=\"ru_RU\" \/><input type=\"hidden\" name=\"_wpcf7_unit_tag\" value=\"wpcf7-f217-o1\" \/><input type=\"hidden\" name=\"_wpcf7_container_post\" value=\"0\" \/><input type=\"hidden\" name=\"_wpcf7_posted_data_hash\" value=\"\" \/><input type=\"hidden\" name=\"lang\" value=\"ee\" \/>\n<\/fieldset>\n<p><label> Nimi (n\u00f5utav)<br \/>\n<span class=\"wpcf7-form-control-wrap\" data-name=\"your-name\"><input size=\"30\" maxlength=\"300\" class=\"wpcf7-form-control wpcf7-text wpcf7-validates-as-required\" aria-required=\"true\" aria-invalid=\"false\" value=\"\" type=\"text\" name=\"your-name\" \/><\/span> <\/label>\n<\/p>\n<p><label> E-mail (n\u00f5utav)<br \/>\n<span class=\"wpcf7-form-control-wrap\" data-name=\"your-email\"><input size=\"30\" maxlength=\"300\" class=\"wpcf7-form-control wpcf7-email wpcf7-validates-as-required wpcf7-text wpcf7-validates-as-email\" aria-required=\"true\" aria-invalid=\"false\" value=\"\" type=\"email\" name=\"your-email\" \/><\/span> <\/label>\n<\/p>\n<p><label> Mobiil (n\u00f5utav)<br \/>\n<span class=\"wpcf7-form-control-wrap\" data-name=\"tel-704\"><input size=\"30\" maxlength=\"300\" class=\"wpcf7-form-control wpcf7-tel wpcf7-validates-as-required wpcf7-text wpcf7-validates-as-tel\" aria-required=\"true\" aria-invalid=\"false\" value=\"\" type=\"tel\" name=\"tel-704\" \/><\/span> <\/label>\n<\/p>\n<p><label> Koolitused<br \/>\n<span class=\"wpcf7-form-control-wrap\" data-name=\"Koolitused\"><select class=\"wpcf7-form-control wpcf7-select wpcf7-validates-as-required\" aria-required=\"true\" aria-invalid=\"false\" name=\"Koolitused\"><option value=\"Tegevusjuhendaja\">Tegevusjuhendaja<\/option><option value=\"Andragoog\">Andragoog<\/option><option value=\"Ettev\u00f5tlus ja \u00e4riplaani koostamine\">Ettev\u00f5tlus ja \u00e4riplaani koostamine<\/option><option value=\"Lapsehoidja\">Lapsehoidja<\/option><option value=\"Tugiisik\">Tugiisik<\/option><option value=\"P\u00f5randate betoneerimise koolitus\">P\u00f5randate betoneerimise koolitus<\/option><option value=\"Santehniliste s\u00f5lmede ja vannitubade ehitus ja remonts\">Santehniliste s\u00f5lmede ja vannitubade ehitus ja remonts<\/option><option value=\"Arvutikoolitus\">Arvutikoolitus<\/option><option value=\"Inglise keel\">Inglise keel<\/option><option value=\"Eesti keel\">Eesti keel<\/option><\/select><\/span> <\/label>\n<\/p>\n<p><input class=\"wpcf7-form-control wpcf7-submit has-spinner\" type=\"submit\" value=\"Saada\" \/>\n<\/p><div class=\"wpcf7-response-output\" aria-hidden=\"true\"><\/div>\n<\/form>\n<\/div>\n\n","protected":false},"excerpt":{"rendered":"<p>ECOMENGRAD O\u00dc Registrikood: 14348020 KMRK: EE102065503 \u0410\u0434\u0440\u0435\u0441: Ida-Viru maakond, Sillam\u00e4e linn, Mere pst 3, 40231 KURSUSTELE REGISTREERUMINE JA \u00dcLDK\u00dcSIMUSED Anna Kiritsuk Koolitusjuht Tel.: +372.56871465 E-post: info@ecomengrad.eu<\/p>\n","protected":false},"author":1,"featured_media":0,"parent":0,"menu_order":0,"comment_status":"closed","ping_status":"closed","template":"","meta":{"footnotes":""},"class_list":["post-27","page","type-page","status-publish","hentry"],"_links":{"self":[{"href":"https:\/\/ecomengrad.eu\/ee\/wp-json\/wp\/v2\/pages\/27","targetHints":{"allow":["GET"]}}],"collection":[{"href":"https:\/\/ecomengrad.eu\/ee\/wp-json\/wp\/v2\/pages"}],"about":[{"href":"https:\/\/ecomengrad.eu\/ee\/wp-json\/wp\/v2\/types\/page"}],"author":[{"embeddable":true,"href":"https:\/\/ecomengrad.eu\/ee\/wp-json\/wp\/v2\/users\/1"}],"replies":[{"embeddable":true,"href":"https:\/\/ecomengrad.eu\/ee\/wp-json\/wp\/v2\/comments?post=27"}],"version-history":[{"count":18,"href":"https:\/\/ecomengrad.eu\/ee\/wp-json\/wp\/v2\/pages\/27\/revisions"}],"predecessor-version":[{"id":5563,"href":"https:\/\/ecomengrad.eu\/ee\/wp-json\/wp\/v2\/pages\/27\/revisions\/5563"}],"wp:attachment":[{"href":"https:\/\/ecomengrad.eu\/ee\/wp-json\/wp\/v2\/media?parent=27"}],"curies":[{"name":"wp","href":"https:\/\/api.w.org\/{rel}","templated":true}]}}