{"id":3096,"date":"2021-06-09T00:49:56","date_gmt":"2021-06-08T21:49:56","guid":{"rendered":"https:\/\/ecomengrad.eu\/ee\/?page_id=3096"},"modified":"2023-04-16T20:00:22","modified_gmt":"2023-04-16T17:00:22","slug":"digioskuste-algtaseme-koolitus-2","status":"publish","type":"page","link":"https:\/\/ecomengrad.eu\/ee\/digioskuste-algtaseme-koolitus-2\/","title":{"rendered":"Digioskuste algtaseme koolitus (individuaal\u00f5pe)"},"content":{"rendered":"\n<p><strong>Koolituse nimetus:<\/strong> Digioskuste algtaseme koolitus<\/p>\n\n\n\n<p><strong>\u00d5ppekeel<\/strong>: vene keel<\/p>\n\n\n\n<p><strong>\u00d5ppekavar\u00fchm:<\/strong> Arvutikasutus<\/p>\n\n\n\n<p><strong>Koolituse eesm\u00e4rk<\/strong><\/p>\n\n\n\n<p>Koolituse tulemusena, omandab koolitatav \u00f5ppekava \u00f5piv\u00e4ljundid, oskab kasutada arvutit iseseisvalt.<\/p>\n\n\n\n<p><strong>\u00d5piv\u00e4ljundid:<\/strong><\/p>\n\n\n\n<p>Koolituse l\u00f5ppus \u00f5ppija:<\/p>\n\n\n\n<p>-omab algteadmisi enam levinud arvuti riistvarast, tarkvarast ja failihaldusest,<\/p>\n\n\n\n<p>&#8211; oskab orienteeruda arvuti t\u00f6\u00f6laual, suudab hallata faile ja kaustu ning teab, kuidas neid kopeerida, teisaldada ja kustutada;<\/p>\n\n\n\n<p>&#8211; teab ja oskab kasutada Eesti ID-kaarti avaliku- ja erasektori teenuste tarbimisel;<\/p>\n\n\n\n<p>&#8211; on teadlik e-allkirja olemusest, oskab kasutada ID-kaarti;<\/p>\n\n\n\n<p>&#8211; teab k\u00fcberruumi riske ja oskab oskab neid v\u00e4ltida<\/p>\n\n\n\n<p>&#8211; oskab internetist infot otsida;<\/p>\n\n\n\n<p>&#8211; oskab kasutada elektronposti;<\/p>\n\n\n\n<p>&#8211; oskab kasutada enam levinud sotsiaalset tarkvara ja v\u00f5rgustikke;<\/p>\n\n\n\n<p>&#8211; omab praktilist \u00fclevaadet e-keskkonnast Zoom ning oskab kasutada osalejana teistega suhtlemisel ja koost\u00f6\u00f6 tegemisel lihtsamaid interaktsioone.<\/p>\n\n\n\n<p><strong>Sihtgrupp ja \u00f5ppe alustamise tingimused:<\/strong><\/p>\n\n\n\n<p>Isikud, kes soovivad saada algteadmisi arvuti kasutamiseks.<\/p>\n\n\n\n<p>Koolitusele on vaja kaasa v\u00f5tta ID-kaart ning PIN 1 ja PIN 2 paroolid.<\/p>\n\n\n\n<p><strong>\u00d5<\/strong><strong>ppe kogumaht (akadeemilistes tundides): <\/strong>80<\/p>\n\n\n\n<p>&nbsp;Kontakttunde: 80<\/p>\n\n\n\n<p><strong>\u00d5ppesisu<\/strong><strong>:<\/strong><\/p>\n\n\n\n<p><strong>Moodul 1. Arvuti algteadmised<\/strong><\/p>\n\n\n\n<p>Teema 1. Algteadmised enam levinud arvuti riistvarast, tarkvarast ja failihaldusest \u2013 4 t.<\/p>\n\n\n\n<p>Teemaa 2. Windows-I arvuti t\u00f6\u00f6laud -4t.<\/p>\n\n\n\n<p>Teem 3. Faile ja kaustu juhtimine: kopeerimine, teisaldamine ja kustutamine \u2013 8t.<\/p>\n\n\n\n<p><strong>Moodul 2. T\u00f6\u00f6 k\u00fcberruumis<\/strong><\/p>\n\n\n\n<p>Teema 1. Kasutamine Eesti ID-kaarti&nbsp; avaliku- ja erasektori teenuste tarbimisel (sh riigiportaal <a href=\"http:\/\/www.eesti.ee\">www.eesti.ee<\/a>) \u2013 4t.<\/p>\n\n\n\n<p>Teema 2. E-allkiri (mh digiallkiri, mobiil-ID). kasutamine ID-kaarti (sh k\u00f5ige uuemat ID-kaardi haldusvahendit ning DigiDoci klienti) \u2013 8t.<\/p>\n\n\n\n<p>Teema 3. K\u00fcberruumi risked, neid v\u00e4ltitamine ning aktiivselt kaitsetamine isikuandmeid, m\u00f5istamine teiste inimeste \u00f5igust privaatsusele, kaitsetamine ennast veebipettuste ja ohtude ning k\u00fcberkiusamise eest \u2013 4t.<\/p>\n\n\n\n<p><strong>Moodul 3. Otsing Internetis ja e-post<\/strong><\/p>\n\n\n\n<p>Teema 1. Otsing internetist infot (mh riigi- ja KOV asutuste veebilehtedelt, www.eesti.ee; Riigi Teatajast jt) \u2013 6t.<\/p>\n\n\n\n<p>Teema 2. Otsing Google ja Yandex abil&nbsp; \u2013 6t.<\/p>\n\n\n\n<p>Teema 3. Kasutamine elektronposti (sh @eesti.ee), teise e-posti aadressi \u2013 4t.<\/p>\n\n\n\n<p>Teema 4. Kasutamine www.eesti.ee rubriike \u201eminu postkast\u201c ja \u201eminu dokumendid\u201c \u2013 4t.<\/p>\n\n\n\n<p>Teema 5. Loomine endale isiklik e-posti aadressi \u2013 8t.<\/p>\n\n\n\n<p><strong>Moodul 4. Kommunikatsioon Internetis<\/strong><\/p>\n\n\n\n<p>Teema 1. Kasutamine enam levinud sotsiaalset tarkvara ja v\u00f5rgustikke (mh Facebook, Instagram) \u2013 6t.<\/p>\n\n\n\n<p>Teema 2. Praktiline \u00fclevaade e-keskkonnast Zoom -6t.<\/p>\n\n\n\n<p>Teema 3. Kasutamine osalejana teistega suhtlemisel ja koost\u00f6\u00f6 tegemisel lihtsamaid interaktsioone \u2013 4t.<\/p>\n\n\n\n<p>L\u00f5put\u00f6\u00f6 4t<\/p>\n\n\n\n<p><strong>\u00d5ppemeetodid:<\/strong><\/p>\n\n\n\n<p>Loeng, praktilised harjutused, l\u00f5put\u00f6\u00f6<\/p>\n\n\n\n<p><strong>\u00d5ppematerjalide loend:<\/strong><\/p>\n\n\n\n<p>Koolitaja poolt koostatud \u00f5ppematerjalid<strong><\/strong><\/p>\n\n\n\n<p><strong>\u00d5ppekeskkond:<\/strong><\/p>\n\n\n\n<p>Kursused viiakse l\u00e4bi aadressil Mere pst.3, Sillam\u00e4e<\/p>\n\n\n\n<p>\u00d5ppet\u00f6\u00f6s kasutatakse kaasaegset klassi, mis on varustatud 10 arvutiga. Koolitusruum vastab t\u00f6\u00f6tervishoiu ja t\u00f6\u00f6ohutuse seaduses s\u00e4testatud t\u00f6\u00f6tervishoiu ja -ohutuse n\u00f5uetele.<\/p>\n\n\n\n<p><strong>N\u00f5uded \u00f5pingute l\u00f5petamiseks<\/strong><\/p>\n\n\n\n<p>V\u00e4hemalt 80% \u00f5ppekava l\u00e4bimine ja arvestusliku t\u00f6\u00f6 sooritamine.<\/p>\n\n\n\n<p><strong>Kursuse l\u00e4bimisel v\u00e4ljastatav dokument<\/strong><\/p>\n\n\n\n<p>\u00d5ppijale v\u00e4ljastatakse \u00f5ppe l\u00f5petamise n\u00f5uete t\u00e4itmisel tunnistus.<\/p>\n\n\n\n<p>T\u00f5end, kui \u00f5pitulemusi ei saavutatud, kuid \u00f5ppija v\u00f5ttis osa \u00f5ppet\u00f6\u00f6st. T\u00f5end v\u00e4ljastatakse vastavalt osaletud kontakttundide arvule.<\/p>\n\n\n\n<p><strong>Koolitaja kompetentsust tagava kvalifikatsiooni v\u00f5i \u00f5pi- v\u00f5i t\u00f6\u00f6kogemuse kirjeldus<\/strong><\/p>\n\n\n\n<p><strong><strong>Sajan Aldzanov<\/strong>&nbsp;\u2013<\/strong>K\u00f5rgharidus (Tomski pol\u00fctehniline Instituut, rakendusf\u00fc\u00fcsika teaduskond), on olemas t\u00e4iskasvanute kogemus.<\/p>\n","protected":false},"excerpt":{"rendered":"<p>Koolituse nimetus: Digioskuste algtaseme koolitus \u00d5ppekeel: vene keel \u00d5ppekavar\u00fchm: Arvutikasutus Koolituse eesm\u00e4rk Koolituse tulemusena, omandab koolitatav \u00f5ppekava \u00f5piv\u00e4ljundid, oskab kasutada arvutit iseseisvalt. \u00d5piv\u00e4ljundid: Koolituse l\u00f5ppus \u00f5ppija: -omab algteadmisi enam levinud arvuti riistvarast, tarkvarast ja failihaldusest, &#8211; oskab orienteeruda arvuti t\u00f6\u00f6laual, suudab hallata faile ja kaustu ning teab, kuidas neid kopeerida, teisaldada ja kustutada; &#8211; teab ja oskab kasutada [&hellip;]<\/p>\n","protected":false},"author":1,"featured_media":0,"parent":0,"menu_order":0,"comment_status":"closed","ping_status":"closed","template":"","meta":{"footnotes":""},"class_list":["post-3096","page","type-page","status-publish","hentry"],"_links":{"self":[{"href":"https:\/\/ecomengrad.eu\/ee\/wp-json\/wp\/v2\/pages\/3096","targetHints":{"allow":["GET"]}}],"collection":[{"href":"https:\/\/ecomengrad.eu\/ee\/wp-json\/wp\/v2\/pages"}],"about":[{"href":"https:\/\/ecomengrad.eu\/ee\/wp-json\/wp\/v2\/types\/page"}],"author":[{"embeddable":true,"href":"https:\/\/ecomengrad.eu\/ee\/wp-json\/wp\/v2\/users\/1"}],"replies":[{"embeddable":true,"href":"https:\/\/ecomengrad.eu\/ee\/wp-json\/wp\/v2\/comments?post=3096"}],"version-history":[{"count":5,"href":"https:\/\/ecomengrad.eu\/ee\/wp-json\/wp\/v2\/pages\/3096\/revisions"}],"predecessor-version":[{"id":3106,"href":"https:\/\/ecomengrad.eu\/ee\/wp-json\/wp\/v2\/pages\/3096\/revisions\/3106"}],"wp:attachment":[{"href":"https:\/\/ecomengrad.eu\/ee\/wp-json\/wp\/v2\/media?parent=3096"}],"curies":[{"name":"wp","href":"https:\/\/api.w.org\/{rel}","templated":true}]}}