{"id":3266,"date":"2021-08-10T23:01:15","date_gmt":"2021-08-10T20:01:15","guid":{"rendered":"https:\/\/ecomengrad.eu\/ee\/?page_id=3266"},"modified":"2025-11-11T13:53:24","modified_gmt":"2025-11-11T10:53:24","slug":"chernovik-4","status":"publish","type":"page","link":"https:\/\/ecomengrad.eu\/ee\/chernovik-4\/","title":{"rendered":"Maastikuehitaja"},"content":{"rendered":"\n<p><strong>\u00d5ppeasutuse nimi:<\/strong><\/p>\n\n\n\n<p>ECOMENGRAD O\u00dc<\/p>\n\n\n\n<p><strong>\u00d5ppekava nimetus:<\/strong><\/p>\n\n\n\n<p>Maastikuehitaja<\/p>\n\n\n\n<p><strong>\u00d5ppekeel<\/strong><\/p>\n\n\n\n<p>vene keel<\/p>\n\n\n\n<p><strong>\u00d5ppekavar\u00fchm:<\/strong><\/p>\n\n\n\n<p>Arhitektuur ja linnaplaneerimine<\/p>\n\n\n\n<p><\/p>\n\n\n\n<figure class=\"wp-block-embed\"><div class=\"wp-block-embed__wrapper\">\nhttps:\/\/www.kutseregister.ee\/ctrl\/et\/Standardid\/vaata\/10668472\n<\/div><\/figure>\n\n\n\n<p><strong>\u00d5piv\u00e4ljundid<\/strong><strong>:<\/strong><\/p>\n\n\n\n<p><strong>Kursuse l\u00f5pus \u00f5pilane:<\/strong><\/p>\n\n\n\n<p>&#8211; oskab leida ja kasutada teavet t\u00f6\u00f6keskkonna reguleerivate \u00f5igusaktide kohta, hinnata t\u00f6\u00f6keskkonna ohutegureid, j\u00e4rgida kutsealaga seonduvaid t\u00f6\u00f6ohutus- ja t\u00f6\u00f6h\u00fcgieenin\u00f5udeid, anda esmaabi, oskab k\u00e4ituda ohuolukorras;<\/p>\n\n\n\n<p>&#8211; oskab hooldada istutusalasid, sh talveks ette valmistamine, l\u00f5igata ja kujundada taimi vastavalt juhistele, hooldada murusid;<\/p>\n\n\n\n<p>&#8211; oskab koostada ja t\u00e4ita haljastust\u00f6\u00f6dega seonduvat dokumentatsiooni, lugeda, t\u00f5lgendada ja maha m\u00e4rkida haljastusprojekti, k\u00e4sitseda ohutult rajamist\u00f6\u00f6de tehnoloogilisi seadmeid ja masinaid, korraldada ning teha mullaharimis- ja lokaalseid kuivendust\u00f6id, valmistada ette istutusala ja istutada taimi;<\/p>\n\n\n\n<p>&#8211; oskab hooldada ja korras hoida metsat\u00f6\u00f6vahendeid ja k\u00e4sit\u00f6\u00f6riistu, valmistada k\u00fcttesegusid ja valida m\u00e4\u00e4rdeaineid;<\/p>\n\n\n\n<p>&#8211; \u00f5igesti hooldab muruniidukit, t\u00f6\u00f6tab hekil\u00f5ikuriga, trimmeriga, v\u00f5sal\u00f5ikuriga ning viib l\u00e4bi puittaimede l\u00f5ikusi k\u00e4sitsit\u00f6\u00f6 vahenditega;<\/p>\n\n\n\n<p>&nbsp;&#8211; rajab puistekattega k\u00f5nniteid, tugevdatud alusega muruteid, tugim\u00fc\u00fcri, treppi, kiviktaimlat, paigaldab drenaa\u017ei ja lokaalseid kastmiss\u00fcsteeme;<\/p>\n\n\n\n<p>&nbsp;&#8211; rajab ja hooldab m\u00e4nguv\u00e4ljakuid iseseisvalt v\u00f5i t\u00f6\u00f6r\u00fchma liikmena etteantud juhiste j\u00e4rgi, loob \u00fcmbrusesse sobivat haljastust, rajab ja hooldab kalmistu haljastust.<\/p>\n\n\n\n<p>&#8211; saab iseseisvalt aru igast haljastusprojektist ja sellel olevatest m\u00e4rkidest;<\/p>\n\n\n\n<p>&#8211; oskab iseseisvalt koostada haljastusprojekti.<\/p>\n\n\n\n<p><strong>Sihtgrupp:<\/strong><\/p>\n\n\n\n<p>Koolitus on k\u00f5igile, kes soovivad t\u00e4iendada oma teadmisi maastikuehitaja vallas.<\/p>\n\n\n\n<p><strong>\u00d5ppe alustamise tingimused:<\/strong><\/p>\n\n\n\n<p>Maastikuehitaja \u00f5ppekava alusel v\u00f5ib asuda \u00f5ppima isik, kellel on omandatud v\u00e4hemalt p\u00f5hiharidus.<\/p>\n\n\n\n<p><strong>Koolituse &nbsp;eesm\u00e4rk:<\/strong><\/p>\n\n\n\n<p>V\u00f5imaldada koolitatavatel omandada teadmised, oskused ja hoiakud t\u00f6\u00f6tamiseks maastikuehituse valdkonnas.<\/p>\n\n\n\n<p>Kursuslane omandab teadmisi algtasemel erialal \u201cMaastikuehitaja II\u201d, millised v\u00f5imaldavad tal p\u00e4rast kursuse l\u00f5petamist minna t\u00f6\u00f6turule ja leida endale rakendust&nbsp; eraettev\u00f5tetes.<\/p>\n\n\n\n<p><strong>\u00d5ppe kogumaht:<\/strong><\/p>\n\n\n\n<p><strong>&nbsp;162 tundi<\/strong>&nbsp;(127 tundi on auditoorne t\u00f6\u00f6+35 ak. tundi praktika)<\/p>\n\n\n\n<p><strong>\u00d5ppe sisu:<\/strong><\/p>\n\n\n\n<p><strong>I T\u00d6\u00d6KESKKOND JA T\u00d6\u00d6SEADUSANDLUS&nbsp;&nbsp;&nbsp;&nbsp;&nbsp;&nbsp;&nbsp;&nbsp;&nbsp;&nbsp; 32&nbsp;&nbsp;tundi<\/strong><\/p>\n\n\n\n<p>1.1. T\u00f6\u00f6tervishoid ja t\u00f6\u00f6ohutus&nbsp;&nbsp;&nbsp;&nbsp;&nbsp;&nbsp;&nbsp;&nbsp;&nbsp;&nbsp;&nbsp;&nbsp;&nbsp;&nbsp; &nbsp;&nbsp;&nbsp;&nbsp;&nbsp;&nbsp;&nbsp;&nbsp;&nbsp;<\/p>\n\n\n\n<p>1.2.&nbsp;&nbsp;&nbsp;&nbsp;&nbsp;&nbsp;&nbsp; Esmaabi&nbsp;&nbsp;&nbsp;&nbsp;&nbsp;&nbsp;&nbsp;&nbsp;&nbsp;&nbsp;&nbsp;&nbsp;&nbsp;&nbsp; &nbsp;&nbsp;&nbsp;&nbsp;&nbsp;&nbsp;&nbsp;&nbsp;&nbsp;&nbsp;&nbsp;<\/p>\n\n\n\n<p>1.3.&nbsp;&nbsp;&nbsp;&nbsp;&nbsp;&nbsp;&nbsp; T\u00f6\u00f6seadusandluse alused&nbsp;&nbsp;&nbsp;&nbsp;&nbsp;&nbsp;&nbsp;&nbsp;&nbsp; &nbsp;&nbsp;&nbsp;&nbsp;&nbsp;&nbsp;&nbsp;&nbsp;&nbsp;&nbsp;&nbsp;&nbsp;<\/p>\n\n\n\n<p>1.4.&nbsp;&nbsp;&nbsp;&nbsp;&nbsp;&nbsp;&nbsp; Loodusressursside kasutamine ja kaitse&nbsp;&nbsp;&nbsp;&nbsp;&nbsp;&nbsp;&nbsp;&nbsp;&nbsp;&nbsp;&nbsp;&nbsp;&nbsp; &nbsp;&nbsp;&nbsp;&nbsp;&nbsp;&nbsp;&nbsp;&nbsp;&nbsp;&nbsp;&nbsp;&nbsp;<\/p>\n\n\n\n<p>1.5.&nbsp;&nbsp;&nbsp;&nbsp;&nbsp;&nbsp;&nbsp; Keskkonnariskid ja keskkonnaaudit&nbsp;&nbsp;&nbsp;&nbsp;&nbsp;&nbsp; &nbsp;&nbsp;&nbsp;&nbsp;&nbsp;&nbsp;&nbsp;&nbsp;&nbsp;&nbsp;&nbsp;&nbsp;<\/p>\n\n\n\n<p>1.6.&nbsp;&nbsp;&nbsp;&nbsp;&nbsp;&nbsp;&nbsp; Dokumentatsioon. Projekt. Hinnapakkumine. Leping. T\u00f6\u00f6k\u00e4sk. Objektip\u00e4evik. T\u00f6\u00f6 \u00fcleandmise \u2013 vastuv\u00f5tmise akt. Arved&nbsp;&nbsp; &nbsp;&nbsp;&nbsp;&nbsp;&nbsp;&nbsp;&nbsp;&nbsp;&nbsp;<\/p>\n\n\n\n<p>1.7.&nbsp;&nbsp;&nbsp;&nbsp;&nbsp;&nbsp;&nbsp; Praktilised t\u00f6\u00f6d. Objekti anal\u00fc\u00fcs maastikuehituslike t\u00f6\u00f6de v\u00f5imalike \u00f5iguslikepiirangute v\u00e4ljaselgitamiseks&nbsp;&nbsp;&nbsp; &nbsp;&nbsp;<\/p>\n\n\n\n<p><strong>II AIANDUSE ALUSED&nbsp; 12&nbsp;&nbsp;tundi<\/strong><\/p>\n\n\n\n<p>2.1.&nbsp;&nbsp;&nbsp;&nbsp;&nbsp;&nbsp;&nbsp; Taimekasvatus<\/p>\n\n\n\n<p>2.2.&nbsp;&nbsp;&nbsp;&nbsp;&nbsp;&nbsp;&nbsp; Puittaimed&nbsp;&nbsp;&nbsp;&nbsp;&nbsp;&nbsp;&nbsp;&nbsp; &nbsp;&nbsp;&nbsp;&nbsp;&nbsp;&nbsp;&nbsp;&nbsp;&nbsp;&nbsp;<\/p>\n\n\n\n<p>2.3.&nbsp;&nbsp;&nbsp;&nbsp;&nbsp;&nbsp;&nbsp; Rohttaimed&nbsp;&nbsp;&nbsp;&nbsp;&nbsp;&nbsp; &nbsp;&nbsp;&nbsp;&nbsp;&nbsp;&nbsp;&nbsp;<\/p>\n\n\n\n<p>2.4.&nbsp;&nbsp;&nbsp;&nbsp;&nbsp;&nbsp;&nbsp; Tarbetaimed&nbsp;&nbsp;&nbsp;<\/p>\n\n\n\n<p><strong>III HALJASALADE RAJAMINE &nbsp;17&nbsp;&nbsp;tundi<\/strong><\/p>\n\n\n\n<p>3.1.&nbsp;&nbsp;&nbsp;&nbsp;&nbsp;&nbsp;&nbsp; Haljastusprojekti lugemine&nbsp;&nbsp;&nbsp;&nbsp;&nbsp;&nbsp;&nbsp;&nbsp;&nbsp;&nbsp;&nbsp;&nbsp;&nbsp;&nbsp;&nbsp;&nbsp;&nbsp;<\/p>\n\n\n\n<p>3.2.&nbsp;&nbsp;&nbsp;&nbsp;&nbsp;&nbsp;&nbsp; M\u00f5\u00f5distamine&nbsp; &nbsp;&nbsp;&nbsp;&nbsp;&nbsp;&nbsp;&nbsp;&nbsp;&nbsp;<\/p>\n\n\n\n<p>3.3.&nbsp;&nbsp;&nbsp;&nbsp;&nbsp;&nbsp;&nbsp; Maastikuehituslikud \u00fcldt\u00f6\u00f6d&nbsp;&nbsp;&nbsp;&nbsp; &nbsp;&nbsp;&nbsp;&nbsp;&nbsp;&nbsp;&nbsp;&nbsp;<\/p>\n\n\n\n<p>3.4.&nbsp;&nbsp;&nbsp;&nbsp;&nbsp;&nbsp;&nbsp; Masinate ja seadmete kasutamine&nbsp;&nbsp;<\/p>\n\n\n\n<p><strong>IV&nbsp;&nbsp;&nbsp;&nbsp;&nbsp;&nbsp;&nbsp;&nbsp;&nbsp;&nbsp; PUUDE HOOLDUS JA RAIET\u00d6\u00d6D&nbsp;&nbsp;26&nbsp;tundi&nbsp;&nbsp;&nbsp;<\/strong><\/p>\n\n\n\n<p>4.1.&nbsp;&nbsp;&nbsp;&nbsp;&nbsp;&nbsp;&nbsp; Mootorsae ehitus ja t\u00f6\u00f6p\u00f5him\u00f5tted&nbsp;&nbsp;&nbsp;&nbsp; &nbsp;&nbsp;&nbsp;&nbsp;&nbsp;&nbsp;&nbsp;&nbsp;&nbsp;<\/p>\n\n\n\n<p>4.2.&nbsp;&nbsp;&nbsp;&nbsp;&nbsp;&nbsp;&nbsp; Mootorsaagide kasutamisj\u00e4rgne tehniline hooldus&nbsp;&nbsp;&nbsp;&nbsp;&nbsp;&nbsp;&nbsp;&nbsp;&nbsp;&nbsp;&nbsp;&nbsp;&nbsp;&nbsp;&nbsp;&nbsp;&nbsp;<\/p>\n\n\n\n<p>4.3.&nbsp;&nbsp;&nbsp;&nbsp;&nbsp;&nbsp;&nbsp; Metsat\u00f6\u00f6vahendite hooldus ja korrashoid. Mootorsaed, v\u00f5sal\u00f5ikajad. Lisaseadmed ja varustus \u2013 plaadid, ketid, teritusseadmed, kettad&nbsp;&nbsp;&nbsp;&nbsp;&nbsp;&nbsp;&nbsp;&nbsp;&nbsp;&nbsp;&nbsp;&nbsp;&nbsp;&nbsp; &nbsp;&nbsp;&nbsp;&nbsp;&nbsp;&nbsp;&nbsp;&nbsp;&nbsp;&nbsp;<\/p>\n\n\n\n<p>4.4.&nbsp;&nbsp;&nbsp;&nbsp;&nbsp;&nbsp;&nbsp; K\u00e4sit\u00f6\u00f6riistade hooldus ja korrashoid&nbsp;&nbsp;&nbsp; &nbsp;&nbsp;&nbsp;&nbsp;&nbsp;&nbsp;&nbsp;&nbsp;&nbsp;&nbsp;&nbsp;&nbsp;<\/p>\n\n\n\n<p>4.5.&nbsp;&nbsp;&nbsp;&nbsp;&nbsp;&nbsp;&nbsp; Puude hooldamine. Puuhoolduse eesm\u00e4rgid, v\u00f5ra kujundamine, puidukahjustustediagnoosimine ja ravi, oksastiku stabiliseerimine&nbsp;&nbsp;&nbsp;&nbsp;&nbsp;&nbsp;<\/p>\n\n\n\n<p><strong>V&nbsp; HALJASALADE HOOLDAMINE &nbsp;17&nbsp;tundi<\/strong><\/p>\n\n\n\n<p>5.1.&nbsp;&nbsp;&nbsp;&nbsp;&nbsp;&nbsp;&nbsp; Haljasalade hooldamise tehnoloogia&nbsp;&nbsp;&nbsp;&nbsp;&nbsp;&nbsp;&nbsp;&nbsp;&nbsp;&nbsp;&nbsp;&nbsp;&nbsp;&nbsp;<\/p>\n\n\n\n<p>5.2.&nbsp;&nbsp;&nbsp;&nbsp;&nbsp;&nbsp;&nbsp; Puittaimede l\u00f5ikamine<\/p>\n\n\n\n<p>Puittaimede l\u00f5ikuse liigid, l\u00f5ikuse ajad ja eesm\u00e4rgid. Istutusl\u00f5ikus, kujundusl\u00f5ikus, noorendusl\u00f5ikus, vormil\u00f5ikus. Puuliigi erip\u00e4ra ja vanuse arvestamine l\u00f5ikamisel. Viljapuude ja marjap\u00f5\u00f5saste l\u00f5ikus. T\u00f6\u00f6v\u00f5tted okste l\u00f5ikamisel&nbsp;&nbsp;&nbsp;&nbsp;&nbsp;&nbsp; &nbsp;&nbsp;&nbsp;&nbsp;&nbsp;&nbsp;&nbsp;&nbsp;<\/p>\n\n\n\n<p>5.3.&nbsp;&nbsp;&nbsp;&nbsp;&nbsp;&nbsp;&nbsp; Keskkonnahoid haljasalade hooldamisel&nbsp;&nbsp;&nbsp;&nbsp;&nbsp;&nbsp;&nbsp;&nbsp;&nbsp;<\/p>\n\n\n\n<p>5.4.&nbsp;&nbsp;&nbsp;&nbsp;&nbsp;&nbsp;&nbsp; Praktilised t\u00f6\u00f6d&nbsp;&nbsp;&nbsp;<\/p>\n\n\n\n<p><strong>VI MAASTIKUEHITISTE RAJAMINE JA HOOLDAMINE&nbsp;&nbsp;&nbsp;&nbsp;22 tundi<\/strong><\/p>\n\n\n\n<p>6.1.&nbsp;&nbsp;&nbsp;&nbsp;&nbsp;&nbsp;&nbsp; Ehitusmaterjalid&nbsp;&nbsp;&nbsp;&nbsp;&nbsp;&nbsp;&nbsp;&nbsp;&nbsp;&nbsp;&nbsp;&nbsp;&nbsp;&nbsp;&nbsp;&nbsp;&nbsp;&nbsp;&nbsp;&nbsp;&nbsp;&nbsp;&nbsp;&nbsp;<\/p>\n\n\n\n<p>6.2.&nbsp;&nbsp;&nbsp;&nbsp;&nbsp;&nbsp;&nbsp; Rajamistehnoloogiad&nbsp;&nbsp;&nbsp; &nbsp;&nbsp;&nbsp;&nbsp;&nbsp;&nbsp;&nbsp;&nbsp;&nbsp;<\/p>\n\n\n\n<p>6.3.&nbsp;&nbsp;&nbsp;&nbsp;&nbsp;&nbsp;&nbsp; Rajamisseadmed ja mehhanismid&nbsp;&nbsp;&nbsp;&nbsp;&nbsp;&nbsp;&nbsp;&nbsp;&nbsp;&nbsp;&nbsp;&nbsp;&nbsp;&nbsp;&nbsp;&nbsp;&nbsp;&nbsp;&nbsp;&nbsp;<\/p>\n\n\n\n<p>6.4.&nbsp;&nbsp;&nbsp;&nbsp;&nbsp;&nbsp;&nbsp; V\u00e4ikevormid&nbsp;&nbsp;&nbsp;&nbsp;&nbsp; &nbsp;&nbsp;&nbsp;&nbsp;&nbsp;&nbsp;&nbsp;&nbsp;&nbsp;&nbsp;&nbsp;&nbsp;<\/p>\n\n\n\n<p>6.5.&nbsp;&nbsp;&nbsp;&nbsp;&nbsp;&nbsp;&nbsp; Kivisillutisega k\u00f5nnitee rajamine, sh \u00e4\u00e4rekivi paigaldamine. Puistekattega k\u00f5nnitee rajamine. Tugevdatud alusega murutee rajamine. Tugim\u00fc\u00fcri ehitamine. Trepi ehitamine. Veesilma rajamine. Katuse- ja vertikaalhaljastus. Konteinerhaljastus.<\/p>\n\n\n\n<p><strong>VII&nbsp; ERIOTSTARBELISTE HALJASALADE RAJAMINE JA HOOLDAMINE&nbsp;&nbsp;12 tundi<\/strong><\/p>\n\n\n\n<p>7.1.&nbsp;&nbsp;&nbsp;&nbsp;&nbsp;&nbsp;&nbsp; Koolide ja lasteaedade \u00fcmbruse haljastuse kujundamine&nbsp;&nbsp;&nbsp;&nbsp;&nbsp;&nbsp;&nbsp;&nbsp;&nbsp; &nbsp;&nbsp;&nbsp;&nbsp;&nbsp;&nbsp;&nbsp;&nbsp;&nbsp;&nbsp;<\/p>\n\n\n\n<p>7.2.&nbsp;&nbsp;&nbsp;&nbsp;&nbsp;&nbsp;&nbsp; M\u00e4nguv\u00e4ljakute rajamine ja hooldamine&nbsp;&nbsp;&nbsp;&nbsp;&nbsp;&nbsp;&nbsp;&nbsp;&nbsp;&nbsp;&nbsp;&nbsp;&nbsp;&nbsp;&nbsp;&nbsp;&nbsp;&nbsp;&nbsp;&nbsp;&nbsp;<\/p>\n\n\n\n<p>7.3.&nbsp;&nbsp;&nbsp;&nbsp;&nbsp;&nbsp;&nbsp; Kalmistute rajamine ja hooldamine&nbsp;&nbsp;&nbsp;&nbsp;&nbsp;&nbsp;&nbsp; &nbsp;&nbsp;&nbsp;&nbsp;&nbsp;&nbsp;&nbsp;&nbsp;&nbsp;&nbsp;<\/p>\n\n\n\n<p>7.4.&nbsp;&nbsp;&nbsp;&nbsp;&nbsp;&nbsp;&nbsp; M\u00e4nguv\u00e4ljaku haljastuse kujundamine ja rajamine. Hooldust\u00f6\u00f6d.&nbsp;&nbsp;&nbsp;<\/p>\n\n\n\n<p><strong>VIII Arhitektuur ja linnaplaneerimine 24 tundi<\/strong><\/p>\n\n\n\n<p>Maastiku uurimine, inventeerimine, hindamine ja maastiku hooldamise kavandamine<\/p>\n\n\n\n<ul class=\"wp-block-list\">\n<li>T\u00f6\u00f6protsessi kavandamine<\/li>\n\n\n\n<li>L\u00e4hteandmete kogumine<\/li>\n\n\n\n<li>Andmete anal\u00fc\u00fcs<\/li>\n\n\n\n<li>L\u00f5ppdokumendi koostamine ja vormistamine<\/li>\n<\/ul>\n\n\n\n<p><strong>\u00d5ppemeetodid:<\/strong><\/p>\n\n\n\n<p>Loengud,&nbsp; praktika<\/p>\n\n\n\n<p><strong>\u00d5ppekeskkond:<\/strong><\/p>\n\n\n\n<p>Kursused viiakse l\u00e4bi aadressil Mere pst 3 Sillam\u00e4e. Praktika toimub Sillam\u00e4e\/Narva linna piires.<\/p>\n\n\n\n<p>\u00d5ppet\u00f6\u00f6ks on sisustatud avarad, valgusk\u00fcllased ja tehniliselt varustatud ruumid.<\/p>\n\n\n\n<p>\u00d5ppeklassid on varustatud t\u00e4nap\u00e4evaste koolitusvahenditega (mugavad \u00f5ppelauad ja toolid, tahvlid, s\u00fclearvutid, video- ja audiotehnika jm). K\u00f5ikides kasutatavates \u00f5pperuumides on traadita interneti kasutamise v\u00f5imalus.<\/p>\n\n\n\n<p>Koolitusruumid, \u00f5ppetehnika ja -vahendid vastavad t\u00f6\u00f6tervishoiu ja t\u00f6\u00f6ohutuse seaduses s\u00e4testatud n\u00f5uetele. Koolitusruum ning sisustus sobivad koolituse l\u00e4biviimiseks.<\/p>\n\n\n\n<p>&nbsp;Koolituse teooria osa v\u00f5ib toimuda ka videokonverentsi keskkonnas Zoom.<\/p>\n\n\n\n<p><strong>\u00d5ppematerjalid ja t\u00f6\u00f6ristad:<\/strong><\/p>\n\n\n\n<p>Koolitaja poolt koostatud \u00f5ppematerjalid,<\/p>\n\n\n\n<p>joonised, kasutusjuhend.<\/p>\n\n\n\n<p>T\u00f6\u00f6riistad: mootorsaed, v\u00f5sal\u00f5ikurid (bensiiniga), oksak\u00e4\u00e4rid, oksal\u00f5ikurid, hekik\u00e4\u00e4rid.<\/p>\n\n\n\n<p>Nurklihvijad, tambid, kergrull (muru jaoks), nivelliirid, laser-vesilood.<\/p>\n\n\n\n<p>Samuti antakse igale \u00f5pilasele kaitser\u00f5ivaste komplekt ja isikukaitsevahendid.<\/p>\n\n\n\n<p>K\u00f5igi \u00f5ppematerjalide ja t\u00f6\u00f6riistadega varustab \u00f5pilast kool.<\/p>\n\n\n\n<p><strong>T\u00e4iendkoolituse l\u00f5petamise tingimused ja v\u00e4ljastatavad dokumendid:<\/strong><\/p>\n\n\n\n<p>Kursuse l\u00e4bimise eelduseks on osalemine v\u00e4hemalt 70% kontakttundidest ning l\u00f5putesti sooritamine tulemusele v\u00e4hemalt 60%<\/p>\n\n\n\n<p>\u00d5ppijale v\u00e4ljastatakse \u00f5ppe l\u00f5petamise n\u00f5uete t\u00e4itmisel Ecomengradi tunnistus.<\/p>\n\n\n\n<p>T\u00f5end, kui \u00f5pitulemusi ei saavutatud, kuid \u00f5ppija v\u00f5ttis osa \u00f5ppet\u00f6\u00f6st. T\u00f5end v\u00e4ljastatakse vastavalt osaletud kontakttundide arvule.<\/p>\n\n\n\n<p><strong>Hindamismeetodid: <\/strong><\/p>\n\n\n\n<div class=\"wp-block-group\"><div class=\"wp-block-group__inner-container is-layout-flow wp-block-group-is-layout-flow\">\n<ul class=\"wp-block-list\">\n<li><strong>Test<\/strong>. Testi positiivseks soorituseks on vaja v\u00e4hemalt 60 % \u00f5igeid vastuseid.<\/li>\n\n\n\n<li><strong>Praktiline t\u00f6\u00f6.<\/strong> \u00d5pilane on aktiivselt praktika t\u00f6\u00f6s osalenud.<\/li>\n<\/ul>\n<\/div><\/div>\n\n\n\n<p><strong>Koolitajate l\u00e4biviimiseks vajaliku kvalifikatsiooni, \u00f5pi v\u00f5i t\u00f6\u00f6kogemuse kirjeldus:<\/strong><\/p>\n\n\n\n<p><strong>Denis Kolesnikov&nbsp;<\/strong>&nbsp;&nbsp;&nbsp;arborist- tase 4, maastkuehitaja- tase 3, puuhoolduse spetsialist, t\u00e4iskasvanute koolitamise kogemus, VDV Group O\u00dc juhataja<\/p>\n\n\n\n<p><strong>Igor Dayneko<\/strong>&nbsp;Ehitusinsener \u2013 Sankt-Peterburi&nbsp; Riigi Arhitektuuri-Ehitus\u00fclikool,<br>&nbsp;t\u00f6\u00f6kogemus ehitust\u00f6\u00f6de korraldamisel&nbsp;&nbsp;ja&nbsp;juhtimisel&nbsp;&nbsp;1995.&nbsp;aastast<\/p>\n\n\n\n<p><strong>Tatiana Malinina&nbsp;<\/strong>heakorra ja puhastuse teeninduse osakonna juhataja AS MEKE,&nbsp;on l\u00f5petanud Majanduse ja Juhtimise Instituudi \u201cEcomen\u201d \u00f5ppekava \u201cEttev\u00f5tte juhtimine\u201d ja on l\u00e4binud j\u00e4rgmised koolitused: Linnapuude majandamine (24 ak.t.) ja Maastikuehitaja koolitus, 240 ak.t.<\/p>\n\n\n\n<p>T\u00f6\u00f6kogemus maastikuehituses 2013. aastast.<\/p>\n\n\n\n<p><strong>\u00a0Julia Grigorjeva<\/strong>\u2013 Koolitaja, kes on l\u00e4bitud Tallinna Tervisehoiu K\u00f5rkooli \u00f5e eriala p\u00f5hi\u00f5pet ja intensiiv\u00f5enduse eriala koolitust. Koolitaja t\u00f6\u00f6tab kiirabis. EPR Esmaabi \u00f5petaja koolitus, tunnistuse nr. KB_EA2021-20<\/p>\n\n\n\n<p><strong>\u00d5peprotsess:&nbsp;<\/strong>Koolitus toimub \u00f5htul, 4 ak. tundi kaupa (16.15-19.15), kolm korda n\u00e4dalas (kokkuleppel \u00f5pilastega- 4&nbsp; korda n\u00e4dalas)<\/p>\n","protected":false},"excerpt":{"rendered":"<p>\u00d5ppeasutuse nimi: ECOMENGRAD O\u00dc \u00d5ppekava nimetus: Maastikuehitaja \u00d5ppekeel vene keel \u00d5ppekavar\u00fchm: Arhitektuur ja linnaplaneerimine \u00d5piv\u00e4ljundid: Kursuse l\u00f5pus \u00f5pilane: &#8211; oskab leida ja kasutada teavet t\u00f6\u00f6keskkonna reguleerivate \u00f5igusaktide kohta, hinnata t\u00f6\u00f6keskkonna ohutegureid, j\u00e4rgida kutsealaga seonduvaid t\u00f6\u00f6ohutus- ja t\u00f6\u00f6h\u00fcgieenin\u00f5udeid, anda esmaabi, oskab k\u00e4ituda ohuolukorras; &#8211; oskab hooldada istutusalasid, sh talveks ette valmistamine, l\u00f5igata ja kujundada taimi vastavalt juhistele, hooldada murusid; [&hellip;]<\/p>\n","protected":false},"author":1,"featured_media":0,"parent":0,"menu_order":0,"comment_status":"closed","ping_status":"closed","template":"","meta":{"footnotes":""},"class_list":["post-3266","page","type-page","status-publish","hentry"],"_links":{"self":[{"href":"https:\/\/ecomengrad.eu\/ee\/wp-json\/wp\/v2\/pages\/3266","targetHints":{"allow":["GET"]}}],"collection":[{"href":"https:\/\/ecomengrad.eu\/ee\/wp-json\/wp\/v2\/pages"}],"about":[{"href":"https:\/\/ecomengrad.eu\/ee\/wp-json\/wp\/v2\/types\/page"}],"author":[{"embeddable":true,"href":"https:\/\/ecomengrad.eu\/ee\/wp-json\/wp\/v2\/users\/1"}],"replies":[{"embeddable":true,"href":"https:\/\/ecomengrad.eu\/ee\/wp-json\/wp\/v2\/comments?post=3266"}],"version-history":[{"count":31,"href":"https:\/\/ecomengrad.eu\/ee\/wp-json\/wp\/v2\/pages\/3266\/revisions"}],"predecessor-version":[{"id":7759,"href":"https:\/\/ecomengrad.eu\/ee\/wp-json\/wp\/v2\/pages\/3266\/revisions\/7759"}],"wp:attachment":[{"href":"https:\/\/ecomengrad.eu\/ee\/wp-json\/wp\/v2\/media?parent=3266"}],"curies":[{"name":"wp","href":"https:\/\/api.w.org\/{rel}","templated":true}]}}