{"id":3335,"date":"2021-08-25T15:27:21","date_gmt":"2021-08-25T12:27:21","guid":{"rendered":"https:\/\/ecomengrad.eu\/ee\/?page_id=3335"},"modified":"2026-01-08T18:21:51","modified_gmt":"2026-01-08T15:21:51","slug":"raamatupidamisarvestuse-taiskursus","status":"publish","type":"page","link":"https:\/\/ecomengrad.eu\/ee\/raamatupidamisarvestuse-taiskursus\/","title":{"rendered":""},"content":{"rendered":"\n<p><strong>\u00d5ppekava nimetus:&nbsp;<\/strong><\/p>\n\n\n\n<p>Raamatupidamisarvestuse kursus<\/p>\n\n\n\n<p><strong>\u00d5ppekavar\u00fchm:<\/strong>&nbsp;<\/p>\n\n\n\n<p>majandusarvestus ja maksundus<\/p>\n\n\n\n<p><strong>\u00d5ppekeel:<\/strong>&nbsp;<\/p>\n\n\n\n<p>vene keel<\/p>\n\n\n\n<p><strong>\u00d5piv\u00e4ljundid:<\/strong><\/p>\n\n\n\n<p><strong>Kursuse l\u00f5pus \u00f5pilane:<\/strong><\/p>\n\n\n\n<ul class=\"wp-block-list\">\n<li>oskab kasutada raamatupidamisalast erialas\u00f5navara ja raamatupidamise kohta k\u00e4ivaid seadusi;<\/li>\n\n\n\n<li>oskab iseseisvalt lahendada peamisi raamatupidamisalaseid \u00fclesandeid (andmete sisestamine ja aruandlus);<\/li>\n\n\n\n<li>oskab t\u00f6\u00f6delda raamatupidamisdokumente ja sisestada neid arvepidamiss\u00fcsteemi;<\/li>\n\n\n\n<li>tunneb peamisi raamatupidamise p\u00f5him\u00f5tteid;<\/li>\n\n\n\n<li>tunneb k\u00e4ibemaksu, puhkusetasu ja t\u00f6\u00f6tasu arvestamise alusp\u00f5him\u00f5tteid;<\/li>\n\n\n\n<li>oskab arvestada vara, kohustuste ja omakapitali seisu;<\/li>\n\n\n\n<li>oskab t\u00e4ita maksudeklaratsioone;<\/li>\n\n\n\n<li>tunneb ettev\u00f5tte aastaaruande koostamise p\u00f5him\u00f5tteid;<\/li>\n\n\n\n<li>suudab raamatupidamist korraldada spetsiaalseid raamatupidamisprogramme kasutades (1C raamatupidamine, Meritaktiva).<\/li>\n<\/ul>\n\n\n\n<p><strong>Sihtgrupp ja \u00f5ppe alustamise tingimused:<\/strong><\/p>\n\n\n\n<p>k\u00f5ik, kes soovivad \u00f5ppida raamatupidamise aluseid, sh raamatupidajate assistendid, m\u00fc\u00fcgisekret\u00e4rid, v\u00e4ike- ja pereettev\u00f5tete omanikud.<\/p>\n\n\n\n<p><strong>\u00d5ppe kogumaht:<\/strong>&nbsp;<\/p>\n\n\n\n<p>80 akadeemilist tundi (&nbsp;(sh 60 tundi auditoorne ja praktiline t\u00f6\u00f6, 20 tundi iseseisevat t\u00f6\u00f6d).<\/p>\n\n\n\n<p><strong>\u00d5ppesisu:<\/strong><\/p>\n\n\n\n<p>1. Raamatupidamise \u00f5iguslik regulatsioon Eesti Vabariigis:<\/p>\n\n\n\n<ul class=\"wp-block-list\">\n<li>raamatupidamise seadus, Raamatupidamise Toimkonna juhendid, RTJ, rahvusvahelised finantsaruandluse standardid (IFRS); raamatupidaja kutse-eetika<\/li>\n\n\n\n<li>raamatupidamise sise-eeskirjad<\/li>\n\n\n\n<li>arvestusmeetodid; arvestusp\u00f5him\u00f5tetes kasutatav terminoloogia, majandustehingute kirjed<\/li>\n<\/ul>\n\n\n\n<p>2. Raamatupidamise ja maksustamise \u00f5iguslik raamistik Eesti Vabariigis<\/p>\n\n\n\n<p>3. \u00c4riettev\u00f5tte raamatupidamine:<\/p>\n\n\n\n<ul class=\"wp-block-list\">\n<li>varude, kaupade, tooraine ja materjali arvestus; inventariseerimine<\/li>\n\n\n\n<li>p\u00f5hivara arvestamine, amortisatsiooni arvestamise meetodid<\/li>\n\n\n\n<li>algdokumendid; dokumentide vormistamisele, koostamisele ja liikidele esitatavad n\u00f5uded<\/li>\n\n\n\n<li>sularahatehingute ja pangakonto kaudu tehtud tehingute raamatupidamine<\/li>\n\n\n\n<li>tehingud seotud isikutega, kuluaruanded<\/li>\n<\/ul>\n\n\n\n<p>4. Mida peab raamatupidaja teadma t\u00f6\u00f6\u00f5igusest:<\/p>\n\n\n\n<ul class=\"wp-block-list\">\n<li>isikup\u00f5hine arvestus ja palgaarvestus, lepinguliigid, t\u00f6\u00f6aja arvestus<\/li>\n\n\n\n<li>f\u00fc\u00fcsilise isiku maksustamise seadused<\/li>\n\n\n\n<li>sotsiaalmaks<\/li>\n\n\n\n<li>pensionis\u00fcsteem ja sellega seotud maksud<\/li>\n\n\n\n<li>t\u00f6\u00f6tuskindlustus<\/li>\n\n\n\n<li>f\u00fc\u00fcsilise isiku maksukohustus<\/li>\n\n\n\n<li>palga- ja puhkusearvestus, palga- ja puhkusefond<\/li>\n\n\n\n<li>haigush\u00fcvitise arvestamine ja maksmine<\/li>\n\n\n\n<li>l\u00e4hetus ja l\u00e4hetustasu arvestamine<\/li>\n\n\n\n<li>palgamaksude arvestus<\/li>\n<\/ul>\n\n\n\n<p>\u00dclesannete lahendamine. Palgaarvestus, arvestuskaardi koostamine, puhkusetasu ja haigush\u00fcvitise arvestamine.<\/p>\n\n\n\n<p>5. Ettev\u00f5tte majandusaasta aruanne<\/p>\n\n\n\n<ul class=\"wp-block-list\">\n<li>bilanss, kasumiaruanne, rahavood, omakapitali arvestus<\/li>\n<\/ul>\n\n\n\n<p>6.&nbsp;<strong>Raamatupidamise automaatiseerimiss\u00fcsteemid<\/strong><\/p>\n\n\n\n<ul class=\"wp-block-list\">\n<li>Raamatupidamise arvutis\u00fcsteemides t\u00f6\u00f6tamine<\/li>\n\n\n\n<li>Raamatupidamiss\u00fcsteem (MeritAktiva)<\/li>\n<\/ul>\n\n\n\n<p><strong>\u00d5ppekeskkond:<\/strong><\/p>\n\n\n\n<p>Veebikeskkond (Zoom)<\/p>\n\n\n\n<p><strong>\u00d5ppemeetodid<\/strong>:<\/p>\n\n\n\n<p>Kursus toimub loenguvormis, millele j\u00e4rgneb praktiline t\u00f6\u00f6 auditooriumis ja \u00f5ppuri iseseisev t\u00f6\u00f6 (lisamaterjali lugemine v\u00f5i \u00fclesannete lahendamine).<\/p>\n\n\n\n<p><strong>\u00d5ppematerjalide loend:<\/strong>&nbsp;<\/p>\n\n\n\n<p>Koolitaja poolt koostatud \u00f5ppematerjalid<\/p>\n\n\n\n<p><strong>L\u00f5petamise tingimused ja v\u00e4ljastatavad dokumendid<\/strong>:<\/p>\n\n\n\n<p>Kursuse l\u00e4bimise eelduseks on osalemine v\u00e4hemalt 70% kontakttundidest ning l\u00f5putesti sooritamine tulemusele v\u00e4hemalt 60%<\/p>\n\n\n\n<p>\u00d5ppijale v\u00e4ljastatakse \u00f5ppe l\u00f5petamise n\u00f5uete t\u00e4itmisel Ecomengradi tunnistus.<\/p>\n\n\n\n<p>Kui l\u00f5putestis on alla 60% \u00f5igeid vastuseid, siis v\u00e4ljastatakse \u00f5ppijale koolitusel osalemist kinnitav t\u00f5end.<\/p>\n\n\n\n<p><strong>Hindamismeetod ja hindamiskriteerium:<\/strong><\/p>\n\n\n\n<p>Test. Testi positiivseks soorituseks on vaja v\u00e4hemalt 60 % \u00f5igeid vastuseid.<\/p>\n\n\n\n<p><strong>Koolitaja kompetentsust tagava kvalifikatsiooni v\u00f5i t\u00f6\u00f6kogemuse kirjeldus:<\/strong><\/p>\n\n\n\n<p><strong>Irina Savitskaja \u2013\u00a0<\/strong><em>Tallinna Kerget\u00f6\u00f6stustehnikum-keskeriharidus (kvalifikatsioon- \u00a0raamatupidaja), t\u00f6\u00f6kogemus raamatupidajana ~40 aastat. T\u00e4iskasvanute koolitamise kogemus \u00fcle 6 aasta.<\/em><\/p>\n\n\n\n<p><\/p>\n","protected":false},"excerpt":{"rendered":"<p>\u00d5ppekava nimetus:&nbsp; Raamatupidamisarvestuse kursus \u00d5ppekavar\u00fchm:&nbsp; majandusarvestus ja maksundus \u00d5ppekeel:&nbsp; vene keel \u00d5piv\u00e4ljundid: Kursuse l\u00f5pus \u00f5pilane: Sihtgrupp ja \u00f5ppe alustamise tingimused: k\u00f5ik, kes soovivad \u00f5ppida raamatupidamise aluseid, sh raamatupidajate assistendid, m\u00fc\u00fcgisekret\u00e4rid, v\u00e4ike- ja pereettev\u00f5tete omanikud. \u00d5ppe kogumaht:&nbsp; 80 akadeemilist tundi (&nbsp;(sh 60 tundi auditoorne ja praktiline t\u00f6\u00f6, 20 tundi iseseisevat t\u00f6\u00f6d). \u00d5ppesisu: 1. Raamatupidamise \u00f5iguslik regulatsioon Eesti Vabariigis: 2. [&hellip;]<\/p>\n","protected":false},"author":1,"featured_media":0,"parent":0,"menu_order":0,"comment_status":"closed","ping_status":"closed","template":"","meta":{"footnotes":""},"class_list":["post-3335","page","type-page","status-publish","hentry"],"_links":{"self":[{"href":"https:\/\/ecomengrad.eu\/ee\/wp-json\/wp\/v2\/pages\/3335","targetHints":{"allow":["GET"]}}],"collection":[{"href":"https:\/\/ecomengrad.eu\/ee\/wp-json\/wp\/v2\/pages"}],"about":[{"href":"https:\/\/ecomengrad.eu\/ee\/wp-json\/wp\/v2\/types\/page"}],"author":[{"embeddable":true,"href":"https:\/\/ecomengrad.eu\/ee\/wp-json\/wp\/v2\/users\/1"}],"replies":[{"embeddable":true,"href":"https:\/\/ecomengrad.eu\/ee\/wp-json\/wp\/v2\/comments?post=3335"}],"version-history":[{"count":17,"href":"https:\/\/ecomengrad.eu\/ee\/wp-json\/wp\/v2\/pages\/3335\/revisions"}],"predecessor-version":[{"id":8006,"href":"https:\/\/ecomengrad.eu\/ee\/wp-json\/wp\/v2\/pages\/3335\/revisions\/8006"}],"wp:attachment":[{"href":"https:\/\/ecomengrad.eu\/ee\/wp-json\/wp\/v2\/media?parent=3335"}],"curies":[{"name":"wp","href":"https:\/\/api.w.org\/{rel}","templated":true}]}}