{"id":336,"date":"2018-12-06T17:28:06","date_gmt":"2018-12-06T14:28:06","guid":{"rendered":"https:\/\/ecomengrad.eu\/?page_id=336"},"modified":"2018-12-06T17:28:06","modified_gmt":"2018-12-06T14:28:06","slug":"roman-mitt","status":"publish","type":"page","link":"https:\/\/ecomengrad.eu\/ee\/roman-mitt\/","title":{"rendered":"Roman Mitt"},"content":{"rendered":"<p><strong>CV (Curriculum Vitae)<\/strong><br \/>\n<strong>ISIKUANDMED<\/strong><br \/>\n<u>Roman Mitt<\/u><br \/>\n02.12.1979<br \/>\nvenelane<br \/>\nT\u00e4he 5a-7, 49603 Mustvee Mustvee vald, J\u00f5gevamaa<br \/>\ntlf.: +37253485831<br \/>\ne-post <a href=\"mailto:mittroman@hot.ee\">mittroman@hot.ee<\/a><br \/>\nabiellus, 2 last Daniil Mitt, Dmitri Mitt<\/p>\n<p><strong>HARIDUS<\/strong><br \/>\nTallinna Pedagoogika\u00fclikool 2003.a. kehakultuuri\u00f5petaja, eesti keele kui v\u00f5\u00f5rkeele ja eesti kultuuri lisaerialaga<br \/>\nMustvee 2.Keskkool 1998.a.<\/p>\n<p><strong>T\u00e4iendavad kursused<\/strong><br \/>\nP\u00f5hikooli l\u00f5pueksami ja g\u00fcmnaasiumi riigieksami suulise osa l\u00e4biviimise seminaaril 20011.a, 2014.a. ja 2018.a.<br \/>\nEsmaabikoolitus 2008.a., 2012.a.<\/p>\n<p><strong>T\u00d6\u00d6KOGEMUS<\/strong><br \/>\nPeipsi G\u00fcmnaasium, registrikoodiga 75027100,<br \/>\naadressiga Narva tn 24 Mustvee linn Mustvee vald 49604, J\u00f5gevamaa<br \/>\n\u00f5petaja<\/p>\n<p><strong>KEELTEOSKUS<\/strong><br \/>\nVene keel &#8211; emakeel;<br \/>\nEesti keel &#8211; k\u00f5rgtase;<br \/>\nInglise keel &#8211; kesktase<\/p>\n<p><strong>ARVUTIOSKUS<\/strong><\/p>\n<p><strong>MUU INFORMATSIOON<\/strong><br \/>\nport, muusika, kalandus jaindus<br \/>\nAuojuhtimisoskus B, C1<\/p>\n","protected":false},"excerpt":{"rendered":"<p>CV (Curriculum Vitae) ISIKUANDMED Roman Mitt 02.12.1979 venelane T\u00e4he 5a-7, 49603 Mustvee Mustvee vald, J\u00f5gevamaa tlf.: +37253485831 e-post mittroman@hot.ee abiellus, 2 last Daniil Mitt, Dmitri Mitt HARIDUS Tallinna Pedagoogika\u00fclikool 2003.a. kehakultuuri\u00f5petaja, eesti keele kui v\u00f5\u00f5rkeele ja eesti kultuuri lisaerialaga Mustvee 2.Keskkool 1998.a. T\u00e4iendavad kursused P\u00f5hikooli l\u00f5pueksami ja g\u00fcmnaasiumi riigieksami suulise osa l\u00e4biviimise seminaaril 20011.a, 2014.a. ja 2018.a. Esmaabikoolitus [&hellip;]<\/p>\n","protected":false},"author":1,"featured_media":0,"parent":0,"menu_order":0,"comment_status":"closed","ping_status":"closed","template":"","meta":{"footnotes":""},"class_list":["post-336","page","type-page","status-publish","hentry"],"_links":{"self":[{"href":"https:\/\/ecomengrad.eu\/ee\/wp-json\/wp\/v2\/pages\/336","targetHints":{"allow":["GET"]}}],"collection":[{"href":"https:\/\/ecomengrad.eu\/ee\/wp-json\/wp\/v2\/pages"}],"about":[{"href":"https:\/\/ecomengrad.eu\/ee\/wp-json\/wp\/v2\/types\/page"}],"author":[{"embeddable":true,"href":"https:\/\/ecomengrad.eu\/ee\/wp-json\/wp\/v2\/users\/1"}],"replies":[{"embeddable":true,"href":"https:\/\/ecomengrad.eu\/ee\/wp-json\/wp\/v2\/comments?post=336"}],"version-history":[{"count":1,"href":"https:\/\/ecomengrad.eu\/ee\/wp-json\/wp\/v2\/pages\/336\/revisions"}],"predecessor-version":[{"id":337,"href":"https:\/\/ecomengrad.eu\/ee\/wp-json\/wp\/v2\/pages\/336\/revisions\/337"}],"wp:attachment":[{"href":"https:\/\/ecomengrad.eu\/ee\/wp-json\/wp\/v2\/media?parent=336"}],"curies":[{"name":"wp","href":"https:\/\/api.w.org\/{rel}","templated":true}]}}