{"id":5039,"date":"2023-02-26T23:38:21","date_gmt":"2023-02-26T20:38:21","guid":{"rendered":"https:\/\/ecomengrad.eu\/ee\/?page_id=5039"},"modified":"2024-01-26T12:12:08","modified_gmt":"2024-01-26T09:12:08","slug":"mma-mag-keevitamise-baaskursus","status":"publish","type":"page","link":"https:\/\/ecomengrad.eu\/ee\/mma-mag-keevitamise-baaskursus\/","title":{"rendered":"MMA, MAG \u2013 keevitamise baaskursus"},"content":{"rendered":"\n<p><strong>\u00d5ppekeel:<\/strong> Vene<\/p>\n\n\n\n<p><strong>Valdkond<\/strong>: Tehnika,tootmine ja t\u00f6\u00f6tlemine<\/p>\n\n\n\n<p><strong>\u00d5ppekavar\u00fchm:<\/strong> Mehaanika ja metalli t\u00f6\u00f6tlemine<\/p>\n\n\n\n<p><strong>Eriala:<\/strong> MMA, MAG &#8211; keevitajate ettevalmistamine<\/p>\n\n\n\n<p><strong>\u00d5ppekava koostamise alus:<\/strong> Keevitaja tase 4, kompetentsid B.2.2, B.2.3, B.2.4, B.2.5<\/p>\n\n\n\n<p><strong>Koolituse maht:<\/strong><\/p>\n\n\n\n<p>170 ak.t. (1ak.tund = 45 min.)<\/p>\n\n\n\n<p>\u2022 teoreetiline osa &#8211; 39 ak.t<\/p>\n\n\n\n<p>\u2022 praktiline osa &#8211; 131 ak.t.<\/p>\n\n\n\n<p><strong>Koolituse l\u00e4biviimise koht:<\/strong><\/p>\n\n\n\n<ul class=\"wp-block-list\">\n<li>Kadastiku tn. 57, 21004 Narva, Ida-viru maakond<\/li>\n<\/ul>\n\n\n\n<p><strong>Eriala kirjeldus<\/strong><\/p>\n\n\n\n<p>Keevitaja \u00fchendab (keevitab) metallkonstruktsioonide elemente, torujuhtmeid, masinate&nbsp; ja mehhanismide osad.<br>Koostab konstruktsioonide toorikuid (koostud), seadistab keevitusseadmeid, valib vajaliku keevitusre\u017eiimi, teostab keevis\u00f5mbluste visuaalse kontrolli.<\/p>\n\n\n\n<p><strong>T\u00f6\u00f6ks vajalikud isikuomadused<\/strong><\/p>\n\n\n\n<p>Keevitaja t\u00f6\u00f6 eeldab arenenud vastutustunnet, hoolikust ja t\u00e4psust, kuna t\u00f6\u00f6tatakse v\u00e4\u00e4rtuslike materjalidega. Vajalik on ruumiline kujutlusv\u00f5ime, hea koordinatsioon ja liigutuste t\u00e4psus, normaalne f\u00fc\u00fcsiline vorm ja n\u00e4gemine, kontsentreerumisv\u00f5ime ja p\u00fcsivus.<\/p>\n\n\n\n<p><strong>Eriala on vastun\u00e4idustatud inimestele, kes p\u00f5evad j\u00e4rgmisi haigusi:<\/strong><\/p>\n\n\n\n<ul class=\"wp-block-list\">\n<li>hingamish\u00e4ired ; liikumish\u00e4ired (ishias, osteokondroos jne);<\/li>\n\n\n\n<li>kardiovaskulaarse ja n\u00e4rvis\u00fcsteemide h\u00e4ired;<\/li>\n\n\n\n<li>vaimsed h\u00e4ired ning n\u00e4gemis- ja kuulmish\u00e4ired.<\/li>\n<\/ul>\n\n\n\n<p><strong>\u00d5ppekeskkonna kirjeldus:<\/strong><\/p>\n\n\n\n<p>\u00d5ppeklassid ja \u00f5ppet\u00f6\u00f6ks vajalikud ruumid v\u00f5imaldavad \u00f5ppekava t\u00e4itmise etten\u00e4htud tasemel.<\/p>\n\n\n\n<p>Teoreetiline osa viiakse l\u00e4bi esitlusseadmetega varustatud klassiruumides, \u00f5pilastele tagatakse kirjavahendid. Praktilised tunnid viiakse l\u00e4bi metallit\u00f6\u00f6tlemiseks vajalike keevitusseadmete, t\u00f6\u00f6riistade ja lisaseadmetega varustatud t\u00f6\u00f6kodades. Ruumid on varustatud t\u00f6\u00f6tervishoiu- ja t\u00f6\u00f6ohutusn\u00f5uete vastavale valgustusega, ventilatsiooniga ja tulet\u00f5rje s\u00fcsteemidega.<br>Igale kursuse osalejale tagatakse t\u00f6\u00f6riided keevitust\u00f6\u00f6de jaoks ja isikukaitsevahendid.<\/p>\n\n\n\n<p><strong>Sihtr\u00fchm:<\/strong><\/p>\n\n\n\n<p>Kursus on m\u00f5eldud inimestele, kes soovivad t\u00f6\u00f6tada keevitajana ettev\u00f5ttes, mis toodab metalltooteid ja -konstruktsioone, samuti ehituse, paigalduse, hoolduse ja remondi valdkonnas, ning aegunute teadmistega ja oskustega isikute jaoks. Kursus on suunatud p\u00f5hiliste teoreetiliste ja praktiliste teadmiste omandamisele.<\/p>\n\n\n\n<p><strong>N\u00f5uded kandidaadile:<\/strong><\/p>\n\n\n\n<ul class=\"wp-block-list\">\n<li>v\u00e4hemalt 18-aastane;<\/li>\n\n\n\n<li>p\u00f5hihariduse olemasolu.<\/li>\n<\/ul>\n\n\n\n<p><strong>Koolituskava \u00f5piv\u00e4ljundid:<\/strong><\/p>\n\n\n\n<ul class=\"wp-block-list\">\n<li>&nbsp;Valib t\u00f6\u00f6 iseloomust ja tootmistingimustest l\u00e4htudes vajalikud seadmed, materjalid (koostud, detailid, elemendid vm), t\u00f6\u00f6vahendid ja tarvikud. Valib t\u00f6\u00f6joonisest ja tehnoloogilisest kaardist l\u00e4htudes keevitusviisi ja keevisliite t\u00fc\u00fcbi.<\/li>\n\n\n\n<li>Enne t\u00f6\u00f6 alustamist korraldab endale oma t\u00f6\u00f6l\u00f5igu piires n\u00f5uetekohase t\u00f6\u00f6koha, j\u00e4rgides tuleohutusn\u00f5udeid.<\/li>\n\n\n\n<li>Valmistab detailid ette keevitamiseks &#8211; puhastab ja vajadusel faasib keevitatavad servad, kasutades selleks sobilikke meetodeid (nt k\u00e4sitsi, mehaaniliselt, termiliselt).<\/li>\n\n\n\n<li>Kontrollib visuaalse kontrolli meetodit kasutades enda tehtud keevis\u00f5mblusi ning veendub, et need vastavad t\u00f6\u00f6joonisel esitatud n\u00f5uetele.<\/li>\n\n\n\n<li>&nbsp;Parandab kontrollimise k\u00e4igus ilmnenud keevitusdefektid ja koostu kujuh\u00e4lbed.<\/li>\n\n\n\n<li>Keevitab MAG meetodit kasutades terasest plaatide nurk\u00f5mblusi asendites PA, PB, PC, PF ja p\u00f5kk\u00f5mblusi asendis PA, PC ja PF. Teeb seda l\u00e4htudes t\u00f6\u00f6joonisest ja\/v\u00f5i WPS-ist ning tasemel B. Vajadusel puhastab t\u00e4itel\u00e4bimite \u00f5mbluse servad k\u00e4sitsi v\u00f5i mehaaniliselt.<\/li>\n\n\n\n<li>Kontrollib t\u00f6\u00f6 k\u00e4igus l\u00e4bimite vahelist temperatuuri. Veendub visuaalse kontrollimise teel ja selleks etten\u00e4htud m\u00f5\u00f5tmisvahendeid kasutades, et \u00f5mblused oleksid veatud (ei oleks poore, pragusid jm). Vigade ilmnemisel parandab need.<\/li>\n\n\n\n<li>Teeb valmis koostudele j\u00e4relt\u00f6\u00f6tluse, eemaldades pindadelt pritsmed, \u0161laki, jne. Puhastab keevis\u00f5mblused.<\/li>\n<\/ul>\n\n\n\n<p><strong>\u00d5ppe sisu<\/strong>:<\/p>\n\n\n\n<p><strong>Moodul 1<\/strong> <\/p>\n\n\n\n<p>Elektriohutus.<br>Tuleohutus.<br>T\u00f6\u00f6ohutuse n\u00f5uded sh \u00f5iged, ohutud ja ergonoomilised t\u00f6\u00f6v\u00f5tted; esmaabi \u00fcldteadmised ja esmaabi andmise p\u00f5him\u00f5tted; t\u00f6\u00f6keskkonnale esitatavad p\u00f5hin\u00f5uded jne.<br>Elektrotehnika.<\/p>\n\n\n\n<p>Metallide ja nende sulamite omadused.<br>Keevitus- ja p\u00f5himaterjalide markeeringud (EN 10027-1,2).<br>Metallide keevitatavus, soojussisestus, eel- ja j\u00e4relkuumutus.<br>Pinge ja deformatsioon keevitamisel.<\/p>\n\n\n\n<p>Manus materjalid, mis kasutatakse MMA \/ MAG keevitamisel.<br>Keevitusterminoloogia.<br>T\u00f6\u00f6juhend ja tehnoloogiline kaart(pWPS).<br>Keevitusvahendite valimine (keevitustraat, -elektrood, kaitsegaas, juuretugi vm) WPS-ist l\u00e4htudes.<\/p>\n\n\n\n<p><strong>Moodul 2<\/strong><\/p>\n\n\n\n<p>Keevitusre\u017eiimid ja nende parameetrid.<\/p>\n\n\n\n<figure class=\"wp-block-table\"><table><thead><tr><td>Keevis\u00f5mblused<br>Keevis\u00f5mbluste t\u00e4histus t\u00f6\u00f6joonistel(EVS EN ISO 2553).<br>MMA \/ MAG -keevitusprotsessidele iseloomulikud defektid EVS EN ISO 6520 klassifikatsiooni j\u00e4rgi. P\u00f5hjused, defektide ennetamine ja parandamise meetodid.<br>Kvaliteeditasemed keevitusdefektide j\u00e4rgi (EVS-EN-ISO 5817). Keevis\u00f5mbluste visuaalne kontroll.<br>Detailide deformatsioonid ja m\u00f5\u00f5tmete muutumine keevitamise k\u00e4igus.<br>Termiline parandus p\u00e4rast keevitamist.<br>Visuaalne kontroll ja kontrollm\u00f5\u00f5tevahendid (mitmesugused \u0161abloonid, joonlaud, nihik), nende kasutamise p\u00f5him\u00f5tted.<\/td><\/tr><\/thead><\/table><\/figure>\n\n\n\n<p><strong>Moodul 3<\/strong><\/p>\n\n\n\n<p>MMA -keevitamisel kasutatavad seadmed ja abivahendid.<br>Keevitusvooluallikate ehitus ja nende toimimise p\u00f5him\u00f5tted.<br>Keevitusseadmete seadistamine ja re\u017eiimi valimine.<br>Terasest plaatide nurk\u00f5mblusi keevitamine asendites PA, PB, PC ja PF ja p\u00f5kk\u00f5mblusi asendites PA, PC ja PF.<br>Metallide ettekuumutamise ja temperatuuri m\u00f5\u00f5tmise meetodid, jahtumiskiiruse m\u00f5ju.<\/p>\n\n\n\n<p><strong>Moodul 4<\/strong><\/p>\n\n\n\n<p>MAG &#8211; keevitamisel kasutatavad seadmed ja abivahendid.<br>Keevitusvooluallikate ehitus ja nende toimimise p\u00f5him\u00f5tted.<br>MAG-keevitusel kasutatavate keevitusgaaside omadused, markeeringud, k\u00e4sitsemine.<br>Keevitusparameetrite valik MAG &#8211; keevitamisel.<br>Terasest plaatide nurk\u00f5mblusi keevitamine asendites PA, PB, PC ja PF ja p\u00f5kk\u00f5mblusi asendites PA, PC ja PF, MAG -keevitamise meetodite kasutades .<\/p>\n\n\n\n<p><strong>Moodul 5<\/strong><\/p>\n\n\n\n<p>Sertifitseerimise p\u00f5hin\u00f5uetega tutvumine (katseproovi ettevalmistamine, keevitamine, markeerimine, etapid) vastavalt standardile EN ISO 9606-1<\/p>\n\n\n\n<p>Praktika:<br>MMA \/ MAG keevitamine:<br>Terasest plaatide nurk\u00f5mblusi keevitamine asendites PA, PB, PC ja PF ja p\u00f5kk\u00f5mblusi asendites PA, PC ja PF.<br>Keevis\u00f5mbluse valmistamine l\u00e4htudes t\u00f6\u00f6joonisest ja\/v\u00f5i WPS-ist ning tasemel B.<\/p>\n\n\n\n<p>Siseeksam<br>Teoreetiline test ja praktiline t\u00f6\u00f6<\/p>\n\n\n\n<p><strong>\u00d5ppemeetodid<\/strong>:<\/p>\n\n\n\n<p>Loeng. Demonstratsioon.&nbsp; pWPS -ide lugemine. Olukorra anal\u00fc\u00fcs. N\u00e4itlikustamine.<br>Praktilised harjutused sh n\u00e4idiste kasutamine \u00f5ppejuhendist. Paarit\u00f6\u00f6. Arutlus.<\/p>\n\n\n\n<p><strong>Koolituse eesm\u00e4rk:&nbsp;<\/strong><\/p>\n\n\n\n<p>\u00d5petusega taotletakse, et \u00f5ppija omandab vajalikud teoreetilised teadmised ja praktilised oskused MMA, MAG -keevitamisest, et t\u00f5otada keevitustootlus ettev\u00f5tetes.<\/p>\n\n\n\n<p>Koolituse l\u00e4bimisel saavad \u00f5pilased MMA, MAG keevitamisel vajalikud teadmised ja oskused, mis v\u00f5imaldavad neile sooritada eksamit rahvusvahelise tunnistuse saamisele vastavalt standardile EVS EN ISO 9606-1<\/p>\n\n\n\n<p><strong>Kokkuv\u00f5ttev hindamine<\/strong>:<\/p>\n\n\n\n<p>Teoreetiline test: Testi loetakse sooritatud, kui \u00f5pilane vastab \u00f5igesti v\u00e4hemalt 70% testis olevaid k\u00fcsimusele.<\/p>\n\n\n\n<p>Praktiline t\u00f6\u00f6: kontroll\u00f5mbluse keevitamine<\/p>\n\n\n\n<p>t\u00f6\u00f6 tulemus hinnatakse sooritatuks v\u00f5i sooritamata vastavalt standardi EVS-EN-ISO 5817 ning aktsepteerimistasemele B.<\/p>\n\n\n\n<p><strong>N\u00f5uded \u00f5pingute l\u00f5petamiseks:<\/strong>&nbsp;\u00d5pingud loetakse l\u00f5petatuks, kui \u00f5pilane on omandanud eriala koolituskava \u00f5piv\u00e4ljundid, osalenud v\u00e4hemalt 70% \u00f5ppet\u00f6\u00f6st ning sooritanud teoreetilist testi ja praktilist t\u00f6\u00f6d.<\/p>\n\n\n\n<p><strong>Kursuse l\u00e4bimisel v\u00e4ljastatav dokument:<\/strong><br>Tunnistus: Tunnistust v\u00e4ljastatakse, kui \u00f5pingute l\u00f5petamise n\u00f5uded on t\u00e4idetud.<\/p>\n\n\n\n<p><strong>T\u00f5end:&nbsp;<\/strong>T\u00f5endit v\u00e4ljastatakse, kui \u00f5pitulemusi ei ole \u00f5ppijaga saavutatud, kuid \u00f5ppija v\u00f5ttis osa \u00f5ppet\u00f6\u00f6st. T\u00f5end v\u00e4ljastatakse vastavalt osaletud kontakttundide arvule, kuid mitte juhul, kui \u00f5ppija osales v\u00e4hem kui 50% tundidest.<\/p>\n\n\n\n<p><strong>Koolitaja kompetentsust tagava kvalifikatsiooni v\u00f5i \u00f5pi- v\u00f5i t\u00f6\u00f6kogemuse kirjeldus<\/strong><\/p>\n\n\n\n<p><strong>Sergei Boaga<\/strong>&nbsp;\u2013 K\u00f5rgharidus, \u00f5petaja kogemus \u2013 18 aastat,<\/p>\n\n\n\n<p><em>\u00d5petatav aine<\/em><\/p>\n\n\n\n<p>\u2022 Keevituse tehnologia<br>\u2022 Teooria+praktika T\u00f6\u00f6keskkond ja t\u00f6\u00f6seadusandlus<br><em>Kvalifikatsioon<\/em><br>\u2022 International Welding Tehnologist<br>\u2022 EN ISO 9712, Inspektor VT-2, PT-2<br>\u2022 International Welding Inspector \u2013 C<br>\u2022 \u0422\u00e4iskasvanute koolitaja, Tase 6<\/p>\n\n\n\n<p><strong>Jelena Ibragimova<\/strong>&nbsp;\u2013 K\u00f5rgharidus, \u0422\u00e4iskasvanute koolitaja, Tase 6, \u00f5petaja kogemus \u2013 30 aastat,&nbsp;<em>\u00d5petatav aine:<\/em>&nbsp;Keevituse tehnologia, Metallit\u00f6\u00f6stus<\/p>\n\n\n\n<p><strong>Andrei Boaga<\/strong>&nbsp;\u2013 keskeriharidus, \u00f5petaja kogemus \u2013 7 aastat<\/p>\n\n\n\n<p><em>\u00d5petatav aine:<\/em><\/p>\n\n\n\n<p>\u2022 Keevituse tehnologia<br>\u2022 Teooria + praktika<\/p>\n\n\n\n<p><em>Kvalifikatsioon<\/em><\/p>\n\n\n\n<p>\u2022 International Welding Specialist<br>\u2022 EN ISO 9712 Inspektor VT-2<br>\u2022 Welding master DVS-EWF 1157<br>\u2022 International Welding Inspector \u2013 S\u00a0<br>\u2022 \u0422\u00e4iskasvanute koolitaja, Tase 5<\/p>\n\n\n\n<p><strong>Arkadi T\u0161erednit\u0161enko<\/strong><\/p>\n\n\n\n<p>keskeriharidus, \u00f5petaja kogemus \u2013 5 aastat<\/p>\n","protected":false},"excerpt":{"rendered":"<p>\u00d5ppekeel: Vene Valdkond: Tehnika,tootmine ja t\u00f6\u00f6tlemine \u00d5ppekavar\u00fchm: Mehaanika ja metalli t\u00f6\u00f6tlemine Eriala: MMA, MAG &#8211; keevitajate ettevalmistamine \u00d5ppekava koostamise alus: Keevitaja tase 4, kompetentsid B.2.2, B.2.3, B.2.4, B.2.5 Koolituse maht: 170 ak.t. (1ak.tund = 45 min.) \u2022 teoreetiline osa &#8211; 39 ak.t \u2022 praktiline osa &#8211; 131 ak.t. Koolituse l\u00e4biviimise koht: Eriala kirjeldus Keevitaja \u00fchendab (keevitab) metallkonstruktsioonide elemente, [&hellip;]<\/p>\n","protected":false},"author":1,"featured_media":0,"parent":0,"menu_order":0,"comment_status":"closed","ping_status":"closed","template":"","meta":{"footnotes":""},"class_list":["post-5039","page","type-page","status-publish","hentry"],"_links":{"self":[{"href":"https:\/\/ecomengrad.eu\/ee\/wp-json\/wp\/v2\/pages\/5039","targetHints":{"allow":["GET"]}}],"collection":[{"href":"https:\/\/ecomengrad.eu\/ee\/wp-json\/wp\/v2\/pages"}],"about":[{"href":"https:\/\/ecomengrad.eu\/ee\/wp-json\/wp\/v2\/types\/page"}],"author":[{"embeddable":true,"href":"https:\/\/ecomengrad.eu\/ee\/wp-json\/wp\/v2\/users\/1"}],"replies":[{"embeddable":true,"href":"https:\/\/ecomengrad.eu\/ee\/wp-json\/wp\/v2\/comments?post=5039"}],"version-history":[{"count":4,"href":"https:\/\/ecomengrad.eu\/ee\/wp-json\/wp\/v2\/pages\/5039\/revisions"}],"predecessor-version":[{"id":5726,"href":"https:\/\/ecomengrad.eu\/ee\/wp-json\/wp\/v2\/pages\/5039\/revisions\/5726"}],"wp:attachment":[{"href":"https:\/\/ecomengrad.eu\/ee\/wp-json\/wp\/v2\/media?parent=5039"}],"curies":[{"name":"wp","href":"https:\/\/api.w.org\/{rel}","templated":true}]}}