{"id":5069,"date":"2023-02-27T01:17:48","date_gmt":"2023-02-26T22:17:48","guid":{"rendered":"https:\/\/ecomengrad.eu\/ee\/?page_id=5069"},"modified":"2023-09-03T18:23:41","modified_gmt":"2023-09-03T15:23:41","slug":"tig-keevituse-baaskursus","status":"publish","type":"page","link":"https:\/\/ecomengrad.eu\/ee\/tig-keevituse-baaskursus\/","title":{"rendered":"TIG \u2013 keevituse baaskursus"},"content":{"rendered":"\n<p>\u00d5ppekeel: Vene<\/p>\n\n\n\n<p>Valdkond: Tehnika,tootmine ja t\u00f6\u00f6tlemine<\/p>\n\n\n\n<p>\u00d5ppekavar\u00fchm: Mehaanika ja metalli t\u00f6\u00f6tlemine<\/p>\n\n\n\n<p>Eriala: TIG-keevitajate ettevalmistamine<\/p>\n\n\n\n<p>\u00d5ppekava koostamise alus: Keevitaja tase 4, kompetentsid B2.2, B2.3, B.2.6<\/p>\n\n\n\n<p>Koolituse maht: 130 ak.t. (1ak.tund = 45 min.)<br>\u2022 teoreetiline osa &#8211; 24 ak.t<br>\u2022 praktiline osa &#8211; 106 ak.t.<\/p>\n\n\n\n<p>Koolituse l\u00e4biviimise koht:<\/p>\n\n\n\n<ul class=\"wp-block-list\">\n<li>Kadastiku tn. 57, 21004 Narva, Ida-viru maakond<\/li>\n<\/ul>\n\n\n\n<p><strong>Eriala kirjeldus<\/strong><\/p>\n\n\n\n<p>Keevitaja \u00fchendab (keevitab) metallkonstruktsioonide elemente, torujuhtmeid, masinate&nbsp; ja mehhanismide osad.<\/p>\n\n\n\n<p>Koostab konstruktsioonide toorikuid (koostud), seadistab keevitusseadmeid, valib vajaliku keevitusre\u017eiimi, teostab keevis\u00f5mbluste visuaalse kontrolli.<\/p>\n\n\n\n<p><strong>T\u00f6\u00f6ks vajalikud isikuomadused<\/strong><br>Keevitaja t\u00f6\u00f6 eeldab arenenud vastutustunnet, hoolikust ja t\u00e4psust, kuna t\u00f6\u00f6tatakse v\u00e4\u00e4rtuslike materjalidega. Vajalik on ruumiline kujutlusv\u00f5ime, hea koordinatsioon ja liigutuste t\u00e4psus, normaalne f\u00fc\u00fcsiline vorm ja n\u00e4gemine, kontsentreerumisv\u00f5ime ja p\u00fcsivus<\/p>\n\n\n\n<p><strong>Eriala on vastun\u00e4idustatud inimestele, kes p\u00f5evad j\u00e4rgmisi haigusi:<\/strong><\/p>\n\n\n\n<ul class=\"wp-block-list\">\n<li>hingamish\u00e4ired ; liikumish\u00e4ired (ishias, osteokondroos jne);<\/li>\n\n\n\n<li>kardiovaskulaarse ja n\u00e4rvis\u00fcsteemide h\u00e4ired;<\/li>\n\n\n\n<li>vaimsed h\u00e4ired ning n\u00e4gemis- ja kuulmish\u00e4ired.<\/li>\n<\/ul>\n\n\n\n<p><strong>\u00d5ppekeskkonna kirjeldus:<\/strong><\/p>\n\n\n\n<p>\u00d5ppeklassid ja \u00f5ppet\u00f6\u00f6ks vajalikud ruumid v\u00f5imaldavad \u00f5ppekava t\u00e4itmise etten\u00e4htud tasemel.<br>Teoreetiline osa viiakse l\u00e4bi esitlusseadmetega varustatud klassiruumides, \u00f5pilastele tagatakse kirjavahendid. Praktilised tunnid viiakse l\u00e4bi metallit\u00f6\u00f6tlemiseks vajalike keevitusseadmete, t\u00f6\u00f6riistade ja lisaseadmetega varustatud t\u00f6\u00f6kodades. Ruumid on varustatud t\u00f6\u00f6tervishoiu- ja t\u00f6\u00f6ohutusn\u00f5uete vastavale valgustusega, ventilatsiooniga ja tulet\u00f5rje s\u00fcsteemidega.<br>Igale kursuse osalejale tagatakse t\u00f6\u00f6riided keevitust\u00f6\u00f6de jaoks ja isikukaitsevahendid, koolitatavatele isikutele \u00f5ppet\u00f6\u00f6 alguses jagatakse materjaale<\/p>\n\n\n\n<p><strong>Sihtr\u00fchm<\/strong><\/p>\n\n\n\n<p>Kursus on m\u00f5eldud inimestele, kes soovivad t\u00f6\u00f6tada keevitajana ettev\u00f5ttes, mis toodab metalltooteid ja -konstruktsioone, samuti ehituse, paigalduse, hoolduse ja remondi valdkonnas, ning aegunute teadmistega ja oskustega isikute jaoks. Kursus on suunatud p\u00f5hiliste teoreetiliste ja praktiliste teadmiste omandamisele.<\/p>\n\n\n\n<p><strong>N\u00f5uded kandidaadile:<\/strong><\/p>\n\n\n\n<ul class=\"wp-block-list\">\n<li>v\u00e4hemalt 18-aastane;<\/li>\n\n\n\n<li>p\u00f5hihariduse olemasolu.<\/li>\n<\/ul>\n\n\n\n<p><strong>Koolituskava \u00f5piv\u00e4ljundid:<\/strong><\/p>\n\n\n\n<ul class=\"wp-block-list\">\n<li>Keevitab terasest plaatide nurk\u00f5mblusi asendites PA, PB, PC, PF, p\u00f5kk\u00f5mblusi asendites PA, PC ja PF ja toru\u00f5mblusi asendis PA (p\u00f6\u00f6ratav toru);<\/li>\n\n\n\n<li>T\u00f6\u00f6tamise ajal kontrollib visuaalse kontrolli meetodit kasutades enda tehtud keevis\u00f5mblusi ning kasutab sobivat m\u00f5\u00f5tevahendid (mitmesugused \u0161abloonid, joonlaud, nihik);<\/li>\n\n\n\n<li>Veendub et \u00f5mblused oleksid veatud (ei oleks poore, pragusid jm) ning vigade ilmnemisel parandab need;<\/li>\n\n\n\n<li>Teeb valmis koostudele j\u00e4relt\u00f6\u00f6tluse ja puhastab keevis\u00f5mblused;<\/li>\n\n\n\n<li>V\u00e4ltimaks t\u00f6\u00f6\u00f5nnetusi j\u00e4rgib keevitust\u00f6\u00f6de teostamisel rangelt t\u00f6\u00f6tervishoiu- ja t\u00f6\u00f6ohutusn\u00f5udeid.<\/li>\n<\/ul>\n\n\n\n<p><strong>Teemad:<\/strong><\/p>\n\n\n\n<p>Moodul 1<\/p>\n\n\n\n<p>Elektriohutus.<br>Tuleohutus.<br>T\u00f6\u00f6ohutuse n\u00f5uded sh \u00f5iged, ohutud ja ergonoomilised t\u00f6\u00f6v\u00f5tted; esmaabi \u00fcldteadmised ja esmaabi andmise p\u00f5him\u00f5tted; t\u00f6\u00f6keskkonnale esitatavad p\u00f5hin\u00f5uded jne.<br>Elektrotehnika.<\/p>\n\n\n\n<p>Metallide ja nende sulamite omadused.<br>Keevitus- ja p\u00f5himaterjalide markeeringud (EN 10027-1,2).<br>Metallide keevitatavus, soojussisestus, eel- ja j\u00e4relkuumutus.<br>Pinge ja deformatsioon keevitamisel.<\/p>\n\n\n\n<p>Manus materjalid ja keevitusgaasid.<br>Keevitusgaaside omadused, markeeringud, k\u00e4sitsemine.<br>Sissejuhatus TIG-keevitustehnoloogiasse.<br>Keevitusterminoloogia.<br>WPS (Keevitusprotseduuri spetsifikatsioon ja keevitusprotseduuride kirjeldus).<br>Keevitusre\u017eiimid ja nende parameetrid.<br>TIG-keevitamisel kasutatavad seadmed ja abivahendid.<\/p>\n\n\n\n<p>Moodul 2<\/p>\n\n\n\n<p>Keevis\u00f5mblused.<br>Keevis\u00f5mbluste t\u00e4histus t\u00f6\u00f6joonistel(EVS EN ISO 2553).<br>TIG-keevitusprotsessidele iseloomulikud defektid. P\u00f5hjused, defektide ennetamine ja parandamise meetodid.<br>Kvaliteeditasemed keevitusdefektide j\u00e4rgi (EVS-EN-ISO 5817).<br>Detailide deformatsioonid ja m\u00f5\u00f5tmete muutumine keevitamise k\u00e4igus.<\/p>\n\n\n\n<p>Moodul 3<\/p>\n\n\n\n<p>Keevitusvooluallikate ehitus ja nende toimimise p\u00f5him\u00f5tted.<br>Keevitusseadmete seadistamine ja re\u017eiimi valimine.<br>Kaare s\u00fc\u00fcde, TIG-protsess.<br>Manus materjalid TIG-keevitamiseks.<br>Detailide ja tarindite (konstruktsioonide) ettevalmistamine keevitamiseks.<br>Keevitatud servade ettevalmistamine.<br>Plaatide keevitamine alumises asendis, keevitamine k\u00f5igis asendites (PA, PB, PC ja PF).<br>Visuaalne kontroll ja kontrollm\u00f5\u00f5tevahendid (mitmesugused \u0161abloonid, joonlaud, nihik), nende kasutamise p\u00f5him\u00f5tted.<\/p>\n\n\n\n<p>Moodul 4<\/p>\n\n\n\n<p>Sertifitseerimise p\u00f5hin\u00f5uetega tutvumine (katseproovi ettevalmistamine, keevitamine, markeerimine, etapid) vastavalt standardile EN ISO 9606-1<\/p>\n\n\n\n<p><strong>Keevitamine:<\/strong><br>\u2022 terasest plaatide nurk\u00f5mbluste asendites PA, PB, PC, PF;<br>\u2022 p\u00f5kk\u00f5mbluste asendites PA, PC ja PF;<br>\u2022 toru\u00f5mbluste asendis PA (p\u00f6\u00f6ratav toru).<\/p>\n\n\n\n<p>Keevis\u00f5mbluse valmistamine l\u00e4htudes t\u00f6\u00f6joonisest ja\/v\u00f5i pWPS-ist ning EVS EN ISO 5817 alusel tasemel B.<\/p>\n\n\n\n<p>Siseeksam<br>Teoreetiline test ja praktiline t\u00f6\u00f6<\/p>\n\n\n\n<p><strong>\u00d5ppemeetodid:<\/strong><\/p>\n\n\n\n<p>Demonstratsioon. N\u00e4itlikustamine. Loeng. Juhtumite anal\u00fc\u00fcs.<br>Praktilised harjutused. Olukorra anal\u00fc\u00fcs. Paarit\u00f6\u00f6. Arutlus.<\/p>\n\n\n\n<p><strong>Koolituse eesm\u00e4rk:&nbsp;<\/strong><\/p>\n\n\n\n<p>\u00d5petusega taotletakse, et \u00f5ppija omandab vajalikud teoreetilised teadmised ja praktilised oskused TIG-keevitamisest, et t\u00f5otada keevitustootlus ettev\u00f5tetes.<br>Koolituse l\u00e4bimisel saavad \u00f5pilased argooni keevitamisel (protsess 141) vajalikud teadmised ja oskused, mis v\u00f5imaldavad neile sooritada eksamit rahvusvahelise tunnistuse saamisele vastavalt standardile EVS EN ISO 9606-1<\/p>\n\n\n\n<p><strong>Kokkuv\u00f5ttev hindamine:<\/strong><\/p>\n\n\n\n<p>Teoreetiline test: Testi loetakse sooritatud, kui \u00f5pilane vastab \u00f5igesti v\u00e4hemalt 70% testis olevaid k\u00fcsimusele.<\/p>\n\n\n\n<p>Praktiline t\u00f6\u00f6: kontroll\u00f5mbluse keevitamine<\/p>\n\n\n\n<p>t\u00f6\u00f6 tulemus hinnatakse sooritatuks v\u00f5i sooritamata vastavalt standardi EVS-EN-ISO 5817 ning aktsepteerimistasemele B.<\/p>\n\n\n\n<p><strong>N\u00f5uded \u00f5pingute l\u00f5petamiseks:<\/strong>&nbsp;\u00d5pingud loetakse l\u00f5petatuks, kui \u00f5pilane on omandanud eriala koolituskava \u00f5piv\u00e4ljundid, osalenud v\u00e4hemalt 70% \u00f5ppet\u00f6\u00f6st ning sooritanud teoreetilist testi ja praktilist t\u00f6\u00f6d.<\/p>\n\n\n\n<p><strong>Kursuse l\u00e4bimisel v\u00e4ljastatav dokument:<br>Tunnistus:<\/strong>&nbsp;Tunnistust v\u00e4ljastatakse, kui \u00f5pingute l\u00f5petamise n\u00f5uded on t\u00e4idetud.<\/p>\n\n\n\n<p><strong>T\u00f5end:<\/strong>&nbsp;T\u00f5endit v\u00e4ljastatakse, kui \u00f5pitulemusi ei ole \u00f5ppijaga saavutatud, kuid \u00f5ppija v\u00f5ttis osa \u00f5ppet\u00f6\u00f6st. T\u00f5end v\u00e4ljastatakse vastavalt osaletud kontakttundide arvule, kuid mitte juhul, kui \u00f5ppija osales v\u00e4hem kui 50% tundidest.<\/p>\n\n\n\n<p><strong>Koolitaja kompetentsust tagava kvalifikatsiooni v\u00f5i \u00f5pi- v\u00f5i t\u00f6\u00f6kogemuse kirjeldus<\/strong><\/p>\n\n\n\n<p><strong>Sergei Boaga<\/strong>&nbsp;\u2013 K\u00f5rgharidus, \u00f5petaja kogemus \u2013 18 aastat,<\/p>\n\n\n\n<p><em>\u00d5petatav aine<\/em><\/p>\n\n\n\n<p>\u2022 Keevituse tehnologia<br>\u2022 Teooria+praktika T\u00f6\u00f6keskkond ja t\u00f6\u00f6seadusandlus<br><em>Kvalifikatsioon<\/em><br>\u2022 International Welding Tehnologist<br>\u2022 EN ISO 9712, Inspektor VT-2, PT-2<br>\u2022 International Welding Inspector \u2013 C<br>\u2022 \u0422\u00e4iskasvanute koolitaja, Tase 6<\/p>\n\n\n\n<p><strong>Jelena Ibragimova<\/strong>&nbsp;\u2013 K\u00f5rgharidus, \u0422\u00e4iskasvanute koolitaja, Tase 6, \u00f5petaja kogemus \u2013 30 aastat,&nbsp;<em>\u00d5petatav aine:<\/em>&nbsp;Keevituse tehnologia, Metallit\u00f6\u00f6stus<\/p>\n\n\n\n<p><strong>Andrei Boaga<\/strong>&nbsp;\u2013 keskeriharidus, \u00f5petaja kogemus \u2013 7 aastat<\/p>\n\n\n\n<p><em>\u00d5petatav aine:<\/em><\/p>\n\n\n\n<p>\u2022 Keevituse tehnologia<br>\u2022 Teooria + praktika<\/p>\n\n\n\n<p><em>Kvalifikatsioon<\/em><\/p>\n\n\n\n<p>\u2022 International Welding Specialist<br>\u2022 EN ISO 9712 Inspektor VT-2<br>\u2022 Welding master DVS-EWF 1157<br>\u2022 International Welding Inspector \u2013 S\u00a0<br>\u2022 \u0422\u00e4iskasvanute koolitaja, Tase 5<\/p>\n\n\n\n<p><strong>Arkadi T\u0161erednit\u0161enko<\/strong><\/p>\n\n\n\n<p>keskeriharidus, \u00f5petaja kogemus \u2013 5 aastat<\/p>\n","protected":false},"excerpt":{"rendered":"<p>\u00d5ppekeel: Vene Valdkond: Tehnika,tootmine ja t\u00f6\u00f6tlemine \u00d5ppekavar\u00fchm: Mehaanika ja metalli t\u00f6\u00f6tlemine Eriala: TIG-keevitajate ettevalmistamine \u00d5ppekava koostamise alus: Keevitaja tase 4, kompetentsid B2.2, B2.3, B.2.6 Koolituse maht: 130 ak.t. (1ak.tund = 45 min.)\u2022 teoreetiline osa &#8211; 24 ak.t\u2022 praktiline osa &#8211; 106 ak.t. Koolituse l\u00e4biviimise koht: Eriala kirjeldus Keevitaja \u00fchendab (keevitab) metallkonstruktsioonide elemente, torujuhtmeid, masinate&nbsp; ja mehhanismide osad. Koostab [&hellip;]<\/p>\n","protected":false},"author":1,"featured_media":0,"parent":0,"menu_order":0,"comment_status":"closed","ping_status":"closed","template":"","meta":{"footnotes":""},"class_list":["post-5069","page","type-page","status-publish","hentry"],"_links":{"self":[{"href":"https:\/\/ecomengrad.eu\/ee\/wp-json\/wp\/v2\/pages\/5069","targetHints":{"allow":["GET"]}}],"collection":[{"href":"https:\/\/ecomengrad.eu\/ee\/wp-json\/wp\/v2\/pages"}],"about":[{"href":"https:\/\/ecomengrad.eu\/ee\/wp-json\/wp\/v2\/types\/page"}],"author":[{"embeddable":true,"href":"https:\/\/ecomengrad.eu\/ee\/wp-json\/wp\/v2\/users\/1"}],"replies":[{"embeddable":true,"href":"https:\/\/ecomengrad.eu\/ee\/wp-json\/wp\/v2\/comments?post=5069"}],"version-history":[{"count":5,"href":"https:\/\/ecomengrad.eu\/ee\/wp-json\/wp\/v2\/pages\/5069\/revisions"}],"predecessor-version":[{"id":5725,"href":"https:\/\/ecomengrad.eu\/ee\/wp-json\/wp\/v2\/pages\/5069\/revisions\/5725"}],"wp:attachment":[{"href":"https:\/\/ecomengrad.eu\/ee\/wp-json\/wp\/v2\/media?parent=5069"}],"curies":[{"name":"wp","href":"https:\/\/api.w.org\/{rel}","templated":true}]}}