{"id":5079,"date":"2023-02-27T01:54:20","date_gmt":"2023-02-26T22:54:20","guid":{"rendered":"https:\/\/ecomengrad.eu\/ee\/?page_id=5079"},"modified":"2024-01-26T11:32:21","modified_gmt":"2024-01-26T08:32:21","slug":"praktiline-kursus-mma","status":"publish","type":"page","link":"https:\/\/ecomengrad.eu\/ee\/praktiline-kursus-mma\/","title":{"rendered":"Praktiline kursus MMA"},"content":{"rendered":"\n<p><strong>\u00d5ppekeel:<\/strong> Vene<\/p>\n\n\n\n<p><strong>Valdkond:<\/strong> Tehnika, tootmine ja t\u00f6\u00f6tlemine<\/p>\n\n\n\n<p><strong>\u00d5ppekavar\u00fchm:<\/strong> Mehaanika ja metalli t\u00f6\u00f6tlemine<\/p>\n\n\n\n<p><strong>Eriala:<\/strong> MMA -keevitajate ettevalmistamine<\/p>\n\n\n\n<p><strong>\u00d5ppekava koostamise alus:<\/strong> Keevitaja tase 4, kompetentsid B2.2, B2.3, B.2.6<\/p>\n\n\n\n<p><strong>Koolituse maht:<\/strong><\/p>\n\n\n\n<p>40 ak.t. (1ak.tund = 45 min.)<\/p>\n\n\n\n<p>\u2022 teoreetiline osa &#8211; 8 ak.t<\/p>\n\n\n\n<p>\u2022 praktiline osa &#8211; 32 ak.t.<\/p>\n\n\n\n<p><strong>Koolituse l\u00e4biviimise koht:<\/strong><\/p>\n\n\n\n<ul class=\"wp-block-list\">\n<li>Kadastiku tn. 57, 21004 Narva, Ida-viru maakond<\/li>\n<\/ul>\n\n\n\n<p><strong>Eriala kirjeldus<\/strong><\/p>\n\n\n\n<p>Keevitaja t\u00f6\u00f6tab p\u00f5hiliselt metalltooteid ja -konstruktsioone valmistavas ettev\u00f5ttes ning ehitus-, paigaldus-, hoolde- ja remondit\u00f6\u00f6del.<\/p>\n\n\n\n<p>Keevitaja \u00fchendab (keevitab) metallkonstruktsioonide elemente, torujuhtmeid, masinate ja mehhanismide osad.<\/p>\n\n\n\n<p>Koostab konstruktsioonide toorikuid (koostud), seadistab keevitusseadmeid, valib vajaliku keevitusre\u017eiimi, teostab keevis\u00f5mbluste visuaalse kontrolli.<\/p>\n\n\n\n<p><strong>T\u00f6\u00f6ks vajalikud isikuomadused<\/strong><\/p>\n\n\n\n<p>Keevitaja t\u00f6\u00f6 eeldab arenenud vastutustunnet, hoolikust ja t\u00e4psust, kuna t\u00f6\u00f6tatakse v\u00e4\u00e4rtuslike materjalidega. Vajalik on ruumiline kujutlusv\u00f5ime, hea koordinatsioon ja liigutuste t\u00e4psus, normaalne f\u00fc\u00fcsiline vorm ja n\u00e4gemine, kontsentreerumisv\u00f5ime ja p\u00fcsivus.<\/p>\n\n\n\n<p><strong>Eriala on vastun\u00e4idustatud inimestele, kes p\u00f5evad j\u00e4rgmisi haigusi<\/strong>:<\/p>\n\n\n\n<ul class=\"wp-block-list\">\n<li>hingamish\u00e4ired; liikumish\u00e4ired (ishias, osteokondroos jne.);<\/li>\n\n\n\n<li>kardiovaskulaarse ja n\u00e4rvis\u00fcsteemide h\u00e4ired;<\/li>\n\n\n\n<li>vaimsed h\u00e4ired ning n\u00e4gemis- ja kuulmish\u00e4ired.<\/li>\n<\/ul>\n\n\n\n<p><strong>\u00d5ppekeskkonna kirjeldus:<\/strong><\/p>\n\n\n\n<p>\u00d5ppeklassid ja \u00f5ppet\u00f6\u00f6ks vajalikud ruumid v\u00f5imaldavad \u00f5ppekava t\u00e4itmise etten\u00e4htud tasemel.<br>Teoreetiline osa viiakse l\u00e4bi esitlusseadmetega varustatud klassiruumides, \u00f5pilastele tagatakse kirjavahendid. Praktilised tunnid viiakse l\u00e4bi metallit\u00f6\u00f6tlemiseks vajalike keevitusseadmete, t\u00f6\u00f6riistade ja lisaseadmetega varustatud t\u00f6\u00f6kodades. Ruumid on varustatud t\u00f6\u00f6tervishoiu- ja t\u00f6\u00f6ohutusn\u00f5uete vastavale valgustusega, ventilatsiooniga ja tulet\u00f5rje s\u00fcsteemidega.<br>Igale kursuse osalejale tagatakse t\u00f6\u00f6riided keevitust\u00f6\u00f6de jaoks ja isikukaitsevahendid, \u00f5ppeprotsessi alguses saavad \u00f5pilased vajalikud materjalid k\u00e4tte.<\/p>\n\n\n\n<p><strong>Sihtr\u00fchm:<\/strong><br>Kursus on m\u00f5eldud inimestele, kellel on k\u00e4sikaarkeevitamise kogemus ja kellel tekkis vajadus saada rahvusvahelise keevitaja sertifikaadi. See kursus n\u00f5uab \u00f5pilastelt p\u00f5hilisi teadmisi ja keevitamisoskusi.<br>Koolitusele v\u00f5etakse vastu k\u00f5ik soovijad, kes vastavad \u00f5pingute alustamise n\u00f5uetele ja on l\u00e4binud intervjuu.<\/p>\n\n\n\n<p><strong>N\u00f5uded kandidaadile:<\/strong><\/p>\n\n\n\n<ul class=\"wp-block-list\">\n<li>v\u00e4hemalt 18-aastane;<\/li>\n\n\n\n<li>p\u00f5hiteadmiste MMA-keevituses olemasolu<\/li>\n\n\n\n<li>ja\/ v\u00f5i keevitajana t\u00f6\u00f6tamise kogemus<\/li>\n<\/ul>\n\n\n\n<p><strong>Koolituskava \u00f5piv\u00e4ljundid:<\/strong><\/p>\n\n\n\n<ul class=\"wp-block-list\">\n<li>Valib t\u00f6\u00f6 iseloomust ja tootmistingimustest l\u00e4htudes vajalikud seadmed, materjalid (koostud, detailid, elemendid vm), t\u00f6\u00f6vahendid ja tarvikud. Valib t\u00f6\u00f6joonisest ja tehnoloogilisest kaardist l\u00e4htudes keevitusviisi ja keevisliite t\u00fc\u00fcbi.<\/li>\n\n\n\n<li>Enne t\u00f6\u00f6 alustamist korraldab endale oma t\u00f6\u00f6l\u00f5igu piires n\u00f5uetekohase t\u00f6\u00f6koha, j\u00e4rgides tuleohutusn\u00f5udeid.<\/li>\n\n\n\n<li>Valmistab detailid ette keevitamiseks &#8211; puhastab ja vajadusel faasib keevitatavad servad, kasutades selleks sobilikke meetodeid (nt k\u00e4sitsi, mehaaniliselt, termiliselt)<\/li>\n\n\n\n<li>Keevitab MMA meetodit kasutades terasest plaatide nurk\u00f5mblusi asendites PA, PB, PC, PF ja p\u00f5kk\u00f5mblusi asendis PA, PC ja PF. Teeb seda l\u00e4htudes t\u00f6\u00f6joonisest ja\/v\u00f5i WPS-ist ning tasemel B. Vajadusel puhastab t\u00e4itel\u00e4bimite \u00f5mbluse servad k\u00e4sitsi v\u00f5i mehaaniliselt.<\/li>\n\n\n\n<li>Teeb valmis koostudele j\u00e4relt\u00f6\u00f6tluse, eemaldades pindadelt pritsmed, \u0161laki, jne. Puhastab keevis\u00f5mblused.<\/li>\n\n\n\n<li>Kontrollib visuaalse kontrolli meetodit kasutades enda tehtud keevis\u00f5mblusi ning veendub, et need vastavad t\u00f6\u00f6joonisel esitatud n\u00f5uetele<\/li>\n\n\n\n<li>Parandab kontrollimise k\u00e4igus ilmnenud keevitusdefektid ja koostu kujuh\u00e4lbed.<\/li>\n\n\n\n<li>Kontrollib t\u00f6\u00f6 k\u00e4igus l\u00e4bimite vahelist temperatuuri. Veendub visuaalse kontrollimise teel ja selleks etten\u00e4htud m\u00f5\u00f5tmisvahendeid kasutades, et \u00f5mblused oleksid veatud (ei oleks poore, pragusid jm). Vigade ilmnemisel parandab need.<\/li>\n<\/ul>\n\n\n\n<p><strong>Teemad:<\/strong><\/p>\n\n\n\n<p>Moodul 1 <\/p>\n\n\n\n<p>Testimine.<br>Sertifitseerimiseks ettevalmistamise taseme kontrollimine<\/p>\n\n\n\n<p>Elektriohutus.<br>Tuleohutus.<\/p>\n\n\n\n<p>Standard EN ISO 15609 (WPS) \u2013 keevitusjuhiste tehniline sisu.<br>\u00d5ppe pWPS-ide lugemine .<\/p>\n\n\n\n<p>Moodul 2<\/p>\n\n\n\n<p>T\u00f6\u00f6koha korraldamine keevitust\u00f6\u00f6de t\u00e4itmiseks.<br>Keevitusseadmete seadistamine ja keevitusre\u017eiimide valik WPS-i p\u00f5hjal.<br>MMA meetodit kasutades terasest plaatide nurk\u00f5mblusi asendites PA, PB, PC, PF ja p\u00f5kk\u00f5mblusi asendis PA, PC ja PF keevitamine, l\u00e4htudes WPS-ist ning tasemel B.<br>T\u00e4itel\u00e4bimite \u00f5mbluse servade puhastamise viisid (k\u00e4sitsi v\u00f5i mehaaniliselt).<br>L\u00e4bimite vaheline temperatuuri kontroll t\u00f6\u00f6 k\u00e4igus.<\/p>\n\n\n\n<p>Visuaalse kontrolli l\u00e4biviimine ning m\u00f5\u00f5tevahendite kasutamine \u00f5mbluste kontrollimiseks.<br>\u00d5mbluste vastavus vastuv\u00f5etus tasemele B (EVS EN ISO 5817).<br>MMA-keevitusprotsessidele iseloomulikud defektid, nende ennetamine ja parandamise meetodid.<br>Keevisliidete j\u00e4relt\u00f6\u00f6tlus, sh keevis\u00f5mbluste puhastamine.<br>T\u00f6\u00f6kaitse ja keskkonnaohutuse n\u00f5uete t\u00e4itmine t\u00f6\u00f6protsessis.<\/p>\n\n\n\n<p>Moodul 3<\/p>\n\n\n\n<p>P\u00f5hilised sertifitseerimisn\u00f5uded vastavalt standardile EN ISO 9606-1 (katseproovi detailide ettevalmistamine, koostamine, keevitusetapid vastavalt pWPS-le)<br>Eelseisva eksamile taotluse vormistamine (protsess, positsioon, materjal, toote t\u00fc\u00fcp, \u00fchend jne)<\/p>\n\n\n\n<p>Proovieksami l\u00e4biviimine koostatud taotluse alusel<br>Teoreetiline test ja praktiline t\u00f6\u00f6<\/p>\n\n\n\n<p><strong>\u00d5ppemeetodid:<\/strong><\/p>\n\n\n\n<p>Loeng, \u00f5ppevahendite demonstratsioon, praktilised \u00fclesanded, anal\u00fc\u00fcs, arutlused.<\/p>\n\n\n\n<p><strong>Koolituse eesm\u00e4rk:<br><\/strong><br>\u00d5petusega taotletakse, et \u00f5ppija omandab vajalikud teoreetilised teadmised ja praktilised oskused MMA -keevitamisest (valmistab ette, keevitab kontrolln\u00e4idist ja kontrollib tulemust visuaalse kontrolli ja m\u00f5\u00f5teriistade abil).<br>Siseeksami edukalt sooritanud \u00f5pilane on valmis sooritama rahvusvahelise keevitaja sertifikaadi eksami vastavalt standardile EVS EN ISO 9606-1.<\/p>\n\n\n\n<p><strong>Kokkuv\u00f5ttev hindamine:<\/strong><\/p>\n\n\n\n<p>Teoreetiline test: Testi loetakse sooritatud, kui \u00f5pilane vastab \u00f5igesti v\u00e4hemalt 80% testis olevaid k\u00fcsimusele.<\/p>\n\n\n\n<p>Praktiline t\u00f6\u00f6: kontrolln\u00e4idise keevitamine<\/p>\n\n\n\n<p>t\u00f6\u00f6 tulemus hinnatakse sooritatuks v\u00f5i sooritamata vastavalt standardi EVS-EN-ISO 5817 ning aktsepteerimistasemele B.<\/p>\n\n\n\n<p><strong>N\u00f5uded \u00f5pingute l\u00f5petamiseks:<\/strong>&nbsp;\u00d5pingud loetakse l\u00f5petatuks, kui \u00f5pilane on omandanud eriala koolituskava \u00f5piv\u00e4ljundid, osalenud v\u00e4hemalt 80% \u00f5ppet\u00f6\u00f6st ning sooritanud teoreetilist testi ja praktilist t\u00f6\u00f6d.<\/p>\n\n\n\n<p><strong>Kursuse l\u00e4bimisel v\u00e4ljastatav dokument<\/strong><br><strong>Tunnistus:&nbsp;<\/strong>Tunnistust v\u00e4ljastatakse, kui \u00f5pingute l\u00f5petamise n\u00f5uded on t\u00e4idetud.<\/p>\n\n\n\n<p><strong>T\u00f5end:<\/strong>&nbsp;T\u00f5endit v\u00e4ljastatakse, kui \u00f5pitulemusi ei ole \u00f5ppijaga saavutatud, kuid \u00f5ppija v\u00f5ttis osa \u00f5ppet\u00f6\u00f6st. T\u00f5end v\u00e4ljastatakse vastavalt osaletud kontakttundide arvule, kuid mitte juhul, kui \u00f5ppija osales v\u00e4hem kui 50% tundidest.<\/p>\n\n\n\n<p><strong>Koolitaja kompetentsust tagava kvalifikatsiooni v\u00f5i \u00f5pi- v\u00f5i t\u00f6\u00f6kogemuse kirjeldus<\/strong><\/p>\n\n\n\n<p><strong>Sergei Boaga<\/strong>&nbsp;\u2013 K\u00f5rgharidus, \u00f5petaja kogemus \u2013 18 aastat,<\/p>\n\n\n\n<p><em>\u00d5petatav aine<\/em><\/p>\n\n\n\n<p>\u2022 Keevituse tehnologia<br>\u2022 Teooria+praktika T\u00f6\u00f6keskkond ja t\u00f6\u00f6seadusandlus<br><em>Kvalifikatsioon<\/em><br>\u2022 International Welding Tehnologist<br>\u2022 EN ISO 9712, Inspektor VT-2, PT-2<br>\u2022 International Welding Inspector \u2013 C<br>\u2022 \u0422\u00e4iskasvanute koolitaja, Tase 6<\/p>\n\n\n\n<p><strong>Arkadi T\u0161erednit\u0161enko<\/strong><\/p>\n\n\n\n<p>keskeriharidus, \u00f5petaja kogemus &#8211; 5 aastat<\/p>\n\n\n\n<p><strong>Jelena Ibragimova<\/strong>&nbsp;\u2013 K\u00f5rgharidus, \u0422\u00e4iskasvanute koolitaja, Tase 6, \u00f5petaja kogemus \u2013 30 aastat,&nbsp;<em>\u00d5petatav aine:<\/em>&nbsp;Keevituse tehnologia, Metallit\u00f6\u00f6stus<\/p>\n\n\n\n<p><strong>Andrei Boaga<\/strong>&nbsp;\u2013 keskeriharidus, \u00f5petaja kogemus \u2013 7 aastat<\/p>\n\n\n\n<p><em>\u00d5petatav aine:<\/em><\/p>\n\n\n\n<p>\u2022 Keevituse tehnologia<br>\u2022 Teooria + praktika<\/p>\n\n\n\n<p><em>Kvalifikatsioon<\/em><\/p>\n\n\n\n<p>\u2022 International Welding Specialist<br>\u2022 EN ISO 9712 Inspektor VT-2<br>\u2022 Welding master DVS-EWF 1157<br>\u2022 International Welding Inspector \u2013 S\u00a0<br>\u2022 \u0422\u00e4iskasvanute koolitaja, Tase 5<\/p>\n\n\n\n<p><strong>Arkadi T\u0161erednit\u0161enko<\/strong><\/p>\n\n\n\n<p>keskeriharidus, \u00f5petaja kogemus \u2013 5 aastat<\/p>\n","protected":false},"excerpt":{"rendered":"<p>\u00d5ppekeel: Vene Valdkond: Tehnika, tootmine ja t\u00f6\u00f6tlemine \u00d5ppekavar\u00fchm: Mehaanika ja metalli t\u00f6\u00f6tlemine Eriala: MMA -keevitajate ettevalmistamine \u00d5ppekava koostamise alus: Keevitaja tase 4, kompetentsid B2.2, B2.3, B.2.6 Koolituse maht: 40 ak.t. (1ak.tund = 45 min.) \u2022 teoreetiline osa &#8211; 8 ak.t \u2022 praktiline osa &#8211; 32 ak.t. Koolituse l\u00e4biviimise koht: Eriala kirjeldus Keevitaja t\u00f6\u00f6tab p\u00f5hiliselt metalltooteid ja -konstruktsioone valmistavas [&hellip;]<\/p>\n","protected":false},"author":1,"featured_media":0,"parent":0,"menu_order":0,"comment_status":"closed","ping_status":"closed","template":"","meta":{"footnotes":""},"class_list":["post-5079","page","type-page","status-publish","hentry"],"_links":{"self":[{"href":"https:\/\/ecomengrad.eu\/ee\/wp-json\/wp\/v2\/pages\/5079","targetHints":{"allow":["GET"]}}],"collection":[{"href":"https:\/\/ecomengrad.eu\/ee\/wp-json\/wp\/v2\/pages"}],"about":[{"href":"https:\/\/ecomengrad.eu\/ee\/wp-json\/wp\/v2\/types\/page"}],"author":[{"embeddable":true,"href":"https:\/\/ecomengrad.eu\/ee\/wp-json\/wp\/v2\/users\/1"}],"replies":[{"embeddable":true,"href":"https:\/\/ecomengrad.eu\/ee\/wp-json\/wp\/v2\/comments?post=5079"}],"version-history":[{"count":9,"href":"https:\/\/ecomengrad.eu\/ee\/wp-json\/wp\/v2\/pages\/5079\/revisions"}],"predecessor-version":[{"id":6105,"href":"https:\/\/ecomengrad.eu\/ee\/wp-json\/wp\/v2\/pages\/5079\/revisions\/6105"}],"wp:attachment":[{"href":"https:\/\/ecomengrad.eu\/ee\/wp-json\/wp\/v2\/media?parent=5079"}],"curies":[{"name":"wp","href":"https:\/\/api.w.org\/{rel}","templated":true}]}}