{"id":5235,"date":"2023-03-20T16:54:08","date_gmt":"2023-03-20T13:54:08","guid":{"rendered":"https:\/\/ecomengrad.eu\/?page_id=5235"},"modified":"2025-06-05T12:27:06","modified_gmt":"2025-06-05T09:27:06","slug":"ecomengrad","status":"publish","type":"page","link":"https:\/\/ecomengrad.eu\/ee\/","title":{"rendered":""},"content":{"rendered":"<pre class=\"wp-block-preformatted\"><a href=\"https:\/\/ecomengrad.eu\/obuchenie\/\"><strong><img loading=\"lazy\" decoding=\"async\" class=\"alignnone wp-image-7399 size-full\" src=\"https:\/\/ecomengrad.eu\/wp-content\/uploads\/2025\/06\/koik.png\" alt=\"\" width=\"524\" height=\"200\" srcset=\"https:\/\/ecomengrad.eu\/wp-content\/uploads\/2025\/06\/koik.png 524w, https:\/\/ecomengrad.eu\/wp-content\/uploads\/2025\/06\/koik-300x115.png 300w\" sizes=\"auto, (max-width: 524px) 100vw, 524px\" \/> <br \/>>> Ecomengrad Koolitused 2024 - 2025 <<<\/strong><\/a><\/pre>\n\n\t\t<div class=\"pgafu-post-grid-main pgafu-design-1 pgafu-image-fit pgafu-grid-2 pgafu-clearfix \">\r\n\t\t\t<div class=\"pgafu-post-grid  pgafu-medium-6 pgafu-columns  pgafu-first\">\r\n\t<div class=\"pgafu-post-grid-content no-thumb-image\">\r\n\t\t\r\n\t\t<h2 class=\"pgafu-post-title\">\r\n\t\t\t<a href=\"https:\/\/ecomengrad.eu\/ee\/2024\/11\/27\/digioskuste-koolitus-edasijoudnutele\/\">Arvutikoolitus edasij\u00f5udnutele<\/a>\r\n\t\t<\/h2>\r\n\r\n\t\t\t\t\t<div class=\"pgafu-post-date\">\r\n\t\t\t\t\t\t\t<\/div>\r\n\t\t\t\t\t<div class=\"pgafu-post-content\">\r\n\t\t\t\t<div class=\"pgafu-post-short-content\">\u00d5ppekeskus: Ecomengrad O\u00dc Koolituse nimetus: Arvutikoolitus edasij\u00f5udnutele \u00d5ppekeel: vene keel \u00d5ppekavar\u00fchm: Arvutikasutus Koolituse eesm\u00e4rk Koolituse tulemusena omandab koolitatav teadmised ja...<\/div>\r\n\t\t\t\t\t\t\t\t\t<a href=\"https:\/\/ecomengrad.eu\/ee\/2024\/11\/27\/digioskuste-koolitus-edasijoudnutele\/\" class=\"readmorebtn\">Read More<\/a>\r\n\t\t\t\t\t\t\t<\/div>\r\n\t\t\t<\/div>\r\n<\/div><div class=\"pgafu-post-grid  pgafu-medium-6 pgafu-columns  pgafu-last\">\r\n\t<div class=\"pgafu-post-grid-content \">\r\n\t\t\t\t\t<div class=\"pgafu-post-image-bg\" style=\"\">\r\n\t\t\t\t<a href=\"https:\/\/ecomengrad.eu\/ee\/2023\/02\/27\/praktiline-kursus-mag\/\">\r\n\t\t\t\t\t<img decoding=\"async\" src=\"https:\/\/ecomengrad.eu\/wp-content\/uploads\/2023\/02\/svarka.jpg\" alt=\"Praktiline kursus MAG\" \/>\r\n\t\t\t\t<\/a>\r\n\t\t\t<\/div>\r\n\t\t\r\n\t\t<h2 class=\"pgafu-post-title\">\r\n\t\t\t<a href=\"https:\/\/ecomengrad.eu\/ee\/2023\/02\/27\/praktiline-kursus-mag\/\">Praktiline kursus MAG<\/a>\r\n\t\t<\/h2>\r\n\r\n\t\t\t\t\t<div class=\"pgafu-post-date\">\r\n\t\t\t\t\t\t\t<\/div>\r\n\t\t\t\t\t<div class=\"pgafu-post-content\">\r\n\t\t\t\t<div class=\"pgafu-post-short-content\">\u00d5ppekeel: Vene Valdkond: Tehnika,tootmine ja t\u00f6\u00f6tlemine \u00d5ppekavar\u00fchm: Mehaanika ja metalli t\u00f6\u00f6tlemine Eriala: Poolautomaatkeevitaja (MAG \u2013 135, 136, 138) \u00d5ppekava koostamise...<\/div>\r\n\t\t\t\t\t\t\t\t\t<a href=\"https:\/\/ecomengrad.eu\/ee\/2023\/02\/27\/praktiline-kursus-mag\/\" class=\"readmorebtn\">Read More<\/a>\r\n\t\t\t\t\t\t\t<\/div>\r\n\t\t\t<\/div>\r\n<\/div><div class=\"pgafu-post-grid  pgafu-medium-6 pgafu-columns  pgafu-first\">\r\n\t<div class=\"pgafu-post-grid-content \">\r\n\t\t\t\t\t<div class=\"pgafu-post-image-bg\" style=\"\">\r\n\t\t\t\t<a href=\"https:\/\/ecomengrad.eu\/ee\/2022\/01\/12\/koolituskeskus-ecomengrad-on-labinud-eesti-korg-ja-kutsehariduse-kvaliteediagentuuri-lavendipohise-kvaliteedi-hindamise-2022-aasta\/\">\r\n\t\t\t\t\t<img decoding=\"async\" src=\"https:\/\/ecomengrad.eu\/wp-content\/uploads\/2022\/01\/ekkalogo3-1024x896.png\" alt=\"Koolituskeskus Ecomengrad on l\u00e4binud Eesti K\u00f5rg- ja Kutsehariduse Kvaliteediagentuuri l\u00e4vendip\u00f5hise kvaliteedi hindamise 2022. aasta\" \/>\r\n\t\t\t\t<\/a>\r\n\t\t\t<\/div>\r\n\t\t\r\n\t\t<h2 class=\"pgafu-post-title\">\r\n\t\t\t<a href=\"https:\/\/ecomengrad.eu\/ee\/2022\/01\/12\/koolituskeskus-ecomengrad-on-labinud-eesti-korg-ja-kutsehariduse-kvaliteediagentuuri-lavendipohise-kvaliteedi-hindamise-2022-aasta\/\">Koolituskeskus Ecomengrad on l\u00e4binud Eesti K\u00f5rg- ja Kutsehariduse Kvaliteediagentuuri l\u00e4vendip\u00f5hise kvaliteedi hindamise 2022. aasta<\/a>\r\n\t\t<\/h2>\r\n\r\n\t\t\t\t\t<div class=\"pgafu-post-date\">\r\n\t\t\t\t\t\t\t<\/div>\r\n\t\t\t\t\t<div class=\"pgafu-post-content\">\r\n\t\t\t\t<div class=\"pgafu-post-short-content\"><\/div>\r\n\t\t\t\t\t\t\t\t\t<a href=\"https:\/\/ecomengrad.eu\/ee\/2022\/01\/12\/koolituskeskus-ecomengrad-on-labinud-eesti-korg-ja-kutsehariduse-kvaliteediagentuuri-lavendipohise-kvaliteedi-hindamise-2022-aasta\/\" class=\"readmorebtn\">Read More<\/a>\r\n\t\t\t\t\t\t\t<\/div>\r\n\t\t\t<\/div>\r\n<\/div><div class=\"pgafu-post-grid  pgafu-medium-6 pgafu-columns  pgafu-last\">\r\n\t<div class=\"pgafu-post-grid-content \">\r\n\t\t\t\t\t<div class=\"pgafu-post-image-bg\" style=\"\">\r\n\t\t\t\t<a href=\"https:\/\/ecomengrad.eu\/ee\/2020\/11\/11\/kurs-rukovoditel-deyatelnosti\/\">\r\n\t\t\t\t\t<img decoding=\"async\" src=\"https:\/\/ecomengrad.eu\/wp-content\/uploads\/2020\/11\/shutterstock_1805492056-1024x683.jpg\" alt=\"Koolitus: &#8220;Tegevusjuhendaja&#8221;\" \/>\r\n\t\t\t\t<\/a>\r\n\t\t\t<\/div>\r\n\t\t\r\n\t\t<h2 class=\"pgafu-post-title\">\r\n\t\t\t<a href=\"https:\/\/ecomengrad.eu\/ee\/2020\/11\/11\/kurs-rukovoditel-deyatelnosti\/\">Koolitus: &#8220;Tegevusjuhendaja&#8221;<\/a>\r\n\t\t<\/h2>\r\n\r\n\t\t\t\t\t<div class=\"pgafu-post-date\">\r\n\t\t\t\t\t\t\t<\/div>\r\n\t\t\t\t\t<div class=\"pgafu-post-content\">\r\n\t\t\t\t<div class=\"pgafu-post-short-content\">(veel &hellip;)<\/div>\r\n\t\t\t\t\t\t\t\t\t<a href=\"https:\/\/ecomengrad.eu\/ee\/2020\/11\/11\/kurs-rukovoditel-deyatelnosti\/\" class=\"readmorebtn\">Read More<\/a>\r\n\t\t\t\t\t\t\t<\/div>\r\n\t\t\t<\/div>\r\n<\/div><div class=\"pgafu-post-grid  pgafu-medium-6 pgafu-columns  pgafu-first\">\r\n\t<div class=\"pgafu-post-grid-content \">\r\n\t\t\t\t\t<div class=\"pgafu-post-image-bg\" style=\"\">\r\n\t\t\t\t<a href=\"https:\/\/ecomengrad.eu\/ee\/2020\/04\/17\/uvazhaemye-klienty-iz-za-riska-massovogo-rasprostraneniya-virusa-uchebnyj-czentr-ecomengrad-organizuet-kursy-elektronnogo-obucheniya-na-period-dejstviya-chrezvychajnogo-polozheniya\/\">\r\n\t\t\t\t\t<img decoding=\"async\" src=\"https:\/\/ecomengrad.eu\/wp-content\/uploads\/2020\/04\/onlineope.jpeg\" alt=\"Lugupeetud kliendid! Seoses eriolukorraga ning COVID-19 viiruse levikuga oleme koolitused viinud E-\u00d5PPE KESKKONDA\" \/>\r\n\t\t\t\t<\/a>\r\n\t\t\t<\/div>\r\n\t\t\r\n\t\t<h2 class=\"pgafu-post-title\">\r\n\t\t\t<a href=\"https:\/\/ecomengrad.eu\/ee\/2020\/04\/17\/uvazhaemye-klienty-iz-za-riska-massovogo-rasprostraneniya-virusa-uchebnyj-czentr-ecomengrad-organizuet-kursy-elektronnogo-obucheniya-na-period-dejstviya-chrezvychajnogo-polozheniya\/\">Lugupeetud kliendid! Seoses eriolukorraga ning COVID-19 viiruse levikuga oleme koolitused viinud E-\u00d5PPE KESKKONDA<\/a>\r\n\t\t<\/h2>\r\n\r\n\t\t\t\t\t<div class=\"pgafu-post-date\">\r\n\t\t\t\t\t\t\t<\/div>\r\n\t\t\t\t\t<div class=\"pgafu-post-content\">\r\n\t\t\t\t<div class=\"pgafu-post-short-content\">Eesti keel (individuaal\u00f5pe) A1, A2, B1, B2 Registratsioon ja info: tel. &nbsp;+372 56871465, info@ecomengrad.eu, www.ecomengrad.eu \u00d5pi kodus v\u00f5i muu mugavas...<\/div>\r\n\t\t\t\t\t\t\t\t\t<a href=\"https:\/\/ecomengrad.eu\/ee\/2020\/04\/17\/uvazhaemye-klienty-iz-za-riska-massovogo-rasprostraneniya-virusa-uchebnyj-czentr-ecomengrad-organizuet-kursy-elektronnogo-obucheniya-na-period-dejstviya-chrezvychajnogo-polozheniya\/\" class=\"readmorebtn\">Read More<\/a>\r\n\t\t\t\t\t\t\t<\/div>\r\n\t\t\t<\/div>\r\n<\/div><div class=\"pgafu-post-grid  pgafu-medium-6 pgafu-columns  pgafu-last\">\r\n\t<div class=\"pgafu-post-grid-content \">\r\n\t\t\t\t\t<div class=\"pgafu-post-image-bg\" style=\"\">\r\n\t\t\t\t<a href=\"https:\/\/ecomengrad.eu\/ee\/2019\/10\/11\/uchebnyj-czentr-ecomengrad-predlagaet-obuchenie-po-kursu-landshaftnyj-stroitel\/\">\r\n\t\t\t\t\t<img decoding=\"async\" src=\"https:\/\/ecomengrad.eu\/wp-content\/uploads\/2019\/10\/shutterstock_636057719-1024x683.jpg\" alt=\"Koolituskeskus &#8220;ECOMENGRAD&#8221; kutsub osaleda koolitusel: &#8220;Maastikuehitaja&#8221;\" \/>\r\n\t\t\t\t<\/a>\r\n\t\t\t<\/div>\r\n\t\t\r\n\t\t<h2 class=\"pgafu-post-title\">\r\n\t\t\t<a href=\"https:\/\/ecomengrad.eu\/ee\/2019\/10\/11\/uchebnyj-czentr-ecomengrad-predlagaet-obuchenie-po-kursu-landshaftnyj-stroitel\/\">Koolituskeskus &#8220;ECOMENGRAD&#8221; kutsub osaleda koolitusel: &#8220;Maastikuehitaja&#8221;<\/a>\r\n\t\t<\/h2>\r\n\r\n\t\t\t\t\t<div class=\"pgafu-post-date\">\r\n\t\t\t\t\t\t\t<\/div>\r\n\t\t\t\t\t<div class=\"pgafu-post-content\">\r\n\t\t\t\t<div class=\"pgafu-post-short-content\">T\u00e4htsamad teemad: Esmaabi, T\u00f6\u00f6seadusandluse alused, Loodusressursside kasutamine ja kaitse, Keskkonnariskid ja keskkonnaaudit, Praktilised t\u00f6\u00f6d. Objekti anal\u00fc\u00fcs maastikuehituslike t\u00f6\u00f6de v\u00f5imalike \u00f5iguslikepiirangute...<\/div>\r\n\t\t\t\t\t\t\t\t\t<a href=\"https:\/\/ecomengrad.eu\/ee\/2019\/10\/11\/uchebnyj-czentr-ecomengrad-predlagaet-obuchenie-po-kursu-landshaftnyj-stroitel\/\" class=\"readmorebtn\">Read More<\/a>\r\n\t\t\t\t\t\t\t<\/div>\r\n\t\t\t<\/div>\r\n<\/div><div class=\"pgafu-post-grid  pgafu-medium-6 pgafu-columns  pgafu-first\">\r\n\t<div class=\"pgafu-post-grid-content \">\r\n\t\t\t\t\t<div class=\"pgafu-post-image-bg\" style=\"\">\r\n\t\t\t\t<a href=\"https:\/\/ecomengrad.eu\/ee\/2019\/08\/27\/dopolnitelnye-zanyatiya-po-anglijskomu-yazyku-dlya-starsheklassnikov\/\">\r\n\t\t\t\t\t<img decoding=\"async\" src=\"https:\/\/ecomengrad.eu\/wp-content\/uploads\/2019\/08\/image1.jpg\" alt=\"Koolituskeskus Ecomengrad pakub inglise ja eesti keele kursusi nii lastele kui ka noortele\" \/>\r\n\t\t\t\t<\/a>\r\n\t\t\t<\/div>\r\n\t\t\r\n\t\t<h2 class=\"pgafu-post-title\">\r\n\t\t\t<a href=\"https:\/\/ecomengrad.eu\/ee\/2019\/08\/27\/dopolnitelnye-zanyatiya-po-anglijskomu-yazyku-dlya-starsheklassnikov\/\">Koolituskeskus Ecomengrad pakub inglise ja eesti keele kursusi nii lastele kui ka noortele<\/a>\r\n\t\t<\/h2>\r\n\r\n\t\t\t\t\t<div class=\"pgafu-post-date\">\r\n\t\t\t\t\t\t\t<\/div>\r\n\t\t\t\t\t<div class=\"pgafu-post-content\">\r\n\t\t\t\t<div class=\"pgafu-post-short-content\">&nbsp;Meie koolis t\u00f6\u00f6tavad j\u00e4rgmised r\u00fchmad: -Eesti keel -Inglise keel Meie \u00f5pilased omandavad keeli l\u00e4bi m\u00e4ngude&nbsp;ja&nbsp;huvitavate tegevuste. Tunnid toimuvad erinevates vanuser\u00fchmades...<\/div>\r\n\t\t\t\t\t\t\t\t\t<a href=\"https:\/\/ecomengrad.eu\/ee\/2019\/08\/27\/dopolnitelnye-zanyatiya-po-anglijskomu-yazyku-dlya-starsheklassnikov\/\" class=\"readmorebtn\">Read More<\/a>\r\n\t\t\t\t\t\t\t<\/div>\r\n\t\t\t<\/div>\r\n<\/div><div class=\"pgafu-post-grid  pgafu-medium-6 pgafu-columns  pgafu-last\">\r\n\t<div class=\"pgafu-post-grid-content \">\r\n\t\t\t\t\t<div class=\"pgafu-post-image-bg\" style=\"\">\r\n\t\t\t\t<a href=\"https:\/\/ecomengrad.eu\/ee\/2019\/08\/27\/uchebnyj-czentr-ecomengrad-obyavlyaet-nabor-v-gru-2\/\">\r\n\t\t\t\t\t<img decoding=\"async\" src=\"https:\/\/ecomengrad.eu\/wp-content\/uploads\/2019\/08\/gr-group-big.jpg\" alt=\"Koolituskeskus Ecomengrad pakub Teile A1-, \u04102-, B1 -taseme eesti keele koolitusi\" \/>\r\n\t\t\t\t<\/a>\r\n\t\t\t<\/div>\r\n\t\t\r\n\t\t<h2 class=\"pgafu-post-title\">\r\n\t\t\t<a href=\"https:\/\/ecomengrad.eu\/ee\/2019\/08\/27\/uchebnyj-czentr-ecomengrad-obyavlyaet-nabor-v-gru-2\/\">Koolituskeskus Ecomengrad pakub Teile A1-, \u04102-, B1 -taseme eesti keele koolitusi<\/a>\r\n\t\t<\/h2>\r\n\r\n\t\t\t\t\t<div class=\"pgafu-post-date\">\r\n\t\t\t\t\t\t\t<\/div>\r\n\t\t\t\t\t<div class=\"pgafu-post-content\">\r\n\t\t\t\t<div class=\"pgafu-post-short-content\">Meil on j\u00e4rgmised koolitused: Eesti keel, \u04101 T\u00e4iskasvanud, kes soovivad alustada eesti keele \u00f5pingutega. \u00d5ppija ei valda eesti keelt \u00fcldse...<\/div>\r\n\t\t\t\t\t\t\t\t\t<a href=\"https:\/\/ecomengrad.eu\/ee\/2019\/08\/27\/uchebnyj-czentr-ecomengrad-obyavlyaet-nabor-v-gru-2\/\" class=\"readmorebtn\">Read More<\/a>\r\n\t\t\t\t\t\t\t<\/div>\r\n\t\t\t<\/div>\r\n<\/div>\r\n\t\t\t\t\t\t\t<div class=\"pgafu-post-pagination pgafu-clearfix\">\r\n\t\t\t\t\t\t\t\t\t<\/div>\r\n\t\t\t\r\n\t\t<\/div>\r\n\r\n\t\t\n","protected":false},"excerpt":{"rendered":"<p>>> Ecomengrad Koolitused 2024 &#8211; 2025<\/p>\n","protected":false},"author":1,"featured_media":0,"parent":0,"menu_order":0,"comment_status":"closed","ping_status":"closed","template":"","meta":{"footnotes":""},"class_list":["post-5235","page","type-page","status-publish","hentry"],"_links":{"self":[{"href":"https:\/\/ecomengrad.eu\/ee\/wp-json\/wp\/v2\/pages\/5235","targetHints":{"allow":["GET"]}}],"collection":[{"href":"https:\/\/ecomengrad.eu\/ee\/wp-json\/wp\/v2\/pages"}],"about":[{"href":"https:\/\/ecomengrad.eu\/ee\/wp-json\/wp\/v2\/types\/page"}],"author":[{"embeddable":true,"href":"https:\/\/ecomengrad.eu\/ee\/wp-json\/wp\/v2\/users\/1"}],"replies":[{"embeddable":true,"href":"https:\/\/ecomengrad.eu\/ee\/wp-json\/wp\/v2\/comments?post=5235"}],"version-history":[{"count":35,"href":"https:\/\/ecomengrad.eu\/ee\/wp-json\/wp\/v2\/pages\/5235\/revisions"}],"predecessor-version":[{"id":7401,"href":"https:\/\/ecomengrad.eu\/ee\/wp-json\/wp\/v2\/pages\/5235\/revisions\/7401"}],"wp:attachment":[{"href":"https:\/\/ecomengrad.eu\/ee\/wp-json\/wp\/v2\/media?parent=5235"}],"curies":[{"name":"wp","href":"https:\/\/api.w.org\/{rel}","templated":true}]}}