{"id":5428,"date":"2023-05-23T15:58:07","date_gmt":"2023-05-23T12:58:07","guid":{"rendered":"https:\/\/ecomengrad.eu\/ee\/?page_id=5428"},"modified":"2023-05-24T10:47:24","modified_gmt":"2023-05-24T07:47:24","slug":"kuberohutuse-ja-personaalarvutil-tootamise-alused","status":"publish","type":"page","link":"https:\/\/ecomengrad.eu\/ee\/kuberohutuse-ja-personaalarvutil-tootamise-alused\/","title":{"rendered":"K\u00dcBEROHUTUSE JA PERSONAALARVUTIL T\u00d6\u00d6TAMISE ALUSED"},"content":{"rendered":"\n<figure class=\"wp-block-table\"><table><tbody><tr><td><br><strong>Programmi nimetus<\/strong><\/td><td><br><br>K\u00dcBEROHUTUSE JA PERSONAALARVUTIL T\u00d6\u00d6TAMISE ALUSED<br><\/td><\/tr><tr><td><strong>\u00d5ppekavar\u00fchm<\/strong><\/td><td>Arvutikasutus<\/td><\/tr><tr><td><strong>Programmi maht<\/strong><\/td><td>85 tundi<\/td><\/tr><tr><td><strong>Auditoorse ja praktilise t\u00f6\u00f6 maht<\/strong><\/td><td>85 tundi<\/td><\/tr><tr><td><strong>Koolituse keel<\/strong><\/td><td>vene<\/td><\/tr><tr><td><strong>SIHTR\u00dcHM<\/strong><\/td><td>\u00d5ppeprogramm on m\u00f5eldud k\u00f5ikidele, kes soovivad l\u00e4bida eriala v\u00f5i \u00fcmber\u00f5ppe koolituse. Kursusel v\u00f5ivad osaleda arvutitehnoloogiatest huvituvad, selles suunas areneda soovivad inimesed.<\/td><\/tr><tr><td><strong>Koolituse tulemus<\/strong><\/td><td><br>* Tunneb arvuti ehitust, samuti k\u00f5ikide arvutiseadmete t\u00f6\u00f6p\u00f5him\u00f5tteid eesm\u00e4rkide \u00f5igeks planeerimiseks.<br>* Trello, Jura, Grandi diagrammi eris\u00fcsteemide loomine t\u00f6\u00f6de planeerimiseks ja arvestuseks<br>* Meeskonnaga sise- ja v\u00e4likommunikatsioonide meetod. Skype , Zoom , Google Meet , Discord.<br>* Oskab kasutada k\u00fcberohutuse vahendeid<br>* Oskab teha seadmete diagnostikat, vahetada korrast \u00e4ra perifeerseid sise- ja v\u00e4lisseadmeid.<br>* M\u00f5istab v\u00f5rguseadmete ehitust ja nendega seotud v\u00f5imalusi ja ohtusid.<\/td><\/tr><tr><td><strong>Koolitusvorm<\/strong><\/td><td>Statsionaarne ja mittestatsionaarne koolitus (samuti distants\u00f5pe)<\/td><\/tr><tr><td><strong>Koolitusmeetodid<\/strong><\/td><td>\u00d5ppemeetodina on peamiselt ette n\u00e4htud loengud ja praktiline t\u00f6\u00f6 auditooriumis. \u00d5ppej\u00f5ud arvestab alati, et igal tudengil on erinevad teadmisedja sellega seotult leiab aega individuaalseks t\u00f6\u00f6ks iga tudengiga.<\/td><\/tr><tr><td><strong>\u00d5ppematerjalid<\/strong><\/td><td>Koolitaja poolt koostatud \u00f5ppematerjalid<\/td><\/tr><tr><td><strong>\u00d5ppekeskkond<\/strong><\/td><td><br>Kursused viiakse l\u00e4bi aadressil Mere pst.3, Sillam\u00e4e<br>\u00d5ppet\u00f6\u00f6s kasutatakse kaasaegset klassi, mis on varustatud 10 arvutiga. Koolitusruum vastab t\u00f6\u00f6tervishoiu ja t\u00f6\u00f6ohutuse seaduses s\u00e4testatud t\u00f6\u00f6tervishoiu ja -ohutuse n\u00f5uetele.<\/td><\/tr><tr><td><strong>N\u00f5uded koolituse l\u00f5petamiseks<\/strong><\/td><td>Osalemine 80% loengutel, l\u00e4bitud praktika; iga mooduli ja praktika tulemused on hinnatud positiivselt.<\/td><\/tr><tr><td><strong>\u00d5ppej\u00f5ud<\/strong><\/td><td>\u00d5ppej\u00f5ududel on aastatepikkune t\u00f6\u00f6kogemus ja haridus IT-valdkonnas.<\/td><\/tr><tr><td colspan=\"2\"><strong><em>Arvutioskus<\/em><\/strong><\/td><\/tr><tr><td><strong>Kursuse maht<\/strong><\/td><td>10 tundi<\/td><\/tr><tr><td><strong>\u00d5ppej\u00f5ud<\/strong><\/td><td>Aleksandr Akimov, Andrei Samu\u0161in, Mihhail Feofanov, Pavel Nemt\u0161enko<\/td><\/tr><tr><td><strong>Eesm\u00e4rk<\/strong><\/td><td>Oskus asjatundlikult ja efektiivselt kasutada arvutit. Perifeersete v\u00e4lis- ja siseseadmete l\u00fclitamine ja nende h\u00e4\u00e4lestamine.<\/td><\/tr><tr><td><strong>N\u00f5uded koolituse alustamiseks<\/strong><\/td><td>puuduvad<\/td><\/tr><tr><td><strong>Koolituse sisu<\/strong><\/td><td>* Kuidas arvuti t\u00f6\u00f6tab <br>* Millised arvutid on olemas <br>* Milliseid seadmeid v\u00f5ib \u00fchendada arvutiga <br>* Arvuti ja perifeersete seadmete h\u00e4\u00e4lestamine<\/td><\/tr><tr><td><strong>Koolituse tulemus<\/strong><\/td><td>Tudeng m\u00f5istab, kuidas t\u00f6\u00f6tab arvuti, mille eest vastutavad perifeersed sise- ja v\u00e4lisseadmed, suudab teha vajalike \u00fclesannete jaoks nimetatud seadmete h\u00e4\u00e4lestust<\/td><\/tr><tr><td><strong>Hindamine<\/strong><\/td><td>Praktiliste t\u00f6\u00f6de hindamine (arvestus\/mittearvestus)<\/td><\/tr><tr><td colspan=\"2\"><strong><em>K\u00fcberohutus<\/em><\/strong><\/td><\/tr><tr><td><strong>Kursuse maht<\/strong><\/td><td>15 tundi<\/td><\/tr><tr><td><strong>\u00d5ppej\u00f5ud<\/strong><\/td><td>Aleksandr Akimov, Andrei Samu\u0161in, Pavel Nemt\u0161enko<\/td><\/tr><tr><td><strong>Eesm\u00e4rk<\/strong><\/td><td>\u00d5petada \u00f5igeaegselt tuvastama digimaailma ohtusid ja osata nendele vastu seista.<\/td><\/tr><tr><td><strong>N\u00f5uded koolituse alustamiseks<\/strong><\/td><td>Arvutikasutuse algteadmised.<\/td><\/tr><tr><td><strong>Koolituse sisu<\/strong><\/td><td>* Asjaga kurssi viimine: aktuaalsus, eesm\u00e4rgid ja \u00fclesanded Isikuandmed ja digij\u00e4lg <br>*K\u00fcberkiusamine Internetis ohutu suhtlemise p\u00f5him\u00f5tted Juhtmevabad \u00fchendused, autentifitseerimine ja p\u00fcsiparoolid <br>* Kuritarkvara liigid ja kuidas kaitsta oma seadmeid <br>* Andmep\u00fc\u00fck \u2013 kuidas kaitsta ennast kelmide eest<br>* V\u00f5rgus ohutu k\u00e4itumise p\u00f5him\u00f5tted Andmete ohutu talletamine <br>* Viiruset\u00f5rje tarkvara ja selle m\u00e4\u00e4ratus<\/td><\/tr><tr><td><strong>Koolituse tulemus<\/strong><\/td><td>Tudeng m\u00f5istab v\u00f5rgus ohutu suhtlemise ja k\u00e4itumise p\u00f5him\u00f5tteid nende kasutamiseks om a igap\u00e4evaelus ja t\u00f6\u00f6kohal, kuidas \u00f5igesti reageerida k\u00fcberohutusega seotud \u00e4hvardustele.<\/td><\/tr><tr><td><strong>Hindamine<\/strong><\/td><td>Praktiliste t\u00f6\u00f6de hindamine (arvestus\/mittearvestus)<\/td><\/tr><tr><td colspan=\"2\"><strong><em>K\u00fcberohutuse alused ettev\u00f5ttes<\/em><\/strong><\/td><\/tr><tr><td><strong>Kursuse maht<\/strong><\/td><td>20 tundi<\/td><\/tr><tr><td><strong>\u00d5ppej\u00f5ud<\/strong><\/td><td>Aleksandr Akimov, Andrei Samu\u0161in, Pavel Nemt\u0161enko<\/td><\/tr><tr><td><strong>Eesm\u00e4rk<\/strong><\/td><td>\u00d5ppige \u00f5igeaegselt tuvastama digimaailma ohte ja suutma neile ettev\u00f5ttes vastu seista.<\/td><\/tr><tr><td><strong>Koolituse sisu<\/strong><\/td><td>* IT-spetsialist, t\u00f6\u00f6taja v\u00f5i teenus <br>* IT protsessid <br>* R\u00fcndevektorid <br>* Serverid: AD, FTP, Samba, Web, Print, App<br> *Juurdep\u00e4\u00e4su\u00f5igus \u00fcldistele v\u00f5rguressurssidele <br>* V\u00e4lisseadmed <br>* K\u00f5vakettad <br>* Juhtmevabad v\u00f5rgud ja k\u00fclalisjuurdep\u00e4\u00e4s <br>* Andmep\u00fc\u00fck ettev\u00f5ttes <br>* K\u00f5rvalaudit<\/td><\/tr><tr><td><strong>Koolituse tulemus<\/strong><\/td><td>Tudeng m\u00f5istab ettev\u00f5tte infoohutuse korraldamiseks vajalikke peamiseid IT-protsesse<\/td><\/tr><tr><td colspan=\"2\"><strong><em>V\u00f5rgutehnoloogiate p\u00f5hit\u00f5ed<\/em><\/strong><\/td><\/tr><tr><td><strong>Kursuse maht<\/strong><\/td><td>20 tundi<\/td><\/tr><tr><td><strong>\u00d5ppej\u00f5ud<\/strong><\/td><td>Aleksandr Akimov, Andrei Samu\u0161in, Mihhail Feofanov, Pavel Nemt\u0161enko<\/td><\/tr><tr><td><strong>Eesm\u00e4rk<\/strong><\/td><td>Anda alusteadmiseid v\u00f5rgutehnoloogiate ehitusest<\/td><\/tr><tr><td><strong>N\u00f5uded koolituse alustamiseks<\/strong><\/td><td>Arvutikasutuse algteadmised.<\/td><\/tr><tr><td><strong>Koolituse sisu<\/strong><\/td><td>* Kursusega tutvumine <br>* Kaasaegsed v\u00f5rgutehnoloogiad<br>* Lokaalv\u00f5rgud, globaalv\u00f5rgud, Internet<\/td><\/tr><tr><td><strong>Koolituse tulemus<\/strong><\/td><td>Tudeng m\u00f5istab v\u00f5rgutehnoloogiate t\u00f6\u00f6 p\u00f5him\u00f5tteid.<\/td><\/tr><tr><td><strong>Hindamine<\/strong><\/td><td>Praktiliste t\u00f6\u00f6de hindamine (arvestus\/mittearvestus)<\/td><\/tr><tr><td colspan=\"2\"><strong><em>Tarkvara sisesuhtluseks ja t\u00f6\u00f6ks kontoris ja kodus<\/em><\/strong><\/td><\/tr><tr><td><strong>Kursuse maht<\/strong><\/td><td>10 tundi<\/td><\/tr><tr><td><strong>\u00d5ppej\u00f5ud<\/strong><\/td><td>Aleksandr Akimov, Andrei Samu\u0161in, Mihhail Feofanov, Pavel Nemt\u0161enko<\/td><\/tr><tr><td><strong>Eesm\u00e4rk<\/strong><\/td><td>Anda teadmiseid ja n\u00e4idata v\u00e4liskommunikatsiooni tarkvara<\/td><\/tr><tr><td><strong>N\u00f5uded koolituse alustamiseks<\/strong><\/td><td>Arvutikasutuse algteadmised.<\/td><\/tr><tr><td><strong>Koolituse sisu<\/strong><\/td><td>* E-posti loomine <br>* H\u00e4\u00e4lestamine ja t\u00f6\u00f6tamine Google dokumentide ning tabelitega <br>* H\u00e4\u00e4lestamine ja t\u00f6\u00f6tamine Trello, Jura t\u00f6\u00f6de planeerimise eriprogrammidega *Gantti diagrammi koostamine <br>* V\u00e4liskommunikatsioonide tarkvara (Skype , Zoom , Discord , Google Meet) h\u00e4\u00e4lestamine ja nendega t\u00f6\u00f6tamine.<\/td><\/tr><tr><td><strong>Koolituse tulemus<\/strong><\/td><td>Tudeng teab ja orienteerub vajalikus tarkvaras t\u00e4isv\u00e4\u00e4rtuslikuks t\u00f6\u00f6ks teiste inimeste ja klientidega.<\/td><\/tr><tr><td><strong>Hindamine<\/strong><\/td><td>Praktiliste t\u00f6\u00f6de hindamine (arvestus\/mittearvestus)<\/td><\/tr><tr><td colspan=\"2\"><strong><em>Arvutiseadmete hooldus kontoris ja kodus<\/em><\/strong><\/td><\/tr><tr><td><strong>Kursuse maht<\/strong><\/td><td>10 tundi<\/td><\/tr><tr><td><strong>\u00d5ppej\u00f5ud<\/strong><\/td><td>Aleksandr Akimov, Andrei Samu\u0161in, Mihhail Feofanov, Pavel Nemt\u0161enko<\/td><\/tr><tr><td><strong>Eesm\u00e4rk<\/strong><\/td><td>Osata m\u00e4\u00e4rata ja k\u00f5rvaldada kontoritehnika, arvuti vigastamise ohtu, seadmeid \u00f5igesti hooldada.<\/td><\/tr><tr><td><strong>N\u00f5uded koolituse alustamiseks<\/strong><\/td><td>Arvutikasutuse algteadmised.<\/td><\/tr><tr><td><strong>Koolituse sisu<\/strong><\/td><td>* Kursusega tutvumine <br>* Windows p\u00f5hik\u00e4sklused <br>* Seadmete diagnostika tarkvara ja selle kasutamine <br>* Seadmete rikked ja nende k\u00f5rvaldamine <br>* Seadmete hooldus<\/td><\/tr><tr><td><strong>Koolituse tulemus<\/strong><\/td><td>Tudeng teab, kuidas \u00f5igesti hooldada seadmeid, kuidas teha diagnostikat, suudab k\u00f5rvaldada seadme lihtsamaid rikkeid, tunneb OC Windows p\u00f5hik\u00e4skluseid, oskab vahetada kontoritehnika ja arvuti t\u00f6\u00f6ks vajalikke komplekteerivaid ja asendatavaid seadmeid.<\/td><\/tr><tr><td><strong>Hindamine<\/strong><\/td><td>Praktiliste t\u00f6\u00f6de hindamine (arvestus\/mittearvestus)<\/td><\/tr><tr><td colspan=\"2\"><strong>Eksam<\/strong><\/td><\/tr><tr><td><strong>Hindamiskomisjon<\/strong><\/td><td>\u00d5petajad<\/td><\/tr><tr><td><strong>Eesm\u00e4rk<\/strong><\/td><td>Eksami eesm\u00e4rgiks on m\u00e4\u00e4rata kindlaks tudengi valmidusastet erialat\u00f6\u00f6ks. Eksam annab tudengile v\u00f5imaluse: <br>* Demonstreerida professionaalseid praktilisi teadmiseid, oskuseid ja kogemusi; Eksam annab komisjonile v\u00f5imaluse: <br>* Hinnata tudengi praktilisi teadmiseid, oskuseid ja kogemusi vastavalt noorema it-administraatori t\u00f6\u00f6le esitavatele n\u00f5uetele; <br>* Hinnata tudengi valmidust iseseisvaks erialat\u00f6\u00f6ks.<\/td><\/tr><tr><td><strong>N\u00f5uded mooduli alustamiseks<\/strong><\/td><td>L\u00e4bitud programm hinnatud positiivselt.<\/td><\/tr><tr><td><strong>Koolituse sisu<\/strong><\/td><td>Noorema it-administraatori eksam koosneb praktilisest osast. Eksam v\u00f5ib p\u00f5hineda varem tehtud professionaalsetel projektidel.<\/td><\/tr><tr><td><strong>Koolituse tulemus<\/strong><\/td><td>Tudengi teadmised, oskused ja kogemused on iseseisvaks t\u00f6\u00f6ks hinnatud piisavateks.<\/td><\/tr><tr><td><strong>Hindamine<\/strong><\/td><td>Eksami tulemusi hindab spetsialistidest koosnev komisjon, v\u00f5ttes arvesse: Tudengi professionaalsust (tehnilisi ja professionaalseid oskuseid, korrektsust);<br>Arvestust ja mittearvestust<br>Arvestus Tudeng v\u00f5ib teadvustatult valida sobilikumad t\u00f6\u00f6meetodid, vahendid ja materjalid oma professionaalseks tegevuseks ja \u00f5igesti neid kasutada. T\u00f6\u00f6tab aktiivselt ja motiveeritult erinevates t\u00f6\u00f6olukordades, meeskondades ja sihtr\u00fchmades. Suudab leida \u00f5igeid lahendusi ja lahendada probleemseid olukordi (v\u00e4ljap\u00e4\u00e4smatud olukorrad). Suudab t\u00f6\u00f6tada iseseisvalt, koordineerimiseta. Oskab arendada oma t\u00f6\u00f6d, t\u00f6\u00f6keskkonda, ohutust, anal\u00fc\u00fcsida ja ennast edukalt ning sihip\u00e4raselt arendada erinevates olukordades. Oskab planeerida oma t\u00f6\u00f6 ja \u00fclesannete etappe, korda, t\u00e4htsust, planeerida ja arvestada erinevaid tegureid ja alternatiive, suudab valida sobilikuma eesm\u00e4rgi saavutamise viisi ja p\u00f5histada oma valikut. Tudeng oskab arvestada t\u00f6\u00f6koha erip\u00e4rasid t\u00f6\u00f6 ajal, teadvustab oma t\u00f6\u00f6d firma v\u00f5i projektimeeskonna t\u00f6\u00f6 osana.<br>Mittearvestus<br>\u00d5ppur ei suuda iseseisvalt toime tulla t\u00f6\u00f6ks vajalike \u00fclesannetega. Eelistab t\u00f6\u00f6 t\u00e4itmiseks kasutada lihtsamaid meetodeid, vahendeid ja materjale ja ei t\u00f6\u00f6ta tavalistes t\u00f6\u00f6olukordades eriti h\u00e4sti. Suudab kasutada t\u00f6\u00f6kogemusi ja t\u00f6\u00f6ga seotud teadmiseid praktilistes olukordades, kuid ei suuda neid rakendada tavat\u00f6\u00f6s.<\/td><\/tr><tr><td><strong>T\u00e4iendkoolituse l\u00f5petamise tingimused ja v\u00e4ljastatavad dokumendid:<\/strong><\/td><td>Osalemine 80% loengutel, l\u00e4bitud praktika; iga mooduli ja praktika tulemused on hinnatud positiivselt.<br>\u00d5ppijale v\u00e4ljastatakse \u00f5ppe l\u00f5petamise n\u00f5uete t\u00e4itmisel Ecomengradi tunnistus.<br>T\u00f5end, kui \u00f5pitulemusi ei saavutatud, kuid \u00f5ppija v\u00f5ttis osa \u00f5ppet\u00f6\u00f6st. T\u00f5end v\u00e4ljastatakse vastavalt osaletud kontakttundide arvule.<\/td><\/tr><\/tbody><\/table><\/figure>\n","protected":false},"excerpt":{"rendered":"<p>Programmi nimetus K\u00dcBEROHUTUSE JA PERSONAALARVUTIL T\u00d6\u00d6TAMISE ALUSED \u00d5ppekavar\u00fchm Arvutikasutus Programmi maht 85 tundi Auditoorse ja praktilise t\u00f6\u00f6 maht 85 tundi Koolituse keel vene SIHTR\u00dcHM \u00d5ppeprogramm on m\u00f5eldud k\u00f5ikidele, kes soovivad l\u00e4bida eriala v\u00f5i \u00fcmber\u00f5ppe koolituse. Kursusel v\u00f5ivad osaleda arvutitehnoloogiatest huvituvad, selles suunas areneda soovivad inimesed. Koolituse tulemus * Tunneb arvuti ehitust, samuti k\u00f5ikide arvutiseadmete t\u00f6\u00f6p\u00f5him\u00f5tteid eesm\u00e4rkide \u00f5igeks planeerimiseks.* [&hellip;]<\/p>\n","protected":false},"author":1,"featured_media":0,"parent":0,"menu_order":0,"comment_status":"closed","ping_status":"closed","template":"","meta":{"footnotes":""},"class_list":["post-5428","page","type-page","status-publish","hentry"],"_links":{"self":[{"href":"https:\/\/ecomengrad.eu\/ee\/wp-json\/wp\/v2\/pages\/5428","targetHints":{"allow":["GET"]}}],"collection":[{"href":"https:\/\/ecomengrad.eu\/ee\/wp-json\/wp\/v2\/pages"}],"about":[{"href":"https:\/\/ecomengrad.eu\/ee\/wp-json\/wp\/v2\/types\/page"}],"author":[{"embeddable":true,"href":"https:\/\/ecomengrad.eu\/ee\/wp-json\/wp\/v2\/users\/1"}],"replies":[{"embeddable":true,"href":"https:\/\/ecomengrad.eu\/ee\/wp-json\/wp\/v2\/comments?post=5428"}],"version-history":[{"count":5,"href":"https:\/\/ecomengrad.eu\/ee\/wp-json\/wp\/v2\/pages\/5428\/revisions"}],"predecessor-version":[{"id":5446,"href":"https:\/\/ecomengrad.eu\/ee\/wp-json\/wp\/v2\/pages\/5428\/revisions\/5446"}],"wp:attachment":[{"href":"https:\/\/ecomengrad.eu\/ee\/wp-json\/wp\/v2\/media?parent=5428"}],"curies":[{"name":"wp","href":"https:\/\/api.w.org\/{rel}","templated":true}]}}