{"id":5757,"date":"2023-10-09T12:35:54","date_gmt":"2023-10-09T09:35:54","guid":{"rendered":"https:\/\/ecomengrad.eu\/ee\/?page_id=5757"},"modified":"2023-10-09T12:35:55","modified_gmt":"2023-10-09T09:35:55","slug":"ruchernovik-2","status":"publish","type":"page","link":"https:\/\/ecomengrad.eu\/ee\/ruchernovik-2\/","title":{"rendered":""},"content":{"rendered":"\n<p><strong>KURSUSE NIMETUS <\/strong><em><strong>Tabelarvutuse kursus (MS Excel) <\/strong><\/em><\/p>\n\n\n\n<p><strong>\u00d5PPEKAVA VALDKOND <\/strong>Arvutiteadused<\/p>\n\n\n\n<p><strong>\u00d5PPER\u00dcHM <\/strong><em>Osalema oodatud raamatupidajad, kassapidajad, finantsjuhid, ettev\u00f5tjad ja t\u00f6\u00f6andjad, kes t\u00f6\u00f6tavad finantsdokumentidega.<\/em><\/p>\n\n\n\n<p><strong>\u00d5PPEMAHT TUNDIDES <\/strong>40<\/p>\n\n\n\n<p><strong>\u00d5PPEKEEL <\/strong>vene<\/p>\n\n\n\n<p><strong>KURSUSE EESM\u00c4RK:<\/strong><\/p>\n\n\n\n<ul class=\"wp-block-list\">\n<li>Kursuste kuulaja \u00f5pib juurde MS Excel kasutamise v\u00f5imalusi, \u00f5pib koostama dokumente, neid vormistama ja arhiveerima. Kursuste kuulaja arendab teadmisi ja oskusi AO-4 (tabelt\u00f6\u00f6tlus) eksami sooritamiseks..<\/li>\n<\/ul>\n\n\n\n<p><strong>\u00d5PIV\u00c4LJUNDID:<\/strong><\/p>\n\n\n\n<ul class=\"wp-block-list\">\n<li>Tunneb: Exceli kasutatavaid t\u00f6\u00f6p\u00f5him\u00f5tteid ja programmi erinevaid versioone.<\/li>\n\n\n\n<li>Oskab: t\u00f6\u00f6tada programmis MS Excel ja kasutada programmi elektriliste tabelite \u00fcmbert\u00f6\u00f6tlusel .<\/li>\n\n\n\n<li>Teab: p\u00f5hilisi Exceli programmi k\u00e4ske ja t\u00f6\u00f6re\u017eiime<\/li>\n\n\n\n<li>Omab: teadmisi t\u00f6\u00f6ks ja dokumentide loomisel programmiga Excel<\/li>\n<\/ul>\n\n\n\n<p><strong>K\u00c4SITLETAVATE \u00d5PPEAINETE JA SOORITATAVATE PRAKTILISTE T\u00d6\u00d6DE LOETELU KOOS NENDE SISU \u00dcLDISELOOMUSTUSE JA MAHUGA<\/strong><\/p>\n\n\n\n<p><strong>\u00d5PPEKAVA STRUKTUUR JA MAHT<\/strong><\/p>\n\n\n\n<figure class=\"wp-block-table\"><table><tbody><tr><td>\u2116<\/td><td><strong>Ainete nimetused<\/strong><\/td><td><strong>Teooria, t<\/strong><\/td><td><strong>Iseseisev t\u00f6\u00f6, t<\/strong><\/td><td><strong>Praktika, t<\/strong><\/td><td><strong>Kokku, t<\/strong><br><\/td><\/tr><tr><td><strong>1<\/strong><\/td><td>Informatsiooni t\u00f6\u00f6tlemine nimekirjas<\/td><td>2<\/td><td><br><\/td><td>10<\/td><td>12<\/td><\/tr><tr><td><strong>2<\/strong><\/td><td>Koond tabel<\/td><td>2<\/td><td><br><\/td><td>10<\/td><td>12<\/td><\/tr><tr><td><strong>3<\/strong><\/td><td>Makrod<\/td><td>1<\/td><td><br><\/td><td>5<\/td><td>6<\/td><\/tr><tr><td><strong>4<\/strong><\/td><td>Elektroonilised vormid<\/td><td>1<\/td><td><br><\/td><td>5<\/td><td>6<\/td><\/tr><tr><td><strong>5<\/strong><\/td><td>Kasutajate funktsioonid<\/td><td>1<\/td><td><br><\/td><td>3<\/td><td>4<\/td><\/tr><\/tbody><\/table><\/figure>\n\n\n\n<p><strong>\u00d5PPEPROGRAMM, TEEMAD<\/strong><\/p>\n\n\n\n<p>1. Auditoorse t\u00f6\u00f6 maht:<\/p>\n\n\n\n<p>1. TEEMA Informatsiooni t\u00f6\u00f6tlemine nimekirjas-2t<\/p>\n\n\n\n<p>2. TEEMA Koond tabel-2t<\/p>\n\n\n\n<p>3. TEEMA Makrod-1t<\/p>\n\n\n\n<p>4. TEEMA Elektroonilised vormid-1 t<\/p>\n\n\n\n<p>5. TEEMA Kasutajate funktsioonid-1t<\/p>\n\n\n\n<p>KOKKU 7 TUNDI<\/p>\n\n\n\n<p>2. Praktilise t\u00f6\u00f6 maht:<\/p>\n\n\n\n<p>1. TEEMA Informatsiooni t\u00f6\u00f6tlemine nimekirjas<em>-10t<\/em><\/p>\n\n\n\n<p><em>&#8211; Andmesisestus loetelus -2,5t<\/em><\/p>\n\n\n\n<p><em>&#8211; Sorteerimine -2,5t<\/em><\/p>\n\n\n\n<p><em>&#8211; AutoFilter -2,5t<\/em><\/p>\n\n\n\n<p><em>&#8211; Laialdasem filter -2,5t<\/em><\/p>\n\n\n\n<p>2. TEEMA Koond tabel<em> \u2013 10t<\/em><\/p>\n\n\n\n<p><em>&#8211; Kuju -2,5t<\/em><\/p>\n\n\n\n<p><em>&#8211; Tulemused -2,5t<\/em><\/p>\n\n\n\n<p><em>&#8211; Tabelite ja diagrammide kokkuv\u00f5te -5t<\/em><\/p>\n\n\n\n<p>3. TEEMA <em>T\u00f6\u00f6 makrodega -5t<\/em><\/p>\n\n\n\n<p>4. TEEMA<em> T\u00f6\u00f6riistariba &#8220;Elementide haldamine&#8221; &#8211; 5 t<\/em><\/p>\n\n\n\n<p>5. TEEMA Kasutajate funktsioonid<em> \u2013 3t<\/em><\/p>\n\n\n\n<p>KOKKU 33 TUNDI<\/p>\n\n\n\n<p>3. Iseseisev t\u00f6\u00f6, maht, selle hindamine<\/p>\n\n\n\n<p><\/p>\n","protected":false},"excerpt":{"rendered":"<p>KURSUSE NIMETUS Tabelarvutuse kursus (MS Excel) \u00d5PPEKAVA VALDKOND Arvutiteadused \u00d5PPER\u00dcHM Osalema oodatud raamatupidajad, kassapidajad, finantsjuhid, ettev\u00f5tjad ja t\u00f6\u00f6andjad, kes t\u00f6\u00f6tavad finantsdokumentidega. \u00d5PPEMAHT TUNDIDES 40 \u00d5PPEKEEL vene KURSUSE EESM\u00c4RK: \u00d5PIV\u00c4LJUNDID: K\u00c4SITLETAVATE \u00d5PPEAINETE JA SOORITATAVATE PRAKTILISTE T\u00d6\u00d6DE LOETELU KOOS NENDE SISU \u00dcLDISELOOMUSTUSE JA MAHUGA \u00d5PPEKAVA STRUKTUUR JA MAHT \u2116 Ainete nimetused Teooria, t Iseseisev t\u00f6\u00f6, t Praktika, t Kokku, t [&hellip;]<\/p>\n","protected":false},"author":1,"featured_media":0,"parent":0,"menu_order":0,"comment_status":"closed","ping_status":"closed","template":"","meta":{"footnotes":""},"class_list":["post-5757","page","type-page","status-publish","hentry"],"_links":{"self":[{"href":"https:\/\/ecomengrad.eu\/ee\/wp-json\/wp\/v2\/pages\/5757","targetHints":{"allow":["GET"]}}],"collection":[{"href":"https:\/\/ecomengrad.eu\/ee\/wp-json\/wp\/v2\/pages"}],"about":[{"href":"https:\/\/ecomengrad.eu\/ee\/wp-json\/wp\/v2\/types\/page"}],"author":[{"embeddable":true,"href":"https:\/\/ecomengrad.eu\/ee\/wp-json\/wp\/v2\/users\/1"}],"replies":[{"embeddable":true,"href":"https:\/\/ecomengrad.eu\/ee\/wp-json\/wp\/v2\/comments?post=5757"}],"version-history":[{"count":1,"href":"https:\/\/ecomengrad.eu\/ee\/wp-json\/wp\/v2\/pages\/5757\/revisions"}],"predecessor-version":[{"id":5837,"href":"https:\/\/ecomengrad.eu\/ee\/wp-json\/wp\/v2\/pages\/5757\/revisions\/5837"}],"wp:attachment":[{"href":"https:\/\/ecomengrad.eu\/ee\/wp-json\/wp\/v2\/media?parent=5757"}],"curies":[{"name":"wp","href":"https:\/\/api.w.org\/{rel}","templated":true}]}}