{"id":6011,"date":"2024-01-04T02:37:10","date_gmt":"2024-01-03T23:37:10","guid":{"rendered":"https:\/\/ecomengrad.eu\/ee\/?page_id=6011"},"modified":"2026-01-08T18:26:10","modified_gmt":"2026-01-08T15:26:10","slug":"ruchernovik-3","status":"publish","type":"page","link":"https:\/\/ecomengrad.eu\/ee\/ruchernovik-3\/","title":{"rendered":"Ettev\u00f5tlus"},"content":{"rendered":"\n<h1 class=\"wp-block-heading\">Ettev\u00f5tlus ja \u00e4riplaani koostamine<\/h1>\n\n\n\n<p><strong>\u00d5ppekava nimetus<\/strong>:<\/p>\n\n\n\n<p>Ettev\u00f5tlus ja \u00e4riplaani koostamine<\/p>\n\n\n\n<p><strong>\u00d5ppekeel<\/strong>:<\/p>\n\n\n\n<p>vene keel<\/p>\n\n\n\n<p><strong>\u00d5ppekavar\u00fchm<\/strong>:<\/p>\n\n\n\n<p>juhtimine ja haldus<\/p>\n\n\n\n<p><strong>\u00d5ppekava koostamise alus:<\/strong><\/p>\n\n\n\n<figure class=\"wp-block-embed\"><div class=\"wp-block-embed__wrapper\">\nhttps:\/\/riigihanked.riik.ee\/rhr-web\/#\/procurement\/2952672\/documents\/source-document?group=B&#038;documentOldId=14256181\n<\/div><\/figure>\n\n\n\n<p><strong>Eesm\u00e4rgid ja \u00f5piv\u00e4ljundid<\/strong>:<\/p>\n\n\n\n<p>&nbsp;Kujundada koolitatavatel Eestis \u00e4ri ajamiseks vajalikke teadmisi ja oskusi.<\/p>\n\n\n\n<p><strong>\u00d5piv\u00e4ljundid:<\/strong><\/p>\n\n\n\n<p>&nbsp;Koolituse l\u00f5pus&nbsp;\u00f5ppija:<\/p>\n\n\n\n<ul class=\"wp-block-list\">\n<li>tunneb ettev\u00f5tte asutamise ja k\u00e4ivitamise juriidilisi aspekte;<\/li>\n\n\n\n<li>anal\u00fc\u00fcsib sihtturgu ja m\u00e4\u00e4rab kliendi profiili;<\/li>\n\n\n\n<li>hindab potensiaalsete klientide teenuste ja toodete vajadust;<\/li>\n\n\n\n<li>tunneb erinevaid konkurentsivorme;<\/li>\n\n\n\n<li>tunneb erinevaid tuurundusmeetmeid- ja kanaleid;<\/li>\n\n\n\n<li>anal\u00fc\u00fcsib \u00e4ritegevusega seonduvaid riske;<\/li>\n\n\n\n<li>tunneb raamatupidamise p\u00f5hialuseid ning maksunduse alused;<\/li>\n\n\n\n<li>suudab raamatupidamist korraldada Merit Aktiva raamatupidamisprogrammi kasutades;<\/li>\n\n\n\n<li>koostab finantsprognoosi:<\/li>\n\n\n\n<li>koostab \u00e4riplaani.<\/li>\n<\/ul>\n\n\n\n<p><strong>Sihtr\u00fchm ja&nbsp;vastuv\u00f5tu tingimused<\/strong>:<\/p>\n\n\n\n<p>Alustavad ja juba tegutsevad ettev\u00f5tjad, kellel on huvi ettev\u00f5tlusega alustamise vastu ja soov \u00f5ppida koostama \u00e4riplaani ning kasutada saadud teadmisi ettev\u00f5tlustegevuse k\u00e4igus.<\/p>\n\n\n\n<p><strong>\u00d5ppe kogumaht<\/strong>:<\/p>\n\n\n\n<p>180 ak.tundi, millest&nbsp;140&nbsp;tundi on auditoorne t\u00f6\u00f6 ja 40 tundi on iseseisev t\u00f6\u00f6<\/p>\n\n\n\n<p><strong>\u00d5piprotsessi kirjeldus, sh koolituse sisu, \u00f5pimeetodid ja -materjalid<\/strong>:<\/p>\n\n\n\n<p>\u00d5PIPROTSESS: Auditoorne t\u00f6\u00f6 koolitatavatega koosk\u00f5lastatud ajal ja iseseisev t\u00f6\u00f6, mille koolitatav peab auditoorse t\u00f6\u00f6 vahel tegema.<\/p>\n\n\n\n<p><strong>\u00d5ppe sisu:<\/strong><\/p>\n\n\n\n<p><strong>Sissejuhatus, ettev\u00f5tlus ja ettev\u00f5tja<\/strong><\/p>\n\n\n\n<ul class=\"wp-block-list\">\n<li>Kuidas saada ettev\u00f5tjaks? Milleks?<\/li>\n\n\n\n<li>Ettev\u00f5tja isikuomadused ja vajalikud p\u00e4devused.<\/li>\n\n\n\n<li>Mina ettev\u00f5tjana, eneseanal\u00fc\u00fcs.<\/li>\n\n\n\n<li>Ettev\u00f5tlus ja selle areng.<\/li>\n<\/ul>\n\n\n\n<p><strong>Ettev\u00f5tlusega alustamine<\/strong><\/p>\n\n\n\n<ul class=\"wp-block-list\">\n<li>\u00c4riidee ja \u00e4rimudeli anal\u00fc\u00fcs ja hindamine. Visioon, missioon ja eesm\u00e4rgid.<\/li>\n\n\n\n<li>Ettev\u00f5tte juriidilised vormid, erip\u00e4rad. Ettev\u00f5tte asutamine vastavalt valitud ettev\u00f5tlusvormile, erip\u00e4rad, vajalikud dokumendid, infoallikad ja tugistruktuurid.<\/li>\n\n\n\n<li>Ettev\u00f5tte tegevuskava ja strateegia.<\/li>\n\n\n\n<li>\u00c4riplaani koostamine, struktuur, p\u00f5him\u00f5tted. Vead, probleemid ja nende ennetamine.<\/li>\n<\/ul>\n\n\n\n<p><strong>Turg. Kliendid<\/strong><\/p>\n\n\n\n<ul class=\"wp-block-list\">\n<li>Sihtturud ja sihtr\u00fchmad, tarbijate ostuk\u00e4itumine ja turu segmenteerimine.<\/li>\n\n\n\n<li>Kliendi profiili m\u00e4\u00e4ramine (k\u00e4itumismudelid, harjumused, piirkonnad, ostuotsused, maksev\u00f5ime jne).<\/li>\n\n\n\n<li>N\u00f5udluse ja pakkumise mahu m\u00e4\u00e4ratlemine ja turu tasakaal.<\/li>\n\n\n\n<li>Turu-uuringute meetodid (kuidas teada saada kellele ja miks toode\/teenus on vajalik).<\/li>\n\n\n\n<li>T\u00f6\u00f6riistad kliendi\/tarbija ja n\u00f5udluse m\u00e4\u00e4ramiseks.<\/li>\n\n\n\n<li>Statistilise materjali otsimine ja kasutamine (tegevusharu ja turu suurus, klientide arv; hind, konjunktuur ja sellega seotud asjaolud; trendid).<\/li>\n<\/ul>\n\n\n\n<p><strong>Teenused ja tooted<\/strong><\/p>\n\n\n\n<ul class=\"wp-block-list\">\n<li>Toote- v\u00f5i\/ja teenuse disain.<\/li>\n\n\n\n<li>Toote arendus ja kujundamise alused.<\/li>\n\n\n\n<li>Toote, teenuse positsioneerimine turul.<\/li>\n\n\n\n<li>Toote eluts\u00fckkel.<\/li>\n\n\n\n<li>Tootmis-, teenindusprotsessi etapid.<\/li>\n\n\n\n<li>Tarneahel (tooraine, tootmine, m\u00fc\u00fck, utiliseerimine)<\/li>\n\n\n\n<li>Ressursside planeerimine<\/li>\n<\/ul>\n\n\n\n<p><strong>Konkurents<\/strong><\/p>\n\n\n\n<ul class=\"wp-block-list\">\n<li>Konkurentsianal\u00fc\u00fcs.<\/li>\n\n\n\n<li>Turule sisenemisbarj\u00e4\u00e4rid.<\/li>\n\n\n\n<li>Otsesed konkurendid.<\/li>\n\n\n\n<li>Kaudsed konkurendid. Asendustooted, \u2013 teenused.<\/li>\n\n\n\n<li>Konkurentide k\u00e4itumismudelid, strateegiad.<\/li>\n\n\n\n<li>Konkurentsieelised.<\/li>\n<\/ul>\n\n\n\n<p><strong>Turundus<\/strong><\/p>\n\n\n\n<ul class=\"wp-block-list\">\n<li>Erinevate valdkondade, piirkondade turundusstrateegiad, m\u00fc\u00fcgikorraldus.<\/li>\n\n\n\n<li>Turunduskanalite ja v\u00f5imaluste valik. Suunad ja trendid.<\/li>\n\n\n\n<li>Turundusmeetmete valik s\u00f5ltuvalt valdkonnast, sihtr\u00fchmast, tootest, eelarvest.<\/li>\n\n\n\n<li>Turunduse planeerimine (m\u00f5\u00f5detavad eesm\u00e4rgid tegevuskavas, eelarve).<\/li>\n<\/ul>\n\n\n\n<p><strong>M\u00fc\u00fcgi- ja jaotuskanalid<\/strong><\/p>\n\n\n\n<ul class=\"wp-block-list\">\n<li>Turustuskanalid ja \u2013strateegiad.<\/li>\n\n\n\n<li>M\u00fc\u00fcgi edendamine ja m\u00fc\u00fcgiprotsess.<\/li>\n\n\n\n<li>Logistika.<\/li>\n<\/ul>\n\n\n\n<p><strong>Ettev\u00f5tte juhtimine<\/strong><\/p>\n\n\n\n<ul class=\"wp-block-list\">\n<li>Ettev\u00f5tte k\u00e4ivitamine, juhtimine ja arendamine l\u00e4htuvalt \u00e4rimudelist.<\/li>\n<\/ul>\n\n\n\n<p><strong>Olulised juriidilised aspektid \u00e4ri\u00fchingu asutamisel ja toimimisel<\/strong><\/p>\n\n\n\n<ul class=\"wp-block-list\">\n<li>Seadusandlusest tulenevad n\u00f5uded ja ettev\u00f5tlusriskid.<\/li>\n\n\n\n<li>T\u00f6\u00f6\u00f5igus.<\/li>\n\n\n\n<li>Lepingute t\u00fc\u00fcbid, nende s\u00f5lmimine, poolte \u00f5igused ja kohustused.<\/li>\n\n\n\n<li>T\u00f6\u00f6tasu.<\/li>\n\n\n\n<li>T\u00f6\u00f6aeg, puhkeaeg ja puhkus.<\/li>\n\n\n\n<li>T\u00f6\u00f6tervishoiu ja t\u00f6\u00f6ohutusalane korraldus ettev\u00f5ttes.<\/li>\n<\/ul>\n\n\n\n<p><strong>Riskianal\u00fc\u00fcs<\/strong><\/p>\n\n\n\n<ul class=\"wp-block-list\">\n<li>SWOT.<\/li>\n\n\n\n<li>\u00c4ritegevusega seonduvad olulisimad riskid ja nende stsenaariumid.<\/li>\n\n\n\n<li>Riskide maandamine.<\/li>\n<\/ul>\n\n\n\n<p><strong>Raamatupidamise p\u00f5hialused ning maksunduse alused<\/strong><\/p>\n\n\n\n<ul class=\"wp-block-list\">\n<li>Raamatupidamise seadus.<\/li>\n\n\n\n<li>Raamatupidamise korraldamine v\u00e4ikeettev\u00f5ttes.<\/li>\n\n\n\n<li>Kassa- ja tekkep\u00f5hine raamatupidamine.<\/li>\n\n\n\n<li>Bilanss, kasumiaruanne ja rahavoogude prognoos.<\/li>\n\n\n\n<li>\u00dclevaade Eesti maksus\u00fcsteemist.<\/li>\n\n\n\n<li>Tulumaks.<\/li>\n\n\n\n<li>Sotsiaalmaks.<\/li>\n\n\n\n<li>K\u00e4ibemaks.<\/li>\n\n\n\n<li>T\u00f6\u00f6j\u00f5ukulude arvutamine.<\/li>\n<\/ul>\n\n\n\n<p><strong>Raamatupidamise automaatiseerimiss\u00fcsteemid<\/strong><\/p>\n\n\n\n<ul class=\"wp-block-list\">\n<li>Raamatupidamiss\u00fcsteem (MeritAktiva)<\/li>\n\n\n\n<li>Raamatupidamise arvutis\u00fcsteemides t\u00f6\u00f6tamine<\/li>\n<\/ul>\n\n\n\n<p><strong>Finantsplaneerimine<\/strong><\/p>\n\n\n\n<ul class=\"wp-block-list\">\n<li>Finantsplaneerimise vajadus.<\/li>\n\n\n\n<li>Stardikapitali vajadus ja allikad.<\/li>\n\n\n\n<li>Ettev\u00f5tte eluts\u00fckkel ja kasv.<\/li>\n\n\n\n<li>Finantsjuhtimise erip\u00e4rad eluts\u00fckli erinevates faasides.<\/li>\n\n\n\n<li>Kulude arvestus ja juhtimine.<\/li>\n\n\n\n<li>M\u00fc\u00fcgiprognoosid.<\/li>\n\n\n\n<li>Rahavood.<\/li>\n\n\n\n<li>Tasuvuspunkti arvutus.<\/li>\n\n\n\n<li>Excelis koostatud isegenereeruvad finantsprognoosid (RTK).<\/li>\n\n\n\n<li>Omahinnakalkulatsioon.<\/li>\n<\/ul>\n\n\n\n<p><strong>\u00d5ppekeskkond:<\/strong><\/p>\n\n\n\n<p>Kursused viiakse l\u00e4bi aadressil Mere pst 3 Sillam\u00e4e.<\/p>\n\n\n\n<p>Koolitusruumid, \u00f5ppetehnika ja -vahendid vastavad t\u00f6\u00f6tervishoiu ja t\u00f6\u00f6ohutuse seaduses s\u00e4testatud n\u00f5uetele. K\u00f5ikides kasutatavates \u00f5pperuumides on traadita interneti kasutamise v\u00f5imalus.<\/p>\n\n\n\n<p>\u00d5ppeklassid on varustatud t\u00e4nap\u00e4evaste koolitusvahenditega (mugavad \u00f5ppelauad ja toolid, tahvlid, s\u00fclearvutid, video- ja audiotehnika jm).<\/p>\n\n\n\n<p>&nbsp;Koolitus v\u00f5ib toimuda ka videokonverentsi keskkonnas Zoom.<\/p>\n\n\n\n<p><strong>&nbsp;\u00d5PIMEETODID:<\/strong><\/p>\n\n\n\n<p>&nbsp;Auditoorne \u00f5pe: loengud ja praktiline t\u00f6\u00f6, kus kinnistatakse teoreetilisi teadmisi.<\/p>\n\n\n\n<p>&nbsp;Iseseisev t\u00f6\u00f6: \u00e4riplaani koostamine oma potentsiaalse ettev\u00f5tte jaoks.<\/p>\n\n\n\n<p><strong>\u00d5ppematerjalide loend:<\/strong><\/p>\n\n\n\n<p>&nbsp;Koolitaja poolt koostatud \u00f5ppematerjalud<\/p>\n\n\n\n<p>Koolituse materjalid on hinna sees.<\/p>\n\n\n\n<p><strong>Koolituse l\u00f5petamise tingimused ja v\u00e4ljastatavad dokumendid<\/strong>:<\/p>\n\n\n\n<p>Koolitus l\u00f5peb oma \u00e4riplaani kaitsmisega ja koolituse l\u00e4binutele v\u00e4ljastatakse tunnistus. Tunnistuse saamiseks tuleb osaleda v\u00e4hemalt 75 % kontakttundidest ja esitada oma \u00e4riplaan.<\/p>\n\n\n\n<p>\u00d5ppijale, kes ei osale n\u00f5utud mahus kontakttundides ning ei kaitse<br>\u00e4riplaani v\u00e4ljastatakse koolitusel osalemise kohta t\u00f5end. T\u00f5end v\u00e4ljastatakse vastavalt osaletud kontakttundide arvule.<\/p>\n\n\n\n<p><strong>Teadmiste, oskuste hindamine<\/strong>:<\/p>\n\n\n\n<p>\u00c4riplaani kaitsmine.<\/p>\n\n\n\n<p><strong>Koolitaja kompetentsust tagava kvalifikatsiooni v\u00f5i t\u00f6\u00f6kogemuse kirjeldus:<\/strong><\/p>\n\n\n\n<p><strong>Irina Oleinit\u0161<\/strong>&nbsp;K\u00f5rgharidus: jurist&nbsp;(magistrikraad), \u00fcle 20 aastat \u00f5petamis- ja t\u00e4iendkoolituskogemust koolitusspetsialisti ja koolitajana; omab laiap\u00f5hilisi teadmisi projektide juhtimisest ja t\u00f6\u00f6kogemust t\u00e4iskasvanute koolitamise valdkonnas; t\u00e4iskasvanute koolitaja, tase 6.<\/p>\n\n\n\n<p><strong>Vladimir Gruzdev<\/strong>\u00a0K\u00f5rgharidus: \u00f6konomist, vanemraamadupidaja, tase 6, pikaajaline t\u00f6\u00f6kogemus ettev\u00f5tte majanduse ja juhtimise alal, ettev\u00f5tja<a href=\"https:\/\/ecomengrad.eu\/ee\/raamatupidamisarvestuse-taiskursus\/\">.<\/a>T\u00e4iskasvanute koolitamise kogemus \u00fcle 5 aasta.<\/p>\n\n\n\n<p><strong>Irina Savitskaja \u2013\u00a0<\/strong>Tallinna Kerget\u00f6\u00f6stustehnikum-keskeriharidus (kvalifikatsioon- \u00a0raamatupidaja), t\u00f6\u00f6kogemus raamatupidajana ~40 aastat. T\u00e4iskasvanute koolitamise kogemus \u00fcle 6 aasta.<\/p>\n\n\n\n<p><strong>Iuliia Martynova<\/strong>\u00a0\u2013 l\u00f5petanud Sankt-Peterburi \u00f6konoomika ja finantside \u00fclikooli (Finantsid ja laeunud, magister), t\u00f6\u00f6kogemus finantsjuhina ~ 5 a. T\u00e4iskasvanute koolitamise kogemus \u00fcle 5 aasta.<\/p>\n","protected":false},"excerpt":{"rendered":"<p>Ettev\u00f5tlus ja \u00e4riplaani koostamine \u00d5ppekava nimetus: Ettev\u00f5tlus ja \u00e4riplaani koostamine \u00d5ppekeel: vene keel \u00d5ppekavar\u00fchm: juhtimine ja haldus \u00d5ppekava koostamise alus: Eesm\u00e4rgid ja \u00f5piv\u00e4ljundid: &nbsp;Kujundada koolitatavatel Eestis \u00e4ri ajamiseks vajalikke teadmisi ja oskusi. \u00d5piv\u00e4ljundid: &nbsp;Koolituse l\u00f5pus&nbsp;\u00f5ppija: Sihtr\u00fchm ja&nbsp;vastuv\u00f5tu tingimused: Alustavad ja juba tegutsevad ettev\u00f5tjad, kellel on huvi ettev\u00f5tlusega alustamise vastu ja soov \u00f5ppida koostama \u00e4riplaani ning kasutada saadud teadmisi [&hellip;]<\/p>\n","protected":false},"author":1,"featured_media":0,"parent":0,"menu_order":0,"comment_status":"closed","ping_status":"closed","template":"","meta":{"footnotes":""},"class_list":["post-6011","page","type-page","status-publish","hentry"],"_links":{"self":[{"href":"https:\/\/ecomengrad.eu\/ee\/wp-json\/wp\/v2\/pages\/6011","targetHints":{"allow":["GET"]}}],"collection":[{"href":"https:\/\/ecomengrad.eu\/ee\/wp-json\/wp\/v2\/pages"}],"about":[{"href":"https:\/\/ecomengrad.eu\/ee\/wp-json\/wp\/v2\/types\/page"}],"author":[{"embeddable":true,"href":"https:\/\/ecomengrad.eu\/ee\/wp-json\/wp\/v2\/users\/1"}],"replies":[{"embeddable":true,"href":"https:\/\/ecomengrad.eu\/ee\/wp-json\/wp\/v2\/comments?post=6011"}],"version-history":[{"count":4,"href":"https:\/\/ecomengrad.eu\/ee\/wp-json\/wp\/v2\/pages\/6011\/revisions"}],"predecessor-version":[{"id":8009,"href":"https:\/\/ecomengrad.eu\/ee\/wp-json\/wp\/v2\/pages\/6011\/revisions\/8009"}],"wp:attachment":[{"href":"https:\/\/ecomengrad.eu\/ee\/wp-json\/wp\/v2\/media?parent=6011"}],"curies":[{"name":"wp","href":"https:\/\/api.w.org\/{rel}","templated":true}]}}