{"id":6260,"date":"2024-02-28T22:34:39","date_gmt":"2024-02-28T19:34:39","guid":{"rendered":"https:\/\/ecomengrad.eu\/ee\/?page_id=6260"},"modified":"2025-08-28T10:30:45","modified_gmt":"2025-08-28T07:30:45","slug":"taiskasvanute-koolitaja-andragoogika-koolitus","status":"publish","type":"page","link":"https:\/\/ecomengrad.eu\/ee\/taiskasvanute-koolitaja-andragoogika-koolitus\/","title":{"rendered":"T\u00e4iskasvanute koolitaja\/andragoogika koolitus"},"content":{"rendered":"\n<p><strong>\u00d5ppeasutuse nimi:<\/strong><\/p>\n\n\n\n<p>ECOMENGRAD O\u00dc<\/p>\n\n\n\n<p><strong>\u00d5ppekava nimetus:<\/strong><\/p>\n\n\n\n<p>T\u00e4iskasvanute koolitaja\/andragoogika koolitus<\/p>\n\n\n\n<p><strong>\u00d5ppekeel<\/strong>:<\/p>\n\n\n\n<p>vene keel<\/p>\n\n\n\n<p><strong>\u00d5ppekavar\u00fchm:<\/strong><\/p>\n\n\n\n<p>Aine\u00f5petaja koolitus<\/p>\n\n\n\n<p><strong>\u00d5piv\u00e4ljundid<\/strong><strong>:<\/strong><\/p>\n\n\n\n<p><strong>Kursuse l\u00f5pus \u00f5pilane:<\/strong><\/p>\n\n\n\n<ul class=\"wp-block-list\">\n<li>omab arusaamist t\u00e4iskasvanute \u00f5ppimise ja koolitamise v\u00f5imalusest nii Eestis kui ka<br>maailmas;<\/li>\n\n\n\n<li>tunneb t\u00e4iskasvanute koolituse seaduse (edaspidi T\u00e4KS) p\u00f5him\u00f5tteid,<br>t\u00e4iendus\u00f5ppeasutuse tegevusele ja t\u00e4ienduskoolituse l\u00e4biviimisele kehtestatud<br>n\u00f5udeid. Tunneb t\u00e4iendus\u00f5ppe algp\u00f5him\u00f5tteid ja arvestab t\u00e4iskasvanute \u00f5petamisel<br>\u00f5ppija erip\u00e4ra;<\/li>\n\n\n\n<li>omab teadmisi koolitusel k\u00e4sitletavast valdkonnast\/teemast\/ainest, hoiab end kursis<br>oma valdkonna viimaste arengutega, arvestades oma valdkonna ja aine teadmiste<br>n\u00f5udeid, teaduslike t\u00f5endite ja parima praktika n\u00f5udeid ning<br>\u00f5ppekava\/koolitusprogrammi n\u00f5udeid;<\/li>\n\n\n\n<li>v\u00e4\u00e4rtustab t\u00e4iskasvanud \u00f5ppijat, j\u00e4rgib eetikanorme (T\u00e4iskasvanute koolitaja kutse-<br>eetika koodeks) ja konfidentsiaalsuse n\u00f5udeid, s\u00e4ilitab kutsealase maine ning j\u00e4rgib<br>t\u00e4iskasvanute haridust ja muid valdkondi reguleerivaid seadusi;<\/li>\n\n\n\n<li>koolituste ettevalmistamisel, l\u00e4biviimisel, hindamisel ja enesearengu toetamisel<br>kasutab asjakohaselt info- ja kommunikatsioonitehnoloogia (IKT) vahendeid. Tunneb digi\u00f5ppe v\u00f5imalusi ja oskab kasutada sobivaid meetmeid digi\u00f5ppe l\u00e4biviimiseks<br>t\u00e4iskasvanute koolitamisel;<\/li>\n\n\n\n<li>oskab t\u00e4iskasvanute koolitajana teostada eneserefleksiooni ja koostada e-portfooliot;<\/li>\n\n\n\n<li>koolitajana oskab ennetada kutsealast enesep\u00f5letust.<\/li>\n<\/ul>\n\n\n\n<p><strong>Sihtgrupp:<\/strong><\/p>\n\n\n\n<p>Koolitajad, kes soovivad ette valmistuda t\u00e4iskasvanute koolitaja\/ andragoogi kutseeksami sooritamiseks (5 ja 6 tase)<\/p>\n\n\n\n<p><strong>\u00d5ppe alustamise tingimused:<\/strong><\/p>\n\n\n\n<p>Koolitamise kogemus<\/p>\n\n\n\n<p><strong>\u00d5ppe kogumaht:<\/strong><\/p>\n\n\n\n<p><strong>16<\/strong><strong>0 ak tundi, millest on<\/strong><strong> <\/strong><strong>8<\/strong><strong>0<\/strong><strong> <\/strong><strong>ak tundi auditoorseid loenguid <\/strong><strong>ja praktikat <\/strong><strong>ja <\/strong><strong>8<\/strong><strong>0 tundi iseseisvat t\u00f6\u00f6d.<\/strong><strong><\/strong><\/p>\n\n\n\n<p><strong>\u00d5ppe sisu:<\/strong><\/p>\n\n\n\n<p>Andragoogika p\u00f5him\u00f5tted<\/p>\n\n\n\n<p>T\u00e4iskasvanute koolitamine Eestis ja maailmas<\/p>\n\n\n\n<p>T\u00e4iskasvanute koolitajate p\u00e4devus, kvalifikatsioonistandardid<\/p>\n\n\n\n<p>Eetika ja t\u00e4iskasvanute seadus<\/p>\n\n\n\n<p>\u00d5pivajaduste ja -motivatsiooni v\u00e4ljaselgitamine<\/p>\n\n\n\n<p>\u00d5pieesm\u00e4rkide v\u00e4ljaselgitamine ja p\u00fcstitamine<\/p>\n\n\n\n<p>\u00d5ppeprogrammi ja \u00f5ppeprotsessi planeerimine<\/p>\n\n\n\n<p>\u00d5ppeprotsessi elluviimine<\/p>\n\n\n\n<p>Grupi arneguprotsessid ja nende juhtimine<\/p>\n\n\n\n<p>Toimetulek raskete osalejatega<\/p>\n\n\n\n<p>\u00d5pp\u0133ate arengu toetamine<\/p>\n\n\n\n<p>\u00d5piv\u00e4ljundid ja nende hindamine<\/p>\n\n\n\n<p>Kombineeritud \u00f5pe<\/p>\n\n\n\n<p>Tagasiside \u00f5ppeprotsessis<\/p>\n\n\n\n<p>\u00d5ppeprotsessi anal\u00fc\u00fcs<\/p>\n\n\n\n<p>Digimetoodid ja vahendid<\/p>\n\n\n\n<p>Tehisintellekti roll<\/p>\n\n\n\n<p>Isiklik \u00e4rimudel<\/p>\n\n\n\n<p>Avalik esinemine<\/p>\n\n\n\n<p>Refleksioon<\/p>\n\n\n\n<p>Professionaalse l\u00e4bip\u00f5lemise ennetamine<\/p>\n\n\n\n<p>Koost\u00f6\u00f6 ja eneseareng<\/p>\n\n\n\n<p>Eneseareng ja koolitajate koost\u00f6\u00f6<\/p>\n\n\n\n<p>\u00d5ppekava koostamine<\/p>\n\n\n\n<p>Mini-treeningu tunni ettevalmistamine ja treeningu l\u00e4biviimine.<\/p>\n\n\n\n<p>Andragoogi eneseanal\u00fc\u00fcsi ettevalmistus<\/p>\n\n\n\n<p>E-portfoolio koostamine<\/p>\n\n\n\n<p>Eksamiks ettevalmistamise moodul<\/p>\n\n\n\n<p><strong>\u00d5ppemeetodid:<\/strong><\/p>\n\n\n\n<p>Auditoorne t\u00f6\u00f6:<\/p>\n\n\n\n<p>Loengud<\/p>\n\n\n\n<p>Diskussioonud<\/p>\n\n\n\n<p>Individuaalsed \u00fclesanded<\/p>\n\n\n\n<p>Paarist\u00f6\u00f6, grupit\u00f6\u00f6<\/p>\n\n\n\n<p>Simulatsioonid<\/p>\n\n\n\n<p>Juhtumiuuringud<\/p>\n\n\n\n<p>M\u00f5tlemis\u00fclesanded ja kogemustega jagamine<\/p>\n\n\n\n<p>Iseseisev t\u00f6\u00f6:<\/p>\n\n\n\n<p>Eneseanal\u00fc\u00fcsi koostamine<\/p>\n\n\n\n<p><em>E<\/em><em>-portfoolio <\/em><em>koostamine<\/em><\/p>\n\n\n\n<p><strong>\u00d5ppekeskkond:<\/strong><\/p>\n\n\n\n<p>Kursused viiakse l\u00e4bi aadressil Mere pst 3 Sillam\u00e4e. Praktiline v\u00e4lja\u00f5pe toimub vastavas asutuses.<\/p>\n\n\n\n<p>\u00d5ppet\u00f6\u00f6ks on sisustatud avarad, valgusk\u00fcllased ja tehniliselt varustatud ruumid.<\/p>\n\n\n\n<p>\u00d5ppeklassid on varustatud t\u00e4nap\u00e4evaste koolitusvahenditega (mugavad \u00f5ppelauad ja toolid, tahvlid, s\u00fclearvutid, video- ja audiotehnika jm). K\u00f5ikides kasutatavates \u00f5pperuumides on traadita interneti kasutamise v\u00f5imalus.<\/p>\n\n\n\n<p>Koolitusruumid, \u00f5ppetehnika ja -vahendid vastavad t\u00f6\u00f6tervishoiu ja t\u00f6\u00f6ohutuse seaduses s\u00e4testatud n\u00f5uetele. Koolitusruum ning sisustus sobivad koolituse l\u00e4biviimiseks.<\/p>\n\n\n\n<p>Koolitus v\u00f5ib toimuda ka videokonverentsi keskkonnas Zoom.<\/p>\n\n\n\n<p><strong>\u00d5ppematerjalid:<\/strong><\/p>\n\n\n\n<p><em>Koolitaja poolt koostatud \u00f5ppematerjalid<\/em><\/p>\n\n\n\n<p><strong>T\u00e4iendkoolituse l\u00f5petamise tingimused ja v\u00e4ljastatavad dokumendid:<\/strong><\/p>\n\n\n\n<ul class=\"wp-block-list\">\n<li>koolituse l\u00e4bimise eelduseks on osalemine v\u00e4hemalt 80% kontakttundidest;<\/li>\n\n\n\n<li>Sooritada v\u00e4hemalt 4 praktilist t\u00f6\u00f6d<\/li>\n<\/ul>\n\n\n\n<p>\u00d5ppijale v\u00e4ljastatakse \u00f5ppe l\u00f5petamise n\u00f5uete t\u00e4itmisel Ecomengradi tunnistus.<\/p>\n\n\n\n<p>T\u00f5end, kui \u00f5pitulemusi ei saavutatud, kuid \u00f5ppija v\u00f5ttis osa \u00f5ppet\u00f6\u00f6st. T\u00f5end v\u00e4ljastatakse vastavalt osaletud kontakttundide arvule.<\/p>\n\n\n\n<p><strong>Hindamismeetod:<\/strong><\/p>\n\n\n\n<p>praktiliste t\u00f6\u00f6de esitamine<\/p>\n\n\n\n<p><strong>Koolituse l\u00e4biviimiseks vajalik kvalifikatsiooni, \u00f5pi- v\u00f5i t\u00f6\u00f6kogemus:<\/strong><\/p>\n\n\n\n<p><strong>Svetlana Skrebneva <\/strong><\/p>\n\n\n\n<p>Sotsiaaljuhtimise magistrikraad.Suur kogemus t\u00e4iskasvanute inimeste koolitamisel (25 aastat), k\u00f5rgkoolides \u2013 13 aastat.<\/p>\n\n\n\n<p>Svetlana omab t\u00e4iskasvanute koolitaja tase 7 ning \u00f5petab turundust, ettev\u00f5tlust, reklaami, \u00e4riplaneerimist.<\/p>\n\n\n\n<p><strong>Olga Hiielo &#8211; <\/strong><strong>Arhipova<\/strong><\/p>\n\n\n\n<p>T\u00e4iskasvanute koolitaja (tase 6), Career Consult O\u00dc juhataja.<\/p>\n\n\n\n<p> Parim t\u00e4iskasvanute koolitaja 2019 Eestis. <\/p>\n\n\n\n<p>T\u00e4ienduskoolitused: Karj\u00e4\u00e4rin\u00f5ustaja (tase 6).<\/p>\n\n\n\n<p> Ps\u00fchholoog-konsultant positiivses ps\u00fchhoteraapias 23-aastane kogemus ps\u00fchholoogias ja pedagoogikas.<\/p>\n\n\n\n<p><strong>Jelena B\u00f5strova<\/strong><\/p>\n\n\n\n<p>Jelena B\u00f5stroval on doktori kraad PhD, t\u00e4iskasvanute koolitaja (tase 6).<\/p>\n\n\n\n<p>Pika aja jooksul tegeleb ta teadus- ja haridustegevusega, Eesti k\u00f5rgkoolides ja kutsehariduskeskustes.<\/p>\n\n\n\n<p>Tal on suus kogemus \u00f5ppeprogrammide koostamisel.<\/p>\n\n\n\n<p>Suur kogemus t\u00e4iskasvanute inimeste koolitamisel.<\/p>\n\n\n\n<p>Omab teadusartikleid, mis on seotud moodul s\u00fcsteemi t\u00e4iskasvanute inimeste ettevalmistamisega.<\/p>\n","protected":false},"excerpt":{"rendered":"<p>\u00d5ppeasutuse nimi: ECOMENGRAD O\u00dc \u00d5ppekava nimetus: T\u00e4iskasvanute koolitaja\/andragoogika koolitus \u00d5ppekeel: vene keel \u00d5ppekavar\u00fchm: Aine\u00f5petaja koolitus \u00d5piv\u00e4ljundid: Kursuse l\u00f5pus \u00f5pilane: Sihtgrupp: Koolitajad, kes soovivad ette valmistuda t\u00e4iskasvanute koolitaja\/ andragoogi kutseeksami sooritamiseks (5 ja 6 tase) \u00d5ppe alustamise tingimused: Koolitamise kogemus \u00d5ppe kogumaht: 160 ak tundi, millest on 80 ak tundi auditoorseid loenguid ja praktikat ja 80 tundi iseseisvat t\u00f6\u00f6d. [&hellip;]<\/p>\n","protected":false},"author":1,"featured_media":0,"parent":0,"menu_order":0,"comment_status":"closed","ping_status":"closed","template":"","meta":{"footnotes":""},"class_list":["post-6260","page","type-page","status-publish","hentry"],"_links":{"self":[{"href":"https:\/\/ecomengrad.eu\/ee\/wp-json\/wp\/v2\/pages\/6260","targetHints":{"allow":["GET"]}}],"collection":[{"href":"https:\/\/ecomengrad.eu\/ee\/wp-json\/wp\/v2\/pages"}],"about":[{"href":"https:\/\/ecomengrad.eu\/ee\/wp-json\/wp\/v2\/types\/page"}],"author":[{"embeddable":true,"href":"https:\/\/ecomengrad.eu\/ee\/wp-json\/wp\/v2\/users\/1"}],"replies":[{"embeddable":true,"href":"https:\/\/ecomengrad.eu\/ee\/wp-json\/wp\/v2\/comments?post=6260"}],"version-history":[{"count":3,"href":"https:\/\/ecomengrad.eu\/ee\/wp-json\/wp\/v2\/pages\/6260\/revisions"}],"predecessor-version":[{"id":7550,"href":"https:\/\/ecomengrad.eu\/ee\/wp-json\/wp\/v2\/pages\/6260\/revisions\/7550"}],"wp:attachment":[{"href":"https:\/\/ecomengrad.eu\/ee\/wp-json\/wp\/v2\/media?parent=6260"}],"curies":[{"name":"wp","href":"https:\/\/api.w.org\/{rel}","templated":true}]}}