{"id":64,"date":"2018-04-24T15:18:15","date_gmt":"2018-04-24T12:18:15","guid":{"rendered":"https:\/\/yellowbus.ee\/?page_id=64"},"modified":"2022-02-28T19:05:09","modified_gmt":"2022-02-28T16:05:09","slug":"oppekorralduse-alused","status":"publish","type":"page","link":"https:\/\/ecomengrad.eu\/ee\/oppekorralduse-alused\/","title":{"rendered":"\u00d5ppekorralduse alused"},"content":{"rendered":"<p><strong>\u00d5ppekorralduse alused<\/strong><br \/>\n1. \u00dclds\u00e4tted<br \/>\n1.1. O\u00dc \u201c ECOMENGRAD\u201d (reg 14348020) (edaspidi pidaja) poolt asutatud koolitusasutuse nimi on \u201c ECOMENGRAD \u00f5ppekeskus\u201d (edaspidi kool) l\u00e4htub t\u00e4ienduskoolituse korraldamisel kehtivatest t\u00e4iskasvanuhariduse valdkonna \u00f5igusaktidest ning teistest asjakohastest \u00f5igusaktidest ja dokumentidest.<br \/>\n1.2. Kool korraldab t\u00e4iskasvanutele suunatud t\u00f6\u00f6alast ja vabahariduslikku t\u00e4iendkoolitust.<br \/>\n1.3. \u00d5ppet\u00f6\u00f6 toimub \u00f5ppet\u00f6\u00f6ks sobivates, tunni alusel renditavates ruumides.<br \/>\n1.4. \u00d5ppet\u00f6\u00f6 toimub koolitustena septembrist augustini. Koolitused toimuvad koolituskalendri alusel. Koolituse mahtu arvestatakse akadeemilistes tundides, kus \u00fcks akadeemiline tund on 45 minutit.<br \/>\n1.5. Koolitused toimuvad valdavalt grupikoolitusena. Individuaal\u00f5ppe puhul viiakse koolitus l\u00e4bi \u00f5ppija vajadustest l\u00e4htuva individuaalse \u00f5ppekava alusel.<br \/>\n1.6 \u00d5ppet\u00f6\u00f6 toimub eesti, inglise v\u00f5i vene keeles.<br \/>\n1.7 Asjaajamiskeel koolis on eesti keel ja vene keel.<br \/>\n1.8 \u00d5ppet\u00f6\u00f6 toimub p\u00e4evase v\u00f5i \u00f5htuse grupi vormis.<\/p>\n<p>1.8.1. Distants\u00f5pe toimub veebikeskkonnas. Koolitus toimub videokonverentsi keskkonnas Zoom v\u00f5i Skype. Koolituse keskkonda sisenemise link saadetakse koolitusele registreerujatele enne koolitust koos keskkonda sisenemise juhendiga.<\/p>\n<p>1.8.2. Koolituse valdkonnad: ettev\u00f5tlus, lapsehoidja, tegevusejuhendaja, keelekursused, arvutukursused, raamatupidamiskoolitus, maastikuehitaja, maastiku disain, koolitused korteri \u00fchistule.<\/p>\n<p>1.8.3. \u00d5ppemeetoditeks on loengud, seminarid, iseseisev t\u00f6\u00f6, praktiline t\u00f6\u00f6 koolituse valdkonna vastavas asutuses.<\/p>\n<p>1.8.4. Koolituse k\u00e4igus peab koolitaja arvestust kliendi koolitusest osav\u00f5tu kohta. Koolitaja t\u00e4idab osav\u00f5tulehe vormi ja kogub igal auditoorse ja praktilise t\u00f6\u00f6 koolitusp\u00e4eval osalenud klientide allkirjad. Osav\u00f5tulehele m\u00e4rgitakse vaid auditoorse ja praktilise t\u00f6\u00f6 \u00f5ppetunnid, iseseisva t\u00f6\u00f6 tunde osav\u00f5tulehele ei m\u00e4rgita.<\/p>\n<p>1.9 \u00d5pingute alusdokument on \u00f5ppekava, kus on m\u00e4\u00e4ratletud v\u00e4hemalt:<br \/>\n1.9.1 \u00f5ppekava nimetus;<br \/>\n1.9.2 \u00f5ppekavar\u00fchm;<br \/>\n1.9.3 \u00f5piv\u00e4ljundid;<br \/>\n1.9.4 \u00f5pingute alustamise tingimused, juhul kui need on eeltingimuseks \u00f5piv\u00e4ljundite saavutamisel;<br \/>\n1.9.5 \u00f5ppe kogumaht, sealhulgas auditoorse, praktilise ja iseseisva t\u00f6\u00f6 osakaal;<br \/>\n1.9.6 \u00f5ppe sisu;<br \/>\n1.9.7 \u00f5ppekeskkonna kirjeldus;<br \/>\n1.9.8 \u00f5ppematerjalide loend, juhul kui \u00f5ppekava l\u00e4bimiseks on ette n\u00e4htud \u00f5ppematerjalid;<br \/>\n1.9.9 l\u00f5petamise tingimused ja v\u00e4ljastatavad dokumendid;<br \/>\n1.9.10 koolituse l\u00e4biviimiseks vajaliku kvalifikatsiooni, \u00f5pi- v\u00f5i t\u00f6\u00f6kogemuse kirjeldus koolitajal.<\/p>\n<p>1.10 \u00d5ppekava ja muudatused \u00f5ppekavas kinnitab pidaja.<br \/>\n2. Isikuandmete kogumine ja t\u00f6\u00f6tlemine<br \/>\n2.1. Kool kogub \u00f5ppijate kohta j\u00e4rgmisi andmeid: nimi, e-post, telefon ja isikukood. Isikukood on vajalik tunnistuse jaoks. Isikuandmeid t\u00f6\u00f6deldakse isikuandmete kaitse seaduse \u00a7 6 alusel.<br \/>\n3. Koolitusele registreerumine ja koolitusgrupi komplekteerimine<br \/>\n3.1. Koolitusele registreerumine<br \/>\n3.1.1. Koolitusele tuleb eelnevalt registreeruda. Registreeruda saab internetis (www.ecomengrad.eu), e-posti teel (info@ecomengrad.eu) v\u00f5i telefoni teel (+37256871465). Interneti teel registreerunud saavad registreerumise kinnituse e-posti aadressile.<br \/>\n3.1.2. \u00d5ppijal on \u00f5igus saada t\u00e4iendavat infot e-posti teel (info@ecomengrad.eu) v\u00f5i telefoni teel (+37256871465).<br \/>\n3.2. Koolitusgrupi komplekteerimine<br \/>\n3.2.1. \u00d5ppegrupp moodustatakse koolitusele registreerumise j\u00e4rjekorra alusel.<br \/>\n3.2.2. Koolituse alustamiseks koostatakse koolitusel \u00f5ppijate nimekiri.<br \/>\n3.2.3. Koolil on koolitusgrupi mittet\u00e4itumisel \u00f5igus koolitus \u00e4ra j\u00e4tta v\u00f5i koolitust edasi l\u00fckata koolitusgrupi t\u00e4itumiseni. Registreerunuid teavitatakse telefoni v\u00f5i e-posti teel v\u00e4hemalt kolmep\u00e4evase etteteatamisega. Koolituse \u00e4raj\u00e4\u00e4misel korraldajatest tulenevatel p\u00f5hjustel makstakse koolituse tasu tagasi.<br \/>\n4. Koolituse alustamine ja koolitusel osalemine<br \/>\n4.1 Koolitusel \u00f5ppimist saavad alustada \u00f5ppijad, kes on kooli poolt \u00f5ppegruppi arvatud ning kes on tasunud \u00f5ppemaksu v\u00f5i saanud ettev\u00f5tte\/asutuse poolt tasumist t\u00f5endava kinnituskirja.<br \/>\n4.2 \u00d5ppet\u00f6\u00f6st osav\u00f5ttu kinnitab osaleja esimene tund oma allkirjaga registreerimislehel allkirjastades \u00fchtlasi \u00f5ppija ja kooli suhteid reguleeriva sellekohase lepingu.<br \/>\n5. Koolituse l\u00f5petamine ja v\u00e4ljaarvamise kord<br \/>\n5.1 \u00d5ppija v\u00f5etakse ECOMENGRAD \u00f5pekeskuse kursusele isikliku v\u00f5i lapsevanema\/hooldaja sooviavalduse v\u00f5i klientfirma koolitustellimuse alusel. Erakooli vastuv\u00f5tmisel s\u00f5lmitakse kooli esindaja ja \u00f5ppija\/ lapsevanema\/ hooldaja v\u00f5i klientfirma esindaja koolitusleping, millele kantakse koolitaja nimi, koolituse toimumise aeg, kestus, koht ja \u00f5ppemaksu suurus ning selle maksmise tingimused.<br \/>\n5.2 \u00d5ppija arvatakse koolist v\u00e4lja sooviavalduse p\u00f5hjal, talle esitatud arve maksmata j\u00e4tmisel v\u00f5i lepingutingimuste rikkumisel. Igat juhtumist vaadatakse l\u00e4bi \u00fcksikjuhtumi p\u00f5hiselt.<br \/>\n5.3 \u00d5ppija on l\u00f5petanud ECOMENGRAD \u00f5ppekeskuse valitud kursuse, kui on sooritanud sellekohase testi, arvestuse v\u00f5i eksami.<\/p>\n<p>5.3.1. Testi, eksami v\u00f5i arvestuse positiivseks soorituseks on vaja v\u00e4hemalt<\/p>\n<p>60 -80 % \u00f5igeid vastuseid (vastavalt \u00f5ppekavale).<\/p>\n<p>5.3.2. Koolituse l\u00e4bimise eelduseks on osalemine v\u00e4hemalt 70-80% kontakttundidest (vastavalt \u00f5ppekavale).<\/p>\n<p>5.3.4. O\u00dc ECOMENGRAD ja koolitusel osaleja vahel tekkinud eriarvamused ja vaidlused lahendavad pooled eelk\u00f5ige l\u00e4bir\u00e4\u00e4kimiste teel. Kui tekkinud erimeelsusi ei \u00f5nnestu lahendada l\u00e4bir\u00e4\u00e4kimistega, lahendatakse vaidlus VIRU maakohtus.<\/p>\n<p>5.4 L\u00f5putesti, -arvestuse v\u00f5i -eksami edukal sooritamisel saab kursuse l\u00f5petanu ECOMENGRAD \u00f5ppekeskuse tunnistuse.<\/p>\n<p>5.4.1. T\u00f5end t\u00e4ienduskoolituses osalemise v\u00f5i selle l\u00e4bimise kohta v\u00e4ljastatakse isikule juhul, kui koolituse k\u00e4igus ei hinnatud \u00f5piv\u00e4ljundite saavutatust v\u00f5i kui isik ei saavutanud k\u00f5iki \u00f5ppekava l\u00f5petamiseks n\u00f5utud \u00f5piv\u00e4ljundeid.<\/p>\n<p>5.4.2. Tunnistus on t\u00e4ienduskoolituse l\u00f5petamist t\u00f5endav dokument, mis v\u00e4ljastatakse isikule juhul, kui koolituse k\u00e4igus hinnati \u00f5piv\u00e4ljundite saavutatust ja isik saavutas k\u00f5ik \u00f5ppekava l\u00f5petamiseks n\u00f5utud \u00f5piv\u00e4ljundid.<\/p>\n<p>5.4.3.\u00a0 Tunnistusele ja t\u00f5endile m\u00e4rgitakse v\u00e4hemalt j\u00e4rgmised andmed: 1) t\u00e4ienduskoolituses osalenud v\u00f5i selle l\u00e4binud isiku nimi ja isikukood; 2) t\u00e4ienduskoolitusasutuse nimi ja t\u00e4ienduskoolitusasutuse pidaja registrikood; 3) majandustegevusteate v\u00f5i tegevusloa registreerimisnumber Eesti Hariduse Infos\u00fcsteemis; 4) \u00f5ppekava nimetus; 5) t\u00e4ienduskoolituse toimumise aeg ja t\u00e4ienduskoolituse maht; 6) t\u00f5endi v\u00f5i tunnistuse v\u00e4ljaandmise koht ja kuup\u00e4ev;\u00a0 7) t\u00f5endi v\u00f5i tunnistuse number; 8) koolitajate nimed.<\/p>\n<p>5.4.4. Tunnistus ja t\u00f5end allkirjastatakse O\u00dc ECOMENGRAD direktori poolt.<\/p>\n<p>5.4.5. T\u00e4ienduskoolitusasutuse v\u00e4ljastatud tunnistused ja t\u00f5endid nummerdatakse ja peetakse arvestust. Tunnistusi ja t\u00f5endeid v\u00f5ib v\u00e4ljastada ka elektrooniliselt<\/p>\n<p>5.5 Koolituse kohta tagasiside saamiseks t\u00e4idavad koolituse l\u00f5petajad kursuse l\u00f5pus ankeetk\u00fcsimustiku (Tagasiside).<br \/>\n6. \u00d5ppemaksu kehtestamise, sellest vabastamise ja \u00f5ppemaksu soodustuste ning \u00f5ppetoetuste andmise alused ja kord<br \/>\n6.1 \u00d5ppemaksu suuruse kehtestab kooli pidaja v\u00e4hemalt 10 p\u00e4eva enne \u00f5ppet\u00f6\u00f6 algust.<br \/>\n6.2 \u00d5ppekavas toodud koolituse \u00f5ppemaksu piirid kehtestatakse igaks kursuseks eraldi. Kursuse jooksul \u00f5ppemaksu ei t\u00f5steta, sooduspakkumiste korras v\u00f5ib \u00f5ppemaksu v\u00e4hendada.<br \/>\n6.3 \u00d5ppemaksuga seonduvate soodustuste tegemise otsustamisel v\u00f5idakse arvesse v\u00f5tta kursustele registreerunud isikute arvu, varasemalt k\u00e4esoleva kooli poolt korraldatavate kursuste l\u00e4bimist jms.<br \/>\n6.4 Koolituse eest tasumine toimub Kooli ja Tellija kokkuleppel ja fikseeritakse Kooli ja Tellija omavahelises leppingus.<br \/>\n6.5 Makset\u00e4htaja \u00fcletamisel 45 p\u00e4eva ja\/v\u00f5i hoolimata meiepoolsetest meeldetuletustest, antakse tasumata arve inkassofirmale edasiseks k\u00e4sitlemiseks.<br \/>\n6.6 Koolituse eest on v\u00f5imalus tasuda osamaksetena, mille kohta s\u00f5lmitakse maksjaga eraldi kokkulepe.<br \/>\n7. Koolitusest loobumine<br \/>\n7.1. Kui koolitusele registreerunul ei ole v\u00f5imalik koolitusest osa v\u00f5tta, tuleb sellest teavitada kooli e-kirja teel (info@ecomengrad.eu).<br \/>\n7.2 Makstud \u00f5ppetasu on v\u00f5imalik \u00fcle kanda teisele koolitusele.<br \/>\n8. Koolituse katkestamine<br \/>\n8.1. Koolituse poolelij\u00e4tmisel makstud\u00f5ppetasu ei tagastata. Kui katkestamiseks on m\u00f5juv p\u00f5hjus (tervislikud p\u00f5hjused, komandeering vms), siis saab \u00f5ppija liituda j\u00e4rgmise grupiga.<br \/>\n9. \u00d5ppija \u00f5igused ja kohustused<br \/>\n9.1 \u00d5ppijal on \u00f5igus:<br \/>\n9.1.1 saada \u00f5ppekavas etten\u00e4htud koolitust vastavalt valitud kursusele, ette n\u00e4htud mahus, kohas ja ajal p\u00e4rast \u00f5ppemaksu tasumist.<br \/>\n9.1.2 saada teavet koolituse \u00f5ppekorralduse ja \u00f5ppekava kohta;<br \/>\n9.1.1 n\u00f5uda \u00f5ppemaksu tagastamist kooli s\u00fc\u00fcl \u00e4ra j\u00e4\u00e4nud kursuste eest;<br \/>\n9.1.3 lahkuda omal soovil enne \u00f5ppeperioodi l\u00f5ppu, kusjuures sel juhul \u00f5ppemaksu ei tagastata.<br \/>\n9.1.4 saada kursuse l\u00f5pus l\u00f5putesti, -arvestuse v\u00f5i -eksami edukal sooritamisel seda kinnitav tunnistus.<br \/>\n9.2. \u00d5ppija on kohustatud:<br \/>\n9.2.1. tegutsema h\u00e4daolukorras (tulekahju, veeavarii, pommi\u00e4hvardus jms) vastavalt eeskirjadele ja koolituskeskuse t\u00f6\u00f6tajate korraldustele;<br \/>\n9.2.2. hoidma heaperemehelikult tema kasutusse antud \u00f5ppevahendeid ja \u00d5ppekeskuse vara;<br \/>\n9.2.3. k\u00e4ituma vastavalt \u00fcldtunnustatud k\u00f5lblusnormidele;<br \/>\n9.2.3 tasuma \u00f5ppemaksu lepingus kajastatud summas iga kuu 10. kuup\u00e4evaks;<br \/>\n9.2.4 \u00d5ppija ja kooli suhteid reguleerib sellekohane leping.<br \/>\n10. Koolitajate kvalifikatsioonin\u00f5uded<br \/>\n10.1. Koolitajad peavad omama v\u00e4hemalt keskerialast haridust v\u00f5i olema aktiivselt tegutsenud \u00f5petatavas valdkonnas ning omama vastavasisulist kogemust, mida nad on v\u00f5imelised t\u00f5estama.<br \/>\n11. Vaidluste lahendamise kord<br \/>\n11.1Kooli ja \u00d5ppija\/koolitaja vahel tekkinud eriarvamused ja vaidlused lahendavad pooled eelk\u00f5ige l\u00e4bir\u00e4\u00e4kimiste teel. Kui tekkinud erimeelsusi ei \u00f5nnestu lahendada l\u00e4bir\u00e4\u00e4kimistega, lahendatakse vaidlus Viru maakohtus.<\/p>\n","protected":false},"excerpt":{"rendered":"<p>\u00d5ppekorralduse alused 1. \u00dclds\u00e4tted 1.1. O\u00dc \u201c ECOMENGRAD\u201d (reg 14348020) (edaspidi pidaja) poolt asutatud koolitusasutuse nimi on \u201c ECOMENGRAD \u00f5ppekeskus\u201d (edaspidi kool) l\u00e4htub t\u00e4ienduskoolituse korraldamisel kehtivatest t\u00e4iskasvanuhariduse valdkonna \u00f5igusaktidest ning teistest asjakohastest \u00f5igusaktidest ja dokumentidest. 1.2. Kool korraldab t\u00e4iskasvanutele suunatud t\u00f6\u00f6alast ja vabahariduslikku t\u00e4iendkoolitust. 1.3. \u00d5ppet\u00f6\u00f6 toimub \u00f5ppet\u00f6\u00f6ks sobivates, tunni alusel renditavates ruumides. 1.4. \u00d5ppet\u00f6\u00f6 toimub koolitustena septembrist [&hellip;]<\/p>\n","protected":false},"author":1,"featured_media":0,"parent":0,"menu_order":0,"comment_status":"closed","ping_status":"closed","template":"","meta":{"footnotes":""},"class_list":["post-64","page","type-page","status-publish","hentry"],"_links":{"self":[{"href":"https:\/\/ecomengrad.eu\/ee\/wp-json\/wp\/v2\/pages\/64","targetHints":{"allow":["GET"]}}],"collection":[{"href":"https:\/\/ecomengrad.eu\/ee\/wp-json\/wp\/v2\/pages"}],"about":[{"href":"https:\/\/ecomengrad.eu\/ee\/wp-json\/wp\/v2\/types\/page"}],"author":[{"embeddable":true,"href":"https:\/\/ecomengrad.eu\/ee\/wp-json\/wp\/v2\/users\/1"}],"replies":[{"embeddable":true,"href":"https:\/\/ecomengrad.eu\/ee\/wp-json\/wp\/v2\/comments?post=64"}],"version-history":[{"count":28,"href":"https:\/\/ecomengrad.eu\/ee\/wp-json\/wp\/v2\/pages\/64\/revisions"}],"predecessor-version":[{"id":4267,"href":"https:\/\/ecomengrad.eu\/ee\/wp-json\/wp\/v2\/pages\/64\/revisions\/4267"}],"wp:attachment":[{"href":"https:\/\/ecomengrad.eu\/ee\/wp-json\/wp\/v2\/media?parent=64"}],"curies":[{"name":"wp","href":"https:\/\/api.w.org\/{rel}","templated":true}]}}