{"id":7597,"date":"2025-09-18T16:13:31","date_gmt":"2025-09-18T13:13:31","guid":{"rendered":"https:\/\/ecomengrad.eu\/ee\/?page_id=7597"},"modified":"2025-09-18T16:28:56","modified_gmt":"2025-09-18T13:28:56","slug":"inglise-keel-edasijoudnutele-b1","status":"publish","type":"page","link":"https:\/\/ecomengrad.eu\/ee\/inglise-keel-edasijoudnutele-b1\/","title":{"rendered":"Inglise keel edasij\u00f5udnutele (B1)"},"content":{"rendered":"\n<p><strong>\u00d5ppekava nimetus<\/strong>:<\/p>\n\n\n\n<p>Inglise keel B1<\/p>\n\n\n\n<p><strong>\u00d5ppekeel<\/strong>:<\/p>\n\n\n\n<p>Vene keel<\/p>\n\n\n\n<p><strong>\u00d5ppekavar\u00fchm:<\/strong>&nbsp;<\/p>\n\n\n\n<p>Keele\u00f5pe<\/p>\n\n\n\n<p><strong>Eesm\u00e4rgid ja \u00f5piv\u00e4ljundid<\/strong>:<\/p>\n\n\n\n<p>Kursuse l\u00f5puks on \u00f5ppija omandanud oskused inglise keeles kirjutamiseks, lugemiseks ning tekstide, teadete ja vestluste m\u00f5istmiseks, et saada teavet ja suhelda.<\/p>\n\n\n\n<p><strong>\u00d5piv\u00e4ljundid:<\/strong><\/p>\n\n\n\n<p>Kursuse l\u00f5puks \u00f5ppija:<\/p>\n\n\n\n<p> \u2014 m\u00f5istab suulist k\u00f5net (kuulamis- ja lugemisoskused tuttavatel teemadel, mis on seotud igap\u00e4evaelu p\u00f5hivaldkondadega);<br>\u2014 suudab pidada vestlust igap\u00e4evaelu p\u00f5hiteemadel ning v\u00e4ljendada oma arvamust (aktiivne s\u00f5navara on 1000\u20131300 s\u00f5na);<br>\u2014 oskab lugeda ja m\u00f5ista artikleid, juhiseid ja tekste, orienteerub tuttavates s\u00f5nades ja grammatikas ning leiab vajaliku teabe;<br>\u2014 oskab kirjutada l\u00fchikesi kirju ja teateid ning t\u00e4ita ankeete.<\/p>\n\n\n\n<p><strong>Sihtr\u00fchm ja&nbsp;vastuv\u00f5tu tingimused<\/strong>:<\/p>\n\n\n\n<p>Isikud, kes soovivad \u00f5ppida inglise keelt ja kellel on algteadmised inglise keelest.<\/p>\n\n\n\n<p><strong>\u00d5ppe kogumaht<\/strong>:<\/p>\n\n\n\n<p>200 ak.tundi, millest on 120 ak.tundi-auditoorne t\u00f6\u00f6+80 ak.tundi- iseseisev t\u00f6\u00f6.<\/p>\n\n\n\n<p><strong>\u00d5ppe sisu<\/strong>:<\/p>\n\n\n\n<ul class=\"wp-block-list\">\n<li>\u2022 Iseloom, v\u00e4limus, riietus<\/li>\n\n\n\n<li>\u2022 Raamatud, tunded<\/li>\n\n\n\n<li>\u2022 Transport, reisimine<\/li>\n\n\n\n<li>\u2022 S\u00fcndmused ja reaktsioonid, stress<\/li>\n\n\n\n<li>\u2022 Linnad ja tulevik<\/li>\n\n\n\n<li>\u2022 Filmid ja telesaated<\/li>\n\n\n\n<li>\u2022 H\u00e4daolukorrad ja h\u00e4daabiteenused<\/li>\n\n\n\n<li>\u2022 T\u00f6\u00f6, elukutse ja haridus<\/li>\n\n\n\n<li>\u2022 Sport, spordivarustus ja -kohad<\/li>\n\n\n\n<li>\u2022 Digitaalne suhtlus<\/li>\n\n\n\n<li>\u2022 Toit, maitsed ja toidu valmistamine<\/li>\n\n\n\n<li>\u2022 Keskkonnaprobleemid ja tegevused<\/li>\n\n\n\n<li><strong>Keele\u00f5ppe teemad ja grammatika:<\/strong><\/li>\n\n\n\n<li>\u2022 K\u00e4skiv k\u00f5neviis (imperatiiv)<\/li>\n\n\n\n<li>\u2022 Olevik ajavormides: Present Simple, Present Continuous, Present Perfect<\/li>\n\n\n\n<li>\u2022 Tulevik: Future Simple, Present Continuous, be going to<\/li>\n\n\n\n<li>\u2022 Minevik: Past Simple, Past Perfect ja ebareeglip\u00e4rased tegus\u00f5nad kolmes vormis<\/li>\n\n\n\n<li>\u2022 S\u00f5naj\u00e4rg erinevates lauseliikides<\/li>\n\n\n\n<li>\u2022 Tingimuslaused (If-laused)<\/li>\n\n\n\n<li>\u2022 Objektpronoominid<\/li>\n\n\n\n<li>\u2022 Omaduss\u00f5nad, m\u00e4\u00e4rs\u00f5nad ja v\u00f5rdlusastmed<\/li>\n\n\n\n<li>\u2022 Loendatavad ja loendamatud nimis\u00f5nad<\/li>\n\n\n\n<li>\u2022 Tegutsemise viisi ja sageduse m\u00e4\u00e4rs\u00f5nad<\/li>\n\n\n\n<li>\u2022 Koham\u00e4\u00e4rused ja ajam\u00e4\u00e4rused (Prepositions of Place and Time)<\/li>\n\n\n\n<li>\u2022 Modaalverbid: can\/can\u2019t, should, must<\/li>\n\n\n\n<li>\u2022 Gerundium ja infinitiiv<\/li>\n\n\n\n<li>\u2022 Passiiv (The Passive Voice).<\/li>\n<\/ul>\n\n\n\n<p><strong>\u00d5ppekeskkond ja \u00f5ppevahendid<\/strong>:<\/p>\n\n\n\n<p>&nbsp;Koolitus toimub videokonverentsi keskkonnas Zoom.&nbsp;<\/p>\n\n\n\n<p>\u00d5ppevahendid: \u00d5pik ja t\u00f6\u00f6vihik.<\/p>\n\n\n\n<p><strong>\u00d5ppemeetodid<\/strong>:<\/p>\n\n\n\n<p>Auditoorne \u00f5pe 120 ak t: kuulamis\u00fclesanded, lugemine, kirjutamine ja t\u00f5lkimine, suuline k\u00f5ne, dialoogid, rollim\u00e4ngud, videote vaatamine ja anal\u00fc\u00fcs.<\/p>\n\n\n\n<p>Iseseisev t\u00f6\u00f6 80 ak t: s\u00f5nade \u00f5ppimine, t\u00f6\u00f6vihiku harjutuste t\u00e4itmine, tekstide koostamine.<\/p>\n\n\n\n<p><strong>\u00d5ppematerjalide loend<\/strong>:<\/p>\n\n\n\n<p>\u00b7&nbsp;&nbsp;&nbsp;&nbsp;&nbsp; Jenny Dooley New Enterprise B1 Work book<\/p>\n\n\n\n<p>\u00b7&nbsp;     Jenny Dooley New Enterprise \u04121 Students book<\/p>\n\n\n\n<p><strong>Koolituse l\u00f5petamise tingimused&nbsp;ja v\u00e4ljastatavad dokumendid<\/strong>:<\/p>\n\n\n\n<p>L\u00f5petamise eelduseks on osalemine v\u00e4hemalt 75% auditoorsetes tundides. Lisaks tuleb positiivse tulemuse saamiseks sooritada l\u00f5putest ja suuline vestlus, st vastavalt hindamiskriteeriumidele.<\/p>\n\n\n\n<figure class=\"wp-block-table\"><table class=\"has-fixed-layout\"><tbody><tr><td>Hindamismetood<\/td><td>Hindamiskriteeriumid<\/td><\/tr><tr><td>Kirjalik test (h\u00f5lmab k\u00e4sitletud teemasid)<\/td><td><br>\u00d5ppija leiab vajaliku info igap\u00e4evastel teemadel tekstide lugemisest ja kuulamisest. \u00d5ppija oskab koostada lihtsa l\u00fchikese teksti, kirjutada isikliku kirja. Samuti tuleb \u00f5ppija toime grammatika ja s\u00f5navara kontrollimise \u00fclesannetega.<\/td><\/tr><tr><td>Suuline vestlus<\/td><td><br>\u00d5ppija r\u00e4\u00e4gib lihtsate lausetega kursusel l\u00e4biv\u00f5etud teemadel. Samuti oskab \u00f5ppija vastata lihtsatele k\u00fcsimustele ja iseseisvalt k\u00fcsimusi esitada.<\/td><\/tr><\/tbody><\/table><\/figure>\n\n\n\n<p><strong>V\u00e4ljastatavad dokumendid<\/strong>:<\/p>\n\n\n\n<p>TUNNISTUS, kui test on eksaminaatori hinnangul sooritatud v\u00e4hemalt 60% ulatuses.<\/p>\n\n\n\n<p>T\u00d5END. Kui \u00f5ppija eksamitulemus on alla 60%&nbsp; ja ta on osalenud v\u00e4hem kui 75% auditoorses \u00f5ppet\u00f6\u00f6s, v\u00e4ljastatakse talle koolituse l\u00e4bimise kohta t\u00f5end.<\/p>\n\n\n\n<p><strong>Koolitaja kompetentsust tagava kvalifikatsiooni v\u00f5i t\u00f6\u00f6kogemuse kirjeldus<\/strong>:<\/p>\n\n\n\n<p>Anna Koroljova \u2013 k\u00f5rgem pedagoogiline haridus, l\u00f5petanud Krasnojarski pedagoogilise instituudi, t\u00e4iskasvanute koolitamise kogemus \u00fcle 15 aasta.<\/p>\n\n\n\n<p><strong>Maksumus<\/strong><\/p>\n\n\n\n<p>2-3 inimest \u2013 20 euro\/tund.<\/p>\n\n\n\n<p>4 ja rohkem inimest -13 euro\/tund.<\/p>\n\n\n\n<p><em>Hinna sees k\u00f5ik maksud ja \u00f5ppematerjalide maksumus.<\/em><\/p>\n","protected":false},"excerpt":{"rendered":"<p>\u00d5ppekava nimetus: Inglise keel B1 \u00d5ppekeel: Vene keel \u00d5ppekavar\u00fchm:&nbsp; Keele\u00f5pe Eesm\u00e4rgid ja \u00f5piv\u00e4ljundid: Kursuse l\u00f5puks on \u00f5ppija omandanud oskused inglise keeles kirjutamiseks, lugemiseks ning tekstide, teadete ja vestluste m\u00f5istmiseks, et saada teavet ja suhelda. \u00d5piv\u00e4ljundid: Kursuse l\u00f5puks \u00f5ppija: \u2014 m\u00f5istab suulist k\u00f5net (kuulamis- ja lugemisoskused tuttavatel teemadel, mis on seotud igap\u00e4evaelu p\u00f5hivaldkondadega);\u2014 suudab pidada vestlust igap\u00e4evaelu p\u00f5hiteemadel ning [&hellip;]<\/p>\n","protected":false},"author":1,"featured_media":0,"parent":0,"menu_order":0,"comment_status":"closed","ping_status":"closed","template":"","meta":{"footnotes":""},"class_list":["post-7597","page","type-page","status-publish","hentry"],"_links":{"self":[{"href":"https:\/\/ecomengrad.eu\/ee\/wp-json\/wp\/v2\/pages\/7597","targetHints":{"allow":["GET"]}}],"collection":[{"href":"https:\/\/ecomengrad.eu\/ee\/wp-json\/wp\/v2\/pages"}],"about":[{"href":"https:\/\/ecomengrad.eu\/ee\/wp-json\/wp\/v2\/types\/page"}],"author":[{"embeddable":true,"href":"https:\/\/ecomengrad.eu\/ee\/wp-json\/wp\/v2\/users\/1"}],"replies":[{"embeddable":true,"href":"https:\/\/ecomengrad.eu\/ee\/wp-json\/wp\/v2\/comments?post=7597"}],"version-history":[{"count":2,"href":"https:\/\/ecomengrad.eu\/ee\/wp-json\/wp\/v2\/pages\/7597\/revisions"}],"predecessor-version":[{"id":7599,"href":"https:\/\/ecomengrad.eu\/ee\/wp-json\/wp\/v2\/pages\/7597\/revisions\/7599"}],"wp:attachment":[{"href":"https:\/\/ecomengrad.eu\/ee\/wp-json\/wp\/v2\/media?parent=7597"}],"curies":[{"name":"wp","href":"https:\/\/api.w.org\/{rel}","templated":true}]}}