{"id":8021,"date":"2026-01-09T14:29:56","date_gmt":"2026-01-09T11:29:56","guid":{"rendered":"https:\/\/ecomengrad.eu\/ee\/?page_id=8021"},"modified":"2026-01-09T14:29:56","modified_gmt":"2026-01-09T11:29:56","slug":"isikuandmete-kaitse","status":"publish","type":"page","link":"https:\/\/ecomengrad.eu\/ee\/isikuandmete-kaitse\/","title":{"rendered":"Isikuandmete kaitse"},"content":{"rendered":"\n<ol class=\"wp-block-list\">\n<li><strong>Andmekaitse p\u00f5him\u00f5tted<\/strong><\/li>\n<\/ol>\n\n\n\n<p>1.1 Isikuandmete vastutavaks t\u00f6\u00f6tlejaks on Ecomengrad O\u00dc (registrikood 14348020, edaspidi koolituskeskus).<\/p>\n\n\n\n<p>1.2 Pakume oma klientidele erinevaid t\u00e4iskasvanutele suunatud koolitusi ja seega puutume kokku oma teenuse pakkumise k\u00e4igus klientide isikuandmetega.<\/p>\n\n\n\n<ol start=\"2\" class=\"wp-block-list\">\n<li><strong>Koolituskeskus kogub oma klientide kohta j\u00e4rgmisi andmeid:<\/strong><\/li>\n<\/ol>\n\n\n\n<ul class=\"wp-block-list\">\n<li>Kliendi ees- ja perekonnanimi,<\/li>\n\n\n\n<li>Kliendi isikukood,<\/li>\n\n\n\n<li>Kliendi kontaktandmed (telefon, e-posti aadress).<\/li>\n<\/ul>\n\n\n\n<p>2.1 \u00dclaltoodud andmeid kogub ja kasutab koolituskeskus selleks, et t\u00e4ita nii \u00fcldiselt \u00f5igusaktidest tulenevaid kohustusi kui ka selleks, et t\u00e4ita kliendi ja koolituskeskuse vahel s\u00f5lmitavat lepingut (n\u00e4iteks koolitusega seotud organisatoorse info ja koolitusmaterjalide edastamiseks, osalemise kohta kinnituse k\u00fcsimiseks, arvete saatmiseks ja k\u00f5ikv\u00f5imalike t\u00e4psustuste tegemiseks).<\/p>\n\n\n\n<p>2.2 Maksuseadustest tulenevalt vajab koolituskeskus kliendi nime ja aadressi arve koostamiseks.<\/p>\n\n\n\n<p>2.3 T\u00e4iskasvanute koolituse seadusest tulenevalt peab koolituskeskus v\u00e4ljastama koolitusel osalenutele t\u00f5endeid ja tunnistusi, millele tuleb m\u00e4rkida veel lisaks ka koolitusel osalenud isiku ees-ja perekonnanimi ning isikukood.<\/p>\n\n\n\n<p>2.4 Kliendi nimi, isikukood ja kontaktandmed on vajalikud ka v\u00f5imalike vaidluste ja kaebuste lahendamisel (n\u00e4iteks maksek\u00e4su kiirmenetluse algatamine).<\/p>\n\n\n\n<p><strong>Koolituskeskus t\u00f6\u00f6tleb j\u00e4rgmisi isikuandmeid:<\/strong><\/p>\n\n\n\n<p><\/p>\n","protected":false},"excerpt":{"rendered":"<p>1.1 Isikuandmete vastutavaks t\u00f6\u00f6tlejaks on Ecomengrad O\u00dc (registrikood 14348020, edaspidi koolituskeskus). 1.2 Pakume oma klientidele erinevaid t\u00e4iskasvanutele suunatud koolitusi ja seega puutume kokku oma teenuse pakkumise k\u00e4igus klientide isikuandmetega. 2.1 \u00dclaltoodud andmeid kogub ja kasutab koolituskeskus selleks, et t\u00e4ita nii \u00fcldiselt \u00f5igusaktidest tulenevaid kohustusi kui ka selleks, et t\u00e4ita kliendi ja koolituskeskuse vahel s\u00f5lmitavat lepingut (n\u00e4iteks koolitusega seotud [&hellip;]<\/p>\n","protected":false},"author":1,"featured_media":0,"parent":0,"menu_order":0,"comment_status":"closed","ping_status":"closed","template":"","meta":{"footnotes":""},"class_list":["post-8021","page","type-page","status-publish","hentry"],"_links":{"self":[{"href":"https:\/\/ecomengrad.eu\/ee\/wp-json\/wp\/v2\/pages\/8021","targetHints":{"allow":["GET"]}}],"collection":[{"href":"https:\/\/ecomengrad.eu\/ee\/wp-json\/wp\/v2\/pages"}],"about":[{"href":"https:\/\/ecomengrad.eu\/ee\/wp-json\/wp\/v2\/types\/page"}],"author":[{"embeddable":true,"href":"https:\/\/ecomengrad.eu\/ee\/wp-json\/wp\/v2\/users\/1"}],"replies":[{"embeddable":true,"href":"https:\/\/ecomengrad.eu\/ee\/wp-json\/wp\/v2\/comments?post=8021"}],"version-history":[{"count":1,"href":"https:\/\/ecomengrad.eu\/ee\/wp-json\/wp\/v2\/pages\/8021\/revisions"}],"predecessor-version":[{"id":8024,"href":"https:\/\/ecomengrad.eu\/ee\/wp-json\/wp\/v2\/pages\/8021\/revisions\/8024"}],"wp:attachment":[{"href":"https:\/\/ecomengrad.eu\/ee\/wp-json\/wp\/v2\/media?parent=8021"}],"curies":[{"name":"wp","href":"https:\/\/api.w.org\/{rel}","templated":true}]}}