{"id":853,"date":"2020-02-11T15:50:50","date_gmt":"2020-02-11T12:50:50","guid":{"rendered":"https:\/\/ecomengrad.eu\/?page_id=853"},"modified":"2026-01-08T14:51:46","modified_gmt":"2026-01-08T11:51:46","slug":"eesti-keele-opetajad","status":"publish","type":"page","link":"https:\/\/ecomengrad.eu\/ee\/eesti-keele-opetajad\/","title":{"rendered":"Eesti keele \u00f5petajad"},"content":{"rendered":"\n<p> Eesti keele kursusi v\u00f5ivad l\u00e4bi viia eesti filoloogi, eesti keele kui v\u00f5\u00f5rkeele \u00f5petaja v\u00f5i muu filoloogilise hariduse ja\/v\u00f5i varasema t\u00e4iskasvanutele eesti keele \u00f5petamise kogemusega \u00f5petajad<\/p>\n\n\n\n<ol class=\"wp-block-list\">\n<li> Ljudmilla Limantova, Eesti keele ja kirjanduse \u00f5petaja mitte-eesti koolis (Magistrikraad),  Tartu \u00dclikool <\/li>\n\n\n\n<li>Sirle Kupts  Vene filoloog, vene keele ja kirjanduse \u00f5petaja, magister , Tartu Riiklik \u00dclikool,1996-2018 tasemeeksamite l\u00e4biviija ja hindaja A2-C1 tasemetel <\/li>\n\n\n\n<li>Urve Kangur E.Vilde nim. Pedagoogiline Instituut (magistrikraad)<\/li>\n\n\n\n<li>Julia Krjatalova, Tartu \u00dclikooli Narva Kolled\u017e,  Magistrikraad (eesti keel teise keelena p\u00f5hikoolis, g\u00fcmnaasiumiastmes; inglise keel p\u00f5hikoolis) <\/li>\n\n\n\n<li>Elle V\u00e4lja,  Filoloogiateaduskond&nbsp;(Diplomi\u00f5pe),  Tallinna Pedagoogika\u00fclikool <\/li>\n\n\n\n<li> Natalja Volossatova,   Vene kooli eesti keele ja kirjanduse \u00f5petaja,  Tallinna Pedagoogika\u00fclikool (1998 aastal) <\/li>\n\n\n\n<li>Irina Orova, Eesti keel teise keelena \u00f5petaja, Tartu \u00dclikool (2007 aastal)<\/li>\n\n\n\n<li>Laine Tsopp,  Erialane t\u00e4iendkoolitus:  * Tallinna Pedagoogika\u00fclikool , t\u00e4endkursus Riigikeel Riigieksamile 160 tundi (2001 aastal), * 2003.a KEA \u201eEesti keele kui teise keele ainekavade ja \u00f5ppematerjalide koostamine ning \u00f5petajate koolitus kutsehariduses\u201c 100 tundi k\u00f5rgtase&nbsp; 2001 (C1 \u2013 tase), t\u00e4iskasvanute koolitaja ~25 aastat.<\/li>\n\n\n\n<li>Jelena Ohakas, Tartu Riiklik \u00dclikool (1981), Tallinna Pedagoogika\u00fclikool (1995),  l\u00f5petatud ja omandatud eriala: filoloog, vene keele ja kirjanduse \u00f5petaja; vene kooli eesti keele \u00f5petaja<\/li>\n\n\n\n<li>Anna Belskihh, Narva K\u00f5rgkool (1998), l\u00f5petatud ja omandatud eriala: klassi\u00f5petaja, Tallinna Pedagoogika\u00fclikool, eesti keele filoloogiateaduskond, eesti keel v\u00f5\u00f5rkeelena (2003.a.)<\/li>\n\n\n\n<li>Olga Makaryan, Tartu \u00dclikooli Narva Kolled\u017e (2016.a.), Haridusteaduse magister, Humanitaarainete \u00f5petaja mitmekeelses koolis: eesti keel teise keelena p\u00f5hikoolis; keelek\u00fcmblus \u00f5petaja<\/li>\n\n\n\n<li>Julia Lillak, <em>Tartu \u00fclikool (2005<\/em>.a.), l\u00f5petatud ja omandatud eriala: <em>Eesti ja soome-ugri keeleteadus (Eesti keel v\u00f5\u00f5rkeelena)<\/em><\/li>\n\n\n\n<li>Olga Sakharuk, Tartu \u00dclikool, avalik-\u00f5iguslik \u00fclikool (2018.a.), l\u00f5petatud ja omandatud eriala: Haridusteaduse magister (humanitaarainete \u00f5petaja mitmekeelses koolis), eriala: keelek\u00fcmblusklassi \u00f5petaja (1.-6.klass)<\/li>\n\n\n\n<li>Sofja Kiisk, Tallinna Pedagoogika\u00fclikool, <em>filoloogiateaduskonna keelekeskus<\/em> (2000.a.), l\u00f5petatud ja omandatud eriala: Eesti keel v\u00f5\u00f5rkeelena, T\u00e4iskasvanute koolitaja, 6. tase<\/li>\n\n\n\n<li>Karin Pukk, Tallinna Pedagoogika \u00dclikool (2001.a.), l\u00f5petatud ja omandatud eriala: Eesti keel v\u00f5rkeelena. Tartu \u00dclikooli Narva Kolledz (2011.a.), l\u00f5petatud ja omandatud eriala: Keelek\u00fcmblus\u00f5petaja I kooliastmes.<\/li>\n\n\n\n<li>Sirje Sirnask, Tartu \u00dclikool (2005.a), l\u00f5petatud ja omandatud eriala: eesti keel teise keelena, on p\u00e4dev l\u00e4bi viima A2-, B1-, B2- ja C1-tasemel eesti keele tasemeeksamiks ettevalmistamisele suunatud t\u00e4ienduskoolitust.<\/li>\n\n\n\n<li>Veronika Upad\u00f5\u0161eva, Tartu \u00dclikool (2003.a.), l\u00f5petatud ja omandatud eriala: eesti keel teise keelena, on p\u00e4dev l\u00e4bi viima A2-, B1-, B2- -tasemel eesti keele tasemeeksamiks ettevalmistamisele suunatud t\u00e4ienduskoolitust.<\/li>\n\n\n\n<li>Anna-Olga Luga, Tartu \u00dclikool (2016.a.), l\u00f5petatud ja omandatud eriala: Humanitaarainete \u00f5petaja mitmekeelses koolis (humanitaarainete \u00f5petaja eesti keeles p\u00f5hikooli- ja g\u00fcmnaasiumiastmes, keelek\u00fcmblus\u00f5petaja, on p\u00e4dev l\u00e4bi viima A2-, B1-, B2- -tasemel eesti keele tasemeeksamiks ettevalmistamisele suunatud t\u00e4ienduskoolitust.<\/li>\n\n\n\n<li>Anne Raigla, Virumaa k\u00f5rgkool (1999.a.), l\u00f5petatud ja omandatud eriala: vene p\u00f5hikooli eesti keele \u00f5petaja, on p\u00e4dev l\u00e4bi viima A2-, B1- ja B2-tasemel eesti keele tasemeeksamiks ettevalmistamisele suunatud t\u00e4ienduskoolitust.<\/li>\n\n\n\n<li>&nbsp;Nadezda Tsernova, &nbsp;Tartu \u00dclikool (2017.a.), l\u00f5petatud ja omandatud eriala: humanitaarainete \u00f5petaja mitmekeelses koolis, on p\u00e4dev l\u00e4bi viima A2-, B1- ja B2-tasemel eesti keele tasemeeksamiks ettevalmistamisele suunatud t\u00e4ienduskoolitust.<\/li>\n\n\n\n<li>Ljudmila Aleksandrova &#8211; Tallinna Pedagoogika\u00fclikool (2000.a.), L\u00f5petatud ja omandatud eriala: keelek\u00fcmblus\u00f5petaja eesti keele \u00f5petaja p\u00f5hikoolis matemaatika- ja f\u00fc\u00fcsika\u00f5petaja keskkoolis ( magistrikraad), on p\u00e4dev l\u00e4bi viima A2- ja B1-tasemel eesti keele tasemeeksamiks ettevalmistamisele suunatud t\u00e4ienduskoolitust.<\/li>\n\n\n\n<li>Anna Kononenko &#8211; Tartu \u00dclikooli Narva Kolledz (2024.a.),  L\u00f5petatud ja omandatud eriala: <br>Mitmekeelse lapse keelelise arengu ja eesti keele kui teise keele omandamise toetamine lasteaias, on p\u00e4dev l\u00e4bi viima A2- ja B1-tasemel eesti keele tasemeeksamiks ettevalmistamisele suunatud t\u00e4ienduskoolitust.<\/li>\n<\/ol>\n","protected":false},"excerpt":{"rendered":"<p>Eesti keele kursusi v\u00f5ivad l\u00e4bi viia eesti filoloogi, eesti keele kui v\u00f5\u00f5rkeele \u00f5petaja v\u00f5i muu filoloogilise hariduse ja\/v\u00f5i varasema t\u00e4iskasvanutele eesti keele \u00f5petamise kogemusega \u00f5petajad<\/p>\n","protected":false},"author":1,"featured_media":0,"parent":0,"menu_order":0,"comment_status":"closed","ping_status":"closed","template":"","meta":{"footnotes":""},"class_list":["post-853","page","type-page","status-publish","hentry"],"_links":{"self":[{"href":"https:\/\/ecomengrad.eu\/ee\/wp-json\/wp\/v2\/pages\/853","targetHints":{"allow":["GET"]}}],"collection":[{"href":"https:\/\/ecomengrad.eu\/ee\/wp-json\/wp\/v2\/pages"}],"about":[{"href":"https:\/\/ecomengrad.eu\/ee\/wp-json\/wp\/v2\/types\/page"}],"author":[{"embeddable":true,"href":"https:\/\/ecomengrad.eu\/ee\/wp-json\/wp\/v2\/users\/1"}],"replies":[{"embeddable":true,"href":"https:\/\/ecomengrad.eu\/ee\/wp-json\/wp\/v2\/comments?post=853"}],"version-history":[{"count":40,"href":"https:\/\/ecomengrad.eu\/ee\/wp-json\/wp\/v2\/pages\/853\/revisions"}],"predecessor-version":[{"id":8013,"href":"https:\/\/ecomengrad.eu\/ee\/wp-json\/wp\/v2\/pages\/853\/revisions\/8013"}],"wp:attachment":[{"href":"https:\/\/ecomengrad.eu\/ee\/wp-json\/wp\/v2\/media?parent=853"}],"curies":[{"name":"wp","href":"https:\/\/api.w.org\/{rel}","templated":true}]}}