{"id":867,"date":"2020-02-12T10:05:53","date_gmt":"2020-02-12T07:05:53","guid":{"rendered":"https:\/\/ecomengrad.eu\/?page_id=867"},"modified":"2026-03-13T16:55:38","modified_gmt":"2026-03-13T13:55:38","slug":"koolitajad-2","status":"publish","type":"page","link":"https:\/\/ecomengrad.eu\/ee\/koolitajad-2\/","title":{"rendered":"Koolitajad"},"content":{"rendered":"\n<h4 class=\"wp-block-heading\"><strong>&nbsp;Koolitaja kvalifikatsiooni ja t\u00f6\u00f6kogemuse kirjeldus<\/strong><\/h4>\n\n\n\n<p><strong>Vladimir Gruzdev<\/strong> K\u00f5rgharidus: \u00f6konomist, vanemraamadupidaja, pikaajaline t\u00f6\u00f6kogemus ettev\u00f5tte majanduse ja juhtimise alal, ettev\u00f5tja. T\u00e4iskasvanute koolitamise kogemus \u00fcle 5 aasta.<\/p>\n\n\n\n<p><strong>Julia Grigorjeva<\/strong>&#8211; Koolitaja, kes on l\u00e4bitud Tallinna Tervisehoiu K\u00f5rkooli \u00f5e eriala p\u00f5hi\u00f5pet ja intensiiv\u00f5enduse eriala koolitust. Koolitaja t\u00f6\u00f6tab kiirabis. EPR Esmaabi \u00f5petaja koolitus, tunnistuse nr. KB_EA2021-20. T\u00e4iskasvanute koolitamise kogemus \u00fcle 5 aasta.<\/p>\n\n\n\n<p><strong>Andrei Goncharov<\/strong>\u2014 K\u00f5rgharidus infotehnoloogia erialal, kutse\u00f5petajana kogemus Sillam\u00e4e Kutsehariduskeskuses ~16 aastat, pikaajaline t\u00e4iskasvanute kogemus. T\u00e4iskasvanute koolitamise kogemus \u00fcle 15 aasta.<\/p>\n\n\n\n<p><strong>Anna Koroljova<\/strong> &#8211; k\u00f5rgem pedagoogiline haridus, l\u00f5petanud Krasnojarski pedagoogilise instituudi, t\u00e4iskasvanute koolitamise kogemus \u00fcle 15 aasta.<\/p>\n\n\n\n<p><strong>Ljudmilla Limantova<\/strong>\u2014 Tartu \u00dclikooli magister erialal eesi keele \u00f5petaja mitte-eesi koolis. Ljudmilla Limantova t\u00f6\u00f6tas&nbsp; Tartu lasteaias Kelluke. Praegu t\u00f6\u00f6tab ta J\u00f5hvi Lasteaiad Sipsiku majas keelek\u00fcmblusr\u00fchma \u00f5petajana. Ljudmilla osales t\u00e4iendkoolitustel, kirjutas kaks \u00e4riplaani, mis on saanud toetust t\u00f6\u00f6tukassast. T\u00e4iskasvanute koolitamise kogemus \u00fcle 4 aasta.<\/p>\n\n\n\n<p><strong><strong>Irina Oleinit\u0161<\/strong><\/strong>&nbsp;&#8211; K\u00f5rgharidus: jurist&nbsp;(magistrikraad), \u00fcle 20 aastat \u00f5petamis- ja t\u00e4iendkoolituskogemust koolitusspetsialisti ja koolitajana; omab laiap\u00f5hilisi teadmisi projektide juhtimisest ja t\u00f6\u00f6kogemust t\u00e4iskasvanute koolitamise valdkonnas; t\u00e4iskasvanute koolitaja, tase 6.<\/p>\n\n\n\n<p><strong>Inna Levitina<\/strong>&nbsp;\u2013 <\/p>\n\n\n\n<p><strong>Haridus<\/strong><\/p>\n\n\n\n<ul class=\"wp-block-list\">\n<li>K\u00f5rgharidus \u2013 Moskva Linna Pedagoogika\u00fclikool (MGPU), Pedagoogika ja haridusps\u00fchholoogia instituut.<br>Eriala: pedagoogiline haridus (2016\u20132021).<\/li>\n<\/ul>\n\n\n\n<p><strong>T\u00e4iend\u00f5pe<\/strong><\/p>\n\n\n\n<ul class=\"wp-block-list\">\n<li>Tallinna Tervise Arengu Instituut \u2013 \u201eVaimse puudega, autismi ja vaimse alaarenguga klientide tegevuste juhendamine\u201c. Euroopa Sotsiaalfondi programm (2015\u20132016).<\/li>\n\n\n\n<li>Tegevusjuhendaja t\u00e4ienduskoolitus (Arengu Instituut).<\/li>\n\n\n\n<li>L\u00f5petatud andragoogika koolitus \u2013 160 tundi (15.12.2025).<\/li>\n<\/ul>\n\n\n\n<p><strong>T\u00f6\u00f6kogemus<\/strong><\/p>\n\n\n\n<ul class=\"wp-block-list\">\n<li>Suur t\u00f6\u00f6kogemus tegevusjuhendajana. T\u00f6\u00f6tanud hoolekandeasutuses <strong>S\u00fcgis<\/strong>.<\/li>\n\n\n\n<li>T\u00e4iskasvanute koolitamise kogemus \u00fcle 5 aasta.<\/li>\n\n\n\n<li>Praegu t\u00f6\u00f6tab \u00f5ena ettev\u00f5ttes <strong>Rada Kodu\u00f5endus O\u00dc<\/strong>.<\/li>\n<\/ul>\n\n\n\n<p>.<\/p>\n\n\n\n<p><strong>Jelena Ibragimova<\/strong> &#8211; K\u00f5rgharidus, \u0422\u00e4iskasvanute koolitaja, Tase 6, \u00f5petaja kogemus &#8211; 30 aastat, <em>\u00d5petatav aine:<\/em> Keevituse tehnologia, Metallit\u00f6\u00f6stus.<\/p>\n\n\n\n<p><strong>Jevgenia Vanhonen \u2013 SA Narva Haigla, sotsiaalt\u00f6\u00f6taja<\/strong><\/p>\n\n\n\n<p>Kutsestandardid:<\/p>\n\n\n\n<p>Sotsiaalt\u00f6\u00f6taja, tase 6 (EKR)<\/p>\n\n\n\n<p>T\u00e4iskasvanute koolitaja, tase 5<\/p>\n\n\n\n<p>K\u00f5rgharidus: sotsiaalvaldkonna ja personalijuhtimise erialal<\/p>\n\n\n\n<p>Rohkem kui 30-aastane t\u00f6\u00f6kogemus sotsiaalvaldkonnas ning \u00fcle 10 aasta kogemust t\u00e4iskasvanute koolitamisel.<\/p>\n\n\n\n<p>2025. aastal kuulutati Jevgenia Vanhonen 2024. aasta sotsiaalt\u00f6\u00f6taja laureaadiks Eestis.<\/p>\n\n\n\n<p>T\u00f6\u00f6tab SA Narva Haiglas sotsiaalt\u00f6\u00f6tajana, pakkudes sotsiaaln\u00f5ustamist ja tuge keerulistes tervise- ja sotsiaalsetes olukordades.<\/p>\n\n\n\n<p>Eesti Sotsiaalt\u00f6\u00f6 Assotsiatsiooni (ESTA) Ida-Eesti piirkondliku \u00fchenduse juhatuse liige, panustades sotsiaalt\u00f6\u00f6 arendamisse ja erialasesse koost\u00f6\u00f6sse.<\/p>\n\n\n\n<p><strong>Valentina Drosova \u2013 <\/strong><\/p>\n\n\n\n<ul class=\"wp-block-list\">\n<li>Meditsiiniline haridus erialal\u00a0<strong>\u00f5endus\u00f5pe (\u00f5de)<\/strong>.<\/li>\n\n\n\n<li>Magistrikraad pedagoogikas.<\/li>\n\n\n\n<li>Pikaajaline t\u00f6\u00f6kogemus meditsiiniettev\u00f5tete juhtivatel ametikohtadel.<\/li>\n\n\n\n<li><strong>T\u00f6\u00f6tab abi\u00f5ena hooldekodus<\/strong>.<\/li>\n\n\n\n<li>L\u00f5petanud koolituse\u00a0<strong>\u201eT\u00e4iskasvanute koolitaja\u201c (180 akadeemilist tundi)<\/strong>\u00a02021. aastal.<\/li>\n\n\n\n<li>T\u00e4iskasvanute koolitamise kogemus \u00fcle 3 aasta.<\/li>\n<\/ul>\n\n\n\n<p><strong>Irina Moskvitina<\/strong>&nbsp;\u2013 K\u00f5rgharidus: jurist&nbsp;(magistrikraad), 26 aastat t\u00f6\u00f6kogemust sotsiaalvaldkonnas, t\u00e4iskasvanutu koolitaja, tase 4. T\u00e4iskasvanute koolitamise kogemus \u00fcle 20 aasta.<\/p>\n\n\n\n<p><strong>Irina Savitskaja \u2013&nbsp;<\/strong>Tallinna Kerget\u00f6\u00f6stustehnikum-keskeriharidus (kvalifikatsioon- &nbsp;raamatupidaja), t\u00f6\u00f6kogemus raamatupidajana ~40 aastat. T\u00e4iskasvanute koolitamise kogemus \u00fcle 6 aasta.<\/p>\n\n\n\n<p><strong>Iuliia Martynova<\/strong>&nbsp;\u2013 l\u00f5petanud Sankt-Peterburi \u00f6konoomika ja finantside \u00fclikooli (Finantsid ja laeunud, magister), t\u00f6\u00f6kogemus finantsjuhina ~ 5 a. T\u00e4iskasvanute koolitamise kogemus \u00fcle 5 aasta.<\/p>\n\n\n\n<p><\/p>\n","protected":false},"excerpt":{"rendered":"<p>&nbsp;Koolitaja kvalifikatsiooni ja t\u00f6\u00f6kogemuse kirjeldus Vladimir Gruzdev K\u00f5rgharidus: \u00f6konomist, vanemraamadupidaja, pikaajaline t\u00f6\u00f6kogemus ettev\u00f5tte majanduse ja juhtimise alal, ettev\u00f5tja. T\u00e4iskasvanute koolitamise kogemus \u00fcle 5 aasta. Julia Grigorjeva&#8211; Koolitaja, kes on l\u00e4bitud Tallinna Tervisehoiu K\u00f5rkooli \u00f5e eriala p\u00f5hi\u00f5pet ja intensiiv\u00f5enduse eriala koolitust. Koolitaja t\u00f6\u00f6tab kiirabis. EPR Esmaabi \u00f5petaja koolitus, tunnistuse nr. KB_EA2021-20. T\u00e4iskasvanute koolitamise kogemus \u00fcle 5 aasta. Andrei Goncharov\u2014 [&hellip;]<\/p>\n","protected":false},"author":1,"featured_media":0,"parent":0,"menu_order":0,"comment_status":"closed","ping_status":"closed","template":"","meta":{"footnotes":""},"class_list":["post-867","page","type-page","status-publish","hentry"],"_links":{"self":[{"href":"https:\/\/ecomengrad.eu\/ee\/wp-json\/wp\/v2\/pages\/867","targetHints":{"allow":["GET"]}}],"collection":[{"href":"https:\/\/ecomengrad.eu\/ee\/wp-json\/wp\/v2\/pages"}],"about":[{"href":"https:\/\/ecomengrad.eu\/ee\/wp-json\/wp\/v2\/types\/page"}],"author":[{"embeddable":true,"href":"https:\/\/ecomengrad.eu\/ee\/wp-json\/wp\/v2\/users\/1"}],"replies":[{"embeddable":true,"href":"https:\/\/ecomengrad.eu\/ee\/wp-json\/wp\/v2\/comments?post=867"}],"version-history":[{"count":49,"href":"https:\/\/ecomengrad.eu\/ee\/wp-json\/wp\/v2\/pages\/867\/revisions"}],"predecessor-version":[{"id":8289,"href":"https:\/\/ecomengrad.eu\/ee\/wp-json\/wp\/v2\/pages\/867\/revisions\/8289"}],"wp:attachment":[{"href":"https:\/\/ecomengrad.eu\/ee\/wp-json\/wp\/v2\/media?parent=867"}],"curies":[{"name":"wp","href":"https:\/\/api.w.org\/{rel}","templated":true}]}}