{"id":87,"date":"2018-04-24T16:22:04","date_gmt":"2018-04-24T13:22:04","guid":{"rendered":"https:\/\/yellowbus.ee\/?page_id=87"},"modified":"2020-09-17T17:55:55","modified_gmt":"2020-09-17T14:55:55","slug":"pohikiri","status":"publish","type":"page","link":"https:\/\/ecomengrad.eu\/ee\/pohikiri\/","title":{"rendered":""},"content":{"rendered":"<p>KINNITAN<br data-rich-text-line-break=\"true\" \/>Vladimir Gruzdev<br data-rich-text-line-break=\"true\" \/>Juhatuse esimees<br data-rich-text-line-break=\"true\" \/>O\u00dc ECOMENGRAD<br \/>\nECOMENGRAD \u00f5ppekeskuse P\u00d5HIKIRI<br \/>\n1. \u00dclds\u00e4tted<br \/>\n1.1.O\u00dc \u201eECOMENGRAD\u201d(edaspidi pidaja), registrikood 14348020 poolt asutatud erakooli nimi on ECOMENGRAD \u00d5ppekeskus (edaspidi Kool).<br \/>\n1.2. Kool on t\u00e4iskasvanute koolitusasutus.<br \/>\n1.3. Kooli asukoht on Eesti Vabariik, Sillam\u00e4e.<br \/>\n1.4. Kooli \u00f5ppet\u00f6\u00f6 toimub \u00f5ppet\u00f6\u00f6ks sobivates, renditavates ruumides, kus koolitus l\u00e4bi viiakse.<br \/>\nOrganisatsioonisisesed koolitused viiakse l\u00e4bi koolituse tellija koolitusruumides \u00fcle Eesti.<br \/>\n1.5. Kool on koolitusasutus, kus t\u00e4iskasvanute koolituse \u00f5ppekava alusel viiakse l\u00e4bi \u00fchiskonnas vajatavaid t\u00f6\u00f6alaseid ja vabahariduslikke koolitusi, kursuseid, \u00f5ppep\u00e4evi, seminare, konverentse ja muid taolisi \u00fcritusi.<br \/>\n1.6. Kool korraldab erimahulisi koolitusi tellijatele, kelleks v\u00f5ivad olla nii f\u00fc\u00fcsilised kui ka juriidilised isikud.<br \/>\n1.7. Kooli \u00f5ppet\u00f6\u00f6 toimub vene keeles v\u00f5i v\u00f5\u00f5rkeeles.<br \/>\n1.8. Kooli asjaajamiskeeleks on eesti keel ja vene keel<br \/>\n2. Kooli struktuur<br \/>\n2.1. Kooli juhataja on Osa\u00fchingu juhatuse esimees v\u00f5i Osa\u00fchingu juhatuse otsusega m\u00e4\u00e4ratud isik.<br \/>\n2.2. Juhatajale alluvad \u00f5petajad, lektorid, projektijuhid.<br \/>\n2.3. Koolil v\u00f5ivad olla filiaalid ja esindused.<br \/>\n3. Juhataja p\u00e4devus ning \u00fclesanded, tema m\u00e4\u00e4ramise ja tagasikutsumise kord ja volituste kestvus<br \/>\n3.1. Kooli juhataja p\u00e4devus:<br \/>\n3.1.1. Kooli juhataja juhib kooli. Vastutab oma p\u00e4devuse piires \u00f5ppetegevuse ja muude koolis l\u00e4biviidavate tegevuste, kooli \u00fcldseisundi ja arengu ning rahaliste ja varaliste vahendite sihip\u00e4rase ja otstarbeka kasutamise eest.<br \/>\n3.2. Kooli juhataja \u00fclesanded:<br \/>\n3.2.1. Kooli juhataja esindab kooli ja tegutseb kooli nimel, teeb kooli eelarve piires tehinguid, mis on seotud tema \u00fclesannete t\u00e4itmisega.<br \/>\n3.2.2. Kooli juhataja esitab pidajale kord kuue kuu jooksul \u00fclevaate kooli \u00f5ppetegevusest, majanduslikust seisundist, \u00f5ppemaksudest laekunud raha kasutamisest ja sihtotstarbelisest toetusest laekunud rahaliste vahendite kasutamisest.<br \/>\n3.2.3. Kooli juhataja teatab pidajale viivituseta kooli majandusliku seisundi olulisest<br \/>\nhalvenemisest ja j\u00e4relevalveorgani tehtud ettekirjutustest.<br \/>\n3.2.4. Kooli juhataja juhib \u00f5ppet\u00f6\u00f6d, vastutab \u00f5petajate p\u00e4devuse, \u00f5ppet\u00f6\u00f6 kvaliteedi ja kooli arengu eest, j\u00e4rgides pidaja seaduslikke korraldusi.<br \/>\n3.3. Kooli juhataja esitab p\u00f5hikirja muutmisettepanekud kinnitamiseks pidajale.<br \/>\n3.4. Kooli juhataja annab oma p\u00e4devuse piires k\u00e4skkirju.<br \/>\n3.5. Kooli juhataja m\u00e4\u00e4ramise ja tagasikutsumise otsustab pidaja. Juhataja m\u00e4\u00e4ratakse ametisse kuni viieks aastaks.<br \/>\n3.6. Pidaja v\u00f5ib kooli juhataja s\u00f5ltumata p\u00f5hjusest tagasi kutsuda seaduses etten\u00e4htud alustel.<br \/>\nKooli juhataja v\u00f5ib tagasi astuda s\u00f5ltumata p\u00f5hjusest isikliku sooviavalduse alusel.<br \/>\n4. P\u00f5hikirja muutmise kord<br \/>\n4.1. Kooli p\u00f5hikirja muudatused kinnitab pidaja.<br \/>\n5. \u00d5ppekorralduse alused<br \/>\n5.1. \u00d5ppekorralduse aluseks on kooli pidaja poolt kinnitatud ning Haridus- ja<br \/>\nteadusministeeriumis registreeritud \u00f5ppekavad.<br \/>\n5.2. \u00d5ppekava on \u00f5pingute alusdokument, kus on m\u00e4\u00e4ratletud:<br \/>\n5.2.1 \u00f5ppe eesm\u00e4rgid ja \u00f5ppeaja kestvus,<br \/>\n5.2.2 \u00f5pingute alustamise tingimused,<br \/>\n5.2.3 \u00f5ppekava nimetus,<br \/>\n5.2.4 \u00f5ppekeel,<br \/>\n5.2.5 \u00f5ppekava maht, sealhulgas iseseisva t\u00f6\u00f6 osakaal,<br \/>\n5.2.6 \u00f5ppekava sisu kirjeldus koos \u00f5petatavate koolitajate nimedega,<br \/>\n5.2.7 \u00f5pingute l\u00f5petamise n\u00f5uded,<br \/>\n5.2.8 \u00f5ppekava eduka l\u00e4bimise korral omandatavad teadmised ja oskused;<br \/>\n5.2.9 \u00f5ppekavas seatud eesm\u00e4rkide t\u00e4itmiseks ja oskuste omandamiseks vajalike \u00f5pperuumide, sisustuse ja seadmete kirjeldus ning nende vastavus \u00f5igusaktides s\u00e4testatud tervisekaitsen\u00f5uetele, kui need on kehtestatud.<br \/>\n5.3. \u00d5ppet\u00f6\u00f6d viiakse l\u00e4bi kursuste, \u00f5ppep\u00e4evade, konverentside ja seminaride vormis (edaspidi kursus).<br \/>\n5.4. \u00d5pe v\u00f5ib toimuda v\u00e4ljaspool kooli ruume.<br \/>\n6. \u00d5pilase kooli vastuv\u00f5tmise, koolist v\u00e4ljaarvamise ja kooli l\u00f5petamise kord<br \/>\n6.1. Kooli v\u00f5ivad \u00f5ppima asuda t\u00e4iskasvanud alates 18.eluaastast.<br \/>\nErikursustele (vabahariduskursustele) v\u00f5etakse ka nooremaid \u00f5pilasi. \u00d5ppima asuja eelneva haridustaseme n\u00f5uded m\u00e4\u00e4ratletakse \u00f5ppekavas.<br \/>\n6.2. \u00d5ppija v\u00f5etakse Kooli vastu isikliku leppingu alusel. Kooli vastuv\u00f5tmist t\u00f5endab Kooli juhataja ja \u00f5ppija v\u00f5i klientfirma esindaja poolt allakirjutatud lepping, millele kantakse koolituse<br \/>\n\u00f5ppekava nimetus, koht ja \u00f5ppemaksu suurus ning selle maksmise tingimused.<br \/>\n6.3. \u00d5ppija arvatakse kursuselt v\u00e4lja juhataja otsusel:<br \/>\n6.3.1. ebav\u00e4\u00e4rika k\u00e4itumise korral;<br \/>\n6.3.2. m\u00f5juva p\u00f5hjuseta \u00f5ppemaksu tasumata j\u00e4tmise korral;<br \/>\n6.3.3. omal soovil;<br \/>\n6.3.4. kursuse l\u00f5petamise korral.<br \/>\n6.4. Juhataja otsuse peale kursuslase \u00d5ppekeskusest v\u00e4ljaarvamise kohta v\u00f5ib esitada kaebuse<br \/>\n\u00d5ppekeskuse n\u00f5ukogule k\u00fcmne p\u00e4eva jooksul arvates otsuse teatavaks tegemise p\u00e4evast.<br \/>\n\u00d5ppekeskuse n\u00f5ukogu lahendab \u00f5ppekeskusest v\u00e4ljaarvamise otsusele esitatud kaebuse \u00fche kuu jooksul arvates selle esitamisest.<br \/>\n6.5. Kursus loetakse l\u00e4bituks p\u00e4rast vastava \u00f5ppekava t\u00e4itmist t\u00e4ies mahus.<br \/>\n6.6. Kooli l\u00f5petamist t\u00f5endab kooli tunnistus.<br \/>\n7. \u00d5pilase \u00f5igused ja kohustused<br \/>\n7.1. \u00d5pilasel on \u00f5igus:<br \/>\n7.1.1. saada \u00f5ppekavas etten\u00e4htud \u00f5pet;<br \/>\n7.1.2. saada heatasemelist haridust;<br \/>\n7.1.3. olla informeeritud koolis toimuvast \u00f5ppetegevusest, saada teavet \u00f5ppekorralduse, \u00f5ppekava ja p\u00f5hikirja kohta;<br \/>\n7.1.4. teha ettepanekuid Kooli t\u00f6\u00f6 paremaks korraldamiseks ja \u00f5ppekavadesse muudatuste tegemiseks;<br \/>\n7.1.5. n\u00f5uda \u00f5ppemaksu tagastamist kooli s\u00fc\u00fcl \u00e4raj\u00e4\u00e4nud \u00f5ppetundide eest;<br \/>\n7.1.6. lahkuda omal soovil enne \u00f5ppeperioodi l\u00f5ppu, kusjuures sel juhul \u00f5ppemaksu ei tagastata.<br \/>\n7.2. \u00d5pilane on kohustatud:<br \/>\n7.2.1. t\u00e4itma \u00f5ppekava n\u00f5udeid;<br \/>\n7.2.2. tasuma \u00f5ppemaksu vastavalt juhataja ja \u00f5pilase vahelisele kokkuleppele;<br \/>\n7.2.3. j\u00e4rgima kursuse kodukorda;<br \/>\n7.2.4. t\u00e4itma kooli ja \u00f5pilase vahel s\u00f5lmitud lepingu tingimusi.<br \/>\n8. Koolitajate \u00f5igused ja kohustused<br \/>\n8.1. Kooli koolitajad peavad omama v\u00e4hemalt kesk erialast haridust.<br \/>\n8.2. Koolitajate \u00f5igused ja kohustused kirjeldatakse t\u00f6\u00f6v\u00f5tulepingus.<br \/>\n8.3. Koolitajate peamisteks kohustusteks on:<br \/>\n8.3.1. \u00f5pilase \u00f5petamine l\u00e4htudes p\u00fcstitatud eesm\u00e4rkidest;<br \/>\n8.3.2. tagada \u00f5pilastele v\u00f5imalused \u00f5ppekava t\u00e4itmiseks;<br \/>\n8.3.3. luua \u00f5ppekeskkond, mis tugineb \u00f5pilase ja pedagoogide vastastikul lugupidamisel, teineteise m\u00f5istmisel ning koost\u00f6\u00f6l;<br \/>\n8.3.4. tagada kooli h\u00e4ireteta t\u00f6\u00f6 ning vara s\u00e4ilimine ja korrasolek.<br \/>\n8.4. Koolitajatel on \u00f5igus:<br \/>\n8.4.1. n\u00f5uda \u00f5ppet\u00f6\u00f6ks kokku lepitud tingimuste, sealhulgas \u00f5ppet\u00f6\u00f6ks vajalike ruumide, \u00f5ppevahendite ning tehniliste abivahendite olemasolu;<br \/>\n8.4.2 saada kooli juhatajalt teavet \u00f5ppet\u00f6\u00f6 korraldamise kohta ja esitada ettepanekuid \u00f5ppet\u00f6\u00f6 korraldamise parendamiseks.<br \/>\n9. Teiste t\u00f6\u00f6tajate \u00f5igused ja kohustused<br \/>\n9.1 Teistel t\u00f6\u00f6tajatel on k\u00f5ik t\u00f6\u00f6d reguleerivate \u00f5igusaktidega s\u00e4testatavad ning juhataja ja t\u00f6\u00f6taja vahelisest lepingust tulenevad \u00f5igused.<br \/>\n10. \u00d5ppemaks<br \/>\n10.1. Tasuliste koolituste \u00f5ppemaksu kalkulatsiooni koostab kooli juhataja ja kinnitab kooli pidaja.<br \/>\n10.2. \u00d5ppekavas toodud koolituse \u00f5ppemaksu piirid kehtestatakse v\u00e4hemalt 10 p\u00e4eva enne \u00f5ppet\u00f6\u00f6 algust.<br \/>\n10.3. \u00d5ppekavas mitte kirjeldatud kursuste, \u00f5ppep\u00e4evade ja koolitus\u00fcrituste \u00f5ppemaksu piirid kalkuleerivad ja kehtestavad projektijuhid ja kooli juhataja kooli pidaja kinnitusega.<br \/>\n10.4. \u00d5ppemaksu suurus m\u00e4\u00e4ratletakse kooli ja \u00f5pilase vahelises lepingus.<br \/>\n10.5. \u00d5ppemaksust kedagi ei vabastata, soodustusi ja \u00f5ppetoetusi ei anta.<br \/>\n11. \u00d5ppekeskuse tegevuse l\u00f5petamine<br \/>\n11.1. Kooli pidaja on kohustatud algatama \u00f5igusaktides s\u00e4testatud korras kooli tegevuse l\u00f5petamise, kui:<br \/>\n11.1.1 pidaja suhtes on algatatud likvideerimismenetlus;<br \/>\n11.1.2 pidaja on v\u00f5tnud vastu otsuse, et kooli edasine tegevus on muutunud ebaotstarbekaks;<br \/>\n11.1.3 l\u00f5petamine on seadusega etten\u00e4htud.<br \/>\n11.2. Kooli tegevuse l\u00f5petamisest teatatakse \u00f5pilasele, t\u00f6\u00f6tajale ning Haridus- ja<br \/>\nTeadusministeeriumile v\u00e4hemalt neli kuud ette.<\/p>\n","protected":false},"excerpt":{"rendered":"<p>KINNITANVladimir GruzdevJuhatuse esimeesO\u00dc ECOMENGRAD ECOMENGRAD \u00f5ppekeskuse P\u00d5HIKIRI 1. \u00dclds\u00e4tted 1.1.O\u00dc \u201eECOMENGRAD\u201d(edaspidi pidaja), registrikood 14348020 poolt asutatud erakooli nimi on ECOMENGRAD \u00d5ppekeskus (edaspidi Kool). 1.2. Kool on t\u00e4iskasvanute koolitusasutus. 1.3. Kooli asukoht on Eesti Vabariik, Sillam\u00e4e. 1.4. Kooli \u00f5ppet\u00f6\u00f6 toimub \u00f5ppet\u00f6\u00f6ks sobivates, renditavates ruumides, kus koolitus l\u00e4bi viiakse. Organisatsioonisisesed koolitused viiakse l\u00e4bi koolituse tellija koolitusruumides \u00fcle Eesti. 1.5. Kool [&hellip;]<\/p>\n","protected":false},"author":1,"featured_media":0,"parent":0,"menu_order":0,"comment_status":"closed","ping_status":"closed","template":"","meta":{"footnotes":""},"class_list":["post-87","page","type-page","status-publish","hentry"],"_links":{"self":[{"href":"https:\/\/ecomengrad.eu\/ee\/wp-json\/wp\/v2\/pages\/87","targetHints":{"allow":["GET"]}}],"collection":[{"href":"https:\/\/ecomengrad.eu\/ee\/wp-json\/wp\/v2\/pages"}],"about":[{"href":"https:\/\/ecomengrad.eu\/ee\/wp-json\/wp\/v2\/types\/page"}],"author":[{"embeddable":true,"href":"https:\/\/ecomengrad.eu\/ee\/wp-json\/wp\/v2\/users\/1"}],"replies":[{"embeddable":true,"href":"https:\/\/ecomengrad.eu\/ee\/wp-json\/wp\/v2\/comments?post=87"}],"version-history":[{"count":7,"href":"https:\/\/ecomengrad.eu\/ee\/wp-json\/wp\/v2\/pages\/87\/revisions"}],"predecessor-version":[{"id":1971,"href":"https:\/\/ecomengrad.eu\/ee\/wp-json\/wp\/v2\/pages\/87\/revisions\/1971"}],"wp:attachment":[{"href":"https:\/\/ecomengrad.eu\/ee\/wp-json\/wp\/v2\/media?parent=87"}],"curies":[{"name":"wp","href":"https:\/\/api.w.org\/{rel}","templated":true}]}}