{"id":90,"date":"2018-04-24T16:23:02","date_gmt":"2018-04-24T13:23:02","guid":{"rendered":"https:\/\/yellowbus.ee\/?page_id=90"},"modified":"2020-09-17T17:58:01","modified_gmt":"2020-09-17T14:58:01","slug":"vastuvottu-tingimused","status":"publish","type":"page","link":"https:\/\/ecomengrad.eu\/ee\/vastuvottu-tingimused\/","title":{"rendered":"Vastuv\u00f5tutingimused"},"content":{"rendered":"<p>Vastuv\u00f5tutingimused<br \/>\nErakooli v\u00f5ib astuda iga huvitatud isik 18 eluaastast.<\/p>\n<p>(O\u00dc ECOMENGRAD juhatuse otsus nr 180401, 25.04.2017)<\/p>\n<p>\u00d5pilase kooli vastuv\u00f5tmise, huvikoolist v\u00e4ljaarvamise ja huvikooli l\u00f5petamise kord<br \/>\n1. \u00d5ppija v\u00f5etakse Kooli vastu isikliku leppingu alusel. Kooli vastuv\u00f5tmist t\u00f5endab Kooli direktor ja \u00f5ppija v\u00f5i klientfirma esindaja poolt allakirjutatud lepping, millele kantakse koolituse \u00f5ppekava nimetus, koht ja \u00f5ppemaksu suurus ning selle maksmise tingimused.<br \/>\n2. \u00d5ppija arvatakse kursuselt v\u00e4lja juhataja otsusel:<br \/>\n\uf0b7 ebav\u00e4\u00e4rika k\u00e4itumise korral;<br \/>\n\uf0b7 m\u00f5juva p\u00f5hjuseta \u00f5ppemaksu tasumata j\u00e4tmise korral;<br \/>\n\uf0b7 omal soovil;<br \/>\n\uf0b7 kursuse l\u00f5petamise korral.<br \/>\n3. Juhataja otsuse peale kursuslase \u00d5ppekeskusest v\u00e4ljaarvamise kohta v\u00f5ib esitada kaebuse Koolituskeskuse n\u00f5ukogule k\u00fcmne p\u00e4eva jooksul arvates otsuse teatavaks tegemise p\u00e4evast.<br \/>\nKoolituskeskuse n\u00f5ukogu lahendab koolituskeskusest v\u00e4ljaarvamise otsusele esitatud kaebuse \u00fche kuu jooksul arvates selle esitamisest.<br \/>\n4. Kursus loetakse l\u00e4bituks p\u00e4rast vastava \u00f5ppekava t\u00e4itmist t\u00e4ies mahus.<br \/>\n5. Kooli l\u00f5petamist t\u00f5endab Kooli l\u00f5pudokument, milles kajastatakse koolis \u00f5ppimise aeg ja l\u00e4bitud \u00f5ppeainete loend.<br \/>\n\u00d5ppetasu arvestatakse l\u00e4htuvalt j\u00e4rgnevatest kuluartiklitest<br \/>\n\uf0b7 \u00f5ppekavas etten\u00e4htud \u00f5ppeainete ja ainetundide rahastamine,<br \/>\n\uf0b7 kooli halduskulude finantseerimine ulatuses<br \/>\n\uf0b7 \u00f5ppevahendite soetamine;<br \/>\n\uf0b7 \u00f5pikeskkonna parandamine;<br \/>\n\u00d5ppetasu m\u00e4\u00e4rad:<br \/>\n\u00d5ppetasu sisaldab k\u00f5iki koolitustegevusega seotud kulusid.<br \/>\n\u00d5ppetasu soodustused on j\u00e4rgmised:<br \/>\nk\u00f5ik soodustused m\u00e4\u00e4ratakse individuaalselt Kooli ja Tellija kokkuleppel ja fikseeritakse Kooli ja Tellija omavahelises leppingus.<br \/>\nTasumise t\u00e4htajad kuumakse puhul:<br \/>\n1. Tellija maksab Kursuste tasu vastavalt Kooli ja Tellija s\u00f5lmitud lepingule.<br \/>\nV\u00f5imalik on maksta ka terve aasta eest korraga.<br \/>\nTasumise t\u00e4pne kord m\u00e4\u00e4ratletakse kooli ja tellija vahelises lepingus. \u00d5ppemaksu tasumine toimub O\u00dc ECOMENGRAD kontole EE312200221067866998<br \/>\nVastavalt Eesti Vabariigi seadusandlusele saab \u00f5ppemaksuks tasutud summalt tulumaksu j\u00e4rgmisel aastal tagasi.<\/p>\n","protected":false},"excerpt":{"rendered":"<p>Vastuv\u00f5tutingimused Erakooli v\u00f5ib astuda iga huvitatud isik 18 eluaastast. (O\u00dc ECOMENGRAD juhatuse otsus nr 180401, 25.04.2017) \u00d5pilase kooli vastuv\u00f5tmise, huvikoolist v\u00e4ljaarvamise ja huvikooli l\u00f5petamise kord 1. \u00d5ppija v\u00f5etakse Kooli vastu isikliku leppingu alusel. Kooli vastuv\u00f5tmist t\u00f5endab Kooli direktor ja \u00f5ppija v\u00f5i klientfirma esindaja poolt allakirjutatud lepping, millele kantakse koolituse \u00f5ppekava nimetus, koht ja \u00f5ppemaksu suurus ning selle maksmise [&hellip;]<\/p>\n","protected":false},"author":1,"featured_media":0,"parent":0,"menu_order":0,"comment_status":"closed","ping_status":"closed","template":"","meta":{"footnotes":""},"class_list":["post-90","page","type-page","status-publish","hentry"],"_links":{"self":[{"href":"https:\/\/ecomengrad.eu\/ee\/wp-json\/wp\/v2\/pages\/90","targetHints":{"allow":["GET"]}}],"collection":[{"href":"https:\/\/ecomengrad.eu\/ee\/wp-json\/wp\/v2\/pages"}],"about":[{"href":"https:\/\/ecomengrad.eu\/ee\/wp-json\/wp\/v2\/types\/page"}],"author":[{"embeddable":true,"href":"https:\/\/ecomengrad.eu\/ee\/wp-json\/wp\/v2\/users\/1"}],"replies":[{"embeddable":true,"href":"https:\/\/ecomengrad.eu\/ee\/wp-json\/wp\/v2\/comments?post=90"}],"version-history":[{"count":11,"href":"https:\/\/ecomengrad.eu\/ee\/wp-json\/wp\/v2\/pages\/90\/revisions"}],"predecessor-version":[{"id":1973,"href":"https:\/\/ecomengrad.eu\/ee\/wp-json\/wp\/v2\/pages\/90\/revisions\/1973"}],"wp:attachment":[{"href":"https:\/\/ecomengrad.eu\/ee\/wp-json\/wp\/v2\/media?parent=90"}],"curies":[{"name":"wp","href":"https:\/\/api.w.org\/{rel}","templated":true}]}}